{"id":18433,"date":"2024-07-23T16:35:22","date_gmt":"2024-07-23T14:35:22","guid":{"rendered":"https:\/\/laverteshop.fr\/?post_type=product&#038;p=18433"},"modified":"2025-07-15T15:51:53","modified_gmt":"2025-07-15T13:51:53","slug":"kannacheese-greenhouse-t-p-12","status":"publish","type":"product","link":"https:\/\/laverteshop.fr\/pt\/produto\/kannacheese-greenhouse-t-p-12\/","title":{"rendered":"Lemon Skunk Interior"},"content":{"rendered":"<p>Mais mol\u00e9culas neo? N\u00e3o h\u00e1 problema! Estamos empenhados em oferecer-lhe o melhor do CBD su\u00ed\u00e7o<\/p>\n<p>Comme l&rsquo;\u00eendique son nom, la Lemon Skunk Indoor provient d&rsquo;une culture en int\u00e9rieur, qui garantit les meilleurs niveaux de temp\u00e9rature, luminosit\u00e9 et humidit\u00e9. Elle provient d&rsquo;un m\u00e9lange de 2 g\u00e9n\u00e9tiques \u00e0 fort caract\u00e8re terp\u00e9nique, la Lemon Haze et la Super Skunk. Cela vous offre donc une fleur tr\u00e8s citronn\u00e9e, mais \u00e9galement avec un arri\u00e8re go\u00fbt bois\u00e9 qui la rend particuli\u00e8re et attirante.<\/p>\n<p>Flores compactas, cheias de pistilos polinizados brancos, e um perfume que agradar\u00e1 a todos os amantes das flores frutadas do tipo Lemon. A n\u00e3o perder!<\/p>\n<p>Os nossos produtos s\u00e3o de qualidade su\u00ed\u00e7a certificada pela CBD. O mais importante para n\u00f3s \u00e9 poder fornecer-lhe flores e resinas de excelente valor, a pre\u00e7os acess\u00edveis e aceit\u00e1veis, e dentro dos n\u00edveis permitidos pelo CJEU (&lt;0,3% THC).<\/p>\n<p>O que voc\u00ea pode fazer com esses produtos? Infus\u00f5es relaxantes, para melhorar o seu sono, potpourri para impregnar a sua casa com um aroma natural, ou pode us\u00e1-las na sua comida se desejar (saladas, molhos, condimentos).<\/p>\n<p>Aconselhamo-lo a consultar o seu m\u00e9dico, que poder\u00e1 aconselh\u00e1-lo sobre o melhor uso para a sua CDB.<\/p>","protected":false},"excerpt":{"rendered":"<p>Pour pallier \u00e0 l&rsquo;interdiction des n\u00e9o mol\u00e9cules, nous avons d\u00e9cid\u00e9 de vous proposer le meilleur du CBD Suisse. Cette Lemon Skunk Indoor, comme l&rsquo;indique son nom, est un m\u00e9lange des g\u00e9n\u00e9tiques Lemon Haze et Super Skunk. Une culture en int\u00e9rieur, par des professionnels de la culture, qui assure une top qualit\u00e9.<\/p>\n<p>Esta flor ir\u00e1 deliciar-te com as suas notas de lim\u00e3o e bot\u00f5es grandes. Se gostas de flores de lim\u00e3o, ent\u00e3o vais apaixonar-te por esta nova Lemon Skunk Indoor. Com um teor de CBD de 18%, vais adorar.<\/p>\n<p>E se gostou dos nossos \u00faltimos lan\u00e7amentos, ver\u00e1 que a qualidade continua a ser elevada.<\/p>\n<table style=\"border-collapse: collapse; width: 192px; height: 205px;\" border=\"1\">\n<tbody>\n<tr>\n<td style=\"width: 50%; text-align: center;\"><strong>THC<\/strong><\/td>\n<td style=\"width: 50%; text-align: center;\"><strong>0.28 %<\/strong><\/td>\n<\/tr>\n<tr>\n<td style=\"width: 50%; text-align: center;\"><b>CDB<\/b><\/td>\n<td style=\"width: 50%; text-align: center;\"><strong>18 %<\/strong><\/td>\n<\/tr>\n<tr>\n<td style=\"width: 50%; text-align: center;\"><b>CBG<\/b><\/td>\n<td style=\"width: 50%; text-align: center;\"><strong>n.d.<\/strong><\/td>\n<\/tr>\n<tr>\n<td style=\"width: 50%; text-align: center;\"><b>Cultura<\/b><\/td>\n<td style=\"width: 50%; text-align: center;\"><strong>Estufa<\/strong><\/td>\n<\/tr>\n<\/tbody>\n<\/table>","protected":false},"featured_media":18437,"comment_status":"open","ping_status":"closed","template":"","meta":{"inline_featured_image":false},"product_brand":[75],"product_cat":[58,253],"product_tag":[220,299],"class_list":{"0":"post-18433","1":"product","2":"type-product","3":"status-publish","4":"has-post-thumbnail","6":"product_brand-la-verte","7":"product_cat-fleurs","8":"product_cat-indoor","9":"product_tag-fleurs-cbd","10":"product_tag-fleurs-indoor","12":"first","13":"outofstock","14":"taxable","15":"shipping-taxable","16":"purchasable","17":"product-type-variable"},"jetpack_sharing_enabled":true,"_links":{"self":[{"href":"https:\/\/laverteshop.fr\/pt\/wp-json\/wp\/v2\/product\/18433","targetHints":{"allow":["GET"]}}],"collection":[{"href":"https:\/\/laverteshop.fr\/pt\/wp-json\/wp\/v2\/product"}],"about":[{"href":"https:\/\/laverteshop.fr\/pt\/wp-json\/wp\/v2\/types\/product"}],"replies":[{"embeddable":true,"href":"https:\/\/laverteshop.fr\/pt\/wp-json\/wp\/v2\/comments?post=18433"}],"wp:featuredmedia":[{"embeddable":true,"href":"https:\/\/laverteshop.fr\/pt\/wp-json\/wp\/v2\/media\/18437"}],"wp:attachment":[{"href":"https:\/\/laverteshop.fr\/pt\/wp-json\/wp\/v2\/media?parent=18433"}],"wp:term":[{"taxonomy":"product_brand","embeddable":true,"href":"https:\/\/laverteshop.fr\/pt\/wp-json\/wp\/v2\/product_brand?post=18433"},{"taxonomy":"product_cat","embeddable":true,"href":"https:\/\/laverteshop.fr\/pt\/wp-json\/wp\/v2\/product_cat?post=18433"},{"taxonomy":"product_tag","embeddable":true,"href":"https:\/\/laverteshop.fr\/pt\/wp-json\/wp\/v2\/product_tag?post=18433"}],"curies":[{"name":"wp","href":"https:\/\/api.w.org\/{rel}","templated":true}]}}