{"id":18423,"date":"2024-07-23T16:06:31","date_gmt":"2024-07-23T14:06:31","guid":{"rendered":"https:\/\/laverteshop.fr\/?post_type=product&#038;p=18423"},"modified":"2025-12-31T00:32:36","modified_gmt":"2025-12-30T23:32:36","slug":"kannacheese-greenhouse-t-p-10","status":"publish","type":"product","link":"https:\/\/laverteshop.fr\/pt\/produto\/kannacheese-greenhouse-t-p-10\/","title":{"rendered":"Bolo de casamento interior"},"content":{"rendered":"<p>Alerte P\u00c9PITE ! Pour pallier \u00e0 l&rsquo;interdiction des n\u00e9o-mol\u00e9cules, nous vous offrons le meilleur du CBD Suisse.<\/p>\n<p>Rec\u00e9m-chegada e um verdadeiro achado de beleza, a Wedding Cake Indoor \u00e9 uma flor compacta, cheia de p\u00f3len, por isso \u00e9 verde-claro com bonitos reflexos roxos, fazendo lembrar as flores Cupcake e Gorilla Glue, que s\u00e3o algumas das variedades mais populares de CBD e THC.<\/p>\n<p>Lors de l&rsquo;ouverture du pochon, vous serez pris par cette belle odeur florale, m\u00eal\u00e9e de notes fruit\u00e9es, mais un c\u00f4t\u00e9 terreux qui affirme son caract\u00e8re. Une top fleur de culture indoor, avec un taux de CBD plut\u00f4t \u00e9lev\u00e9 (plus de 20%). Si vous avez aim\u00e9 nos derni\u00e8res additions \u00e0 nos fleurs indoors, cette Wedding Cake va devenir votre nouvelle fleur favorite !<\/p>\n<p>Os nossos produtos s\u00e3o de qualidade su\u00ed\u00e7a certificada pela CBD. O mais importante para n\u00f3s \u00e9 poder fornecer-lhe flores e resinas de excelente valor, a pre\u00e7os acess\u00edveis e aceit\u00e1veis, e dentro dos n\u00edveis permitidos pelo CJEU (&lt;0,3% THC).<\/p>\n<p>O que voc\u00ea pode fazer com esses produtos? Infus\u00f5es relaxantes, para melhorar o seu sono, potpourri para impregnar a sua casa com um aroma natural, ou pode us\u00e1-las na sua comida se desejar (saladas, molhos, condimentos).<\/p>\n<p>Aconselhamo-lo a consultar o seu m\u00e9dico, que poder\u00e1 aconselh\u00e1-lo sobre o melhor uso para a sua CDB.<\/p>","protected":false},"excerpt":{"rendered":"<p>Alerte P\u00c9PITE ! La Wedding Cake Indoor est notre nouvelle addition \u00e0 notre catalogue de fleurs indoor. Mais pas n&rsquo;importe quel ajout! On parle d&rsquo;une fleur absolument magnifique, excellement bien manucur\u00e9e, claire, avec des reflets violets tr\u00e8s legers mais qui la rend si sp\u00e9ciale. Compacte et facile a manier et \u00e9ffriter, on reconnait bien une culture indoor de qualit\u00e9 Suisse.<\/p>\n<p>Esta Wedding Cake Indoor ir\u00e1 deliciar-te com o seu teor relativamente elevado de CBD, garantindo um excelente relaxamento. Quando arde, nota-se uma fragr\u00e2ncia muito floral.<\/p>\n<p>Se gostou das nossas \u00faltimas novidades, ficar\u00e1 encantado com esta flor de qualidade.<\/p>\n<table style=\"border-collapse: collapse; width: 192px; height: 205px;\" border=\"1\">\n<tbody>\n<tr>\n<td style=\"width: 50%; text-align: center;\"><strong>THC<\/strong><\/td>\n<td style=\"width: 50%; text-align: center;\"><strong>0.28 %<\/strong><\/td>\n<\/tr>\n<tr>\n<td style=\"width: 50%; text-align: center;\"><b>CDB<\/b><\/td>\n<td style=\"width: 50%; text-align: center;\"><strong>&gt;20%<\/strong><\/td>\n<\/tr>\n<tr>\n<td style=\"width: 50%; text-align: center;\"><b>CBG<\/b><\/td>\n<td style=\"width: 50%; text-align: center;\"><strong>n.d.<\/strong><\/td>\n<\/tr>\n<tr>\n<td style=\"width: 50%; text-align: center;\"><b>Cultura<\/b><\/td>\n<td style=\"width: 50%; text-align: center;\"><strong>Indoor<\/strong><\/td>\n<\/tr>\n<\/tbody>\n<\/table>","protected":false},"featured_media":18427,"comment_status":"open","ping_status":"closed","template":"","meta":{"inline_featured_image":false},"product_brand":[75],"product_cat":[58,253],"product_tag":[220,299],"class_list":{"0":"post-18423","1":"product","2":"type-product","3":"status-publish","4":"has-post-thumbnail","6":"product_brand-la-verte","7":"product_cat-fleurs","8":"product_cat-indoor","9":"product_tag-fleurs-cbd","10":"product_tag-fleurs-indoor","12":"first","13":"instock","14":"taxable","15":"shipping-taxable","16":"purchasable","17":"product-type-variable"},"jetpack_sharing_enabled":true,"_links":{"self":[{"href":"https:\/\/laverteshop.fr\/pt\/wp-json\/wp\/v2\/product\/18423","targetHints":{"allow":["GET"]}}],"collection":[{"href":"https:\/\/laverteshop.fr\/pt\/wp-json\/wp\/v2\/product"}],"about":[{"href":"https:\/\/laverteshop.fr\/pt\/wp-json\/wp\/v2\/types\/product"}],"replies":[{"embeddable":true,"href":"https:\/\/laverteshop.fr\/pt\/wp-json\/wp\/v2\/comments?post=18423"}],"wp:featuredmedia":[{"embeddable":true,"href":"https:\/\/laverteshop.fr\/pt\/wp-json\/wp\/v2\/media\/18427"}],"wp:attachment":[{"href":"https:\/\/laverteshop.fr\/pt\/wp-json\/wp\/v2\/media?parent=18423"}],"wp:term":[{"taxonomy":"product_brand","embeddable":true,"href":"https:\/\/laverteshop.fr\/pt\/wp-json\/wp\/v2\/product_brand?post=18423"},{"taxonomy":"product_cat","embeddable":true,"href":"https:\/\/laverteshop.fr\/pt\/wp-json\/wp\/v2\/product_cat?post=18423"},{"taxonomy":"product_tag","embeddable":true,"href":"https:\/\/laverteshop.fr\/pt\/wp-json\/wp\/v2\/product_tag?post=18423"}],"curies":[{"name":"wp","href":"https:\/\/api.w.org\/{rel}","templated":true}]}}