{"id":18418,"date":"2024-07-23T15:52:35","date_gmt":"2024-07-23T13:52:35","guid":{"rendered":"https:\/\/laverteshop.fr\/?post_type=product&#038;p=18418"},"modified":"2026-04-06T12:09:00","modified_gmt":"2026-04-06T10:09:00","slug":"kannacheese-greenhouse-t-p-9","status":"publish","type":"product","link":"https:\/\/laverteshop.fr\/pt\/produto\/kannacheese-greenhouse-t-p-9\/","title":{"rendered":"Levantador Tangie Interior"},"content":{"rendered":"<p>Super nouveaut\u00e9 ! Pour pallier \u00e0 l&rsquo;interdiction des n\u00e9o-mol\u00e9cules, nous vous offrons le meilleur du CBD Suisse.<\/p>\n<p>La Tangie Lifter Indoor, que nous avions en mol\u00e9cul\u00e9 pr\u00e9c\u00e9demment, ravira tous nos amateurs de fleurs de qualit\u00e9. C&rsquo;est une culture indoor mais faite d&rsquo;une bouture qui m\u00e9lange 2 g\u00e9n\u00e9tiques, La Lifter et la Sour Tangie. Qui dit culture indoor dit conditions parfaites d&rsquo;humidit\u00e9, de temp\u00e9rature et de lumi\u00e8re lors de la culture. Elle est hybride car elle m\u00e9lange 2 g\u00e9n\u00e9tiques, ce qui la rend si sp\u00e9ciale.<\/p>\n<p>Un vert l\u00e9g\u00e8rement fonc\u00e9, et de jolis pistils oranges, ainsi qu&rsquo;une bud de grosse taille, bien compacte, ni trop s\u00e8che ni trop humide. A l&rsquo;ouverture du sachet, La Tangie Lifter Indoor vous r\u00e9jouira par son cot\u00e9 acidul\u00e9 provenant de la Sour Tangie. Lors de sa consommation, des notes exotiques de mangue se feront ressentir.<\/p>\n<p>Os nossos produtos s\u00e3o de qualidade su\u00ed\u00e7a certificada pela CBD. O mais importante para n\u00f3s \u00e9 poder fornecer-lhe flores e resinas de excelente valor, a pre\u00e7os acess\u00edveis e aceit\u00e1veis, e dentro dos n\u00edveis permitidos pelo CJEU (&lt;0,3% THC).<\/p>\n<p>O que voc\u00ea pode fazer com esses produtos? Infus\u00f5es relaxantes, para melhorar o seu sono, potpourri para impregnar a sua casa com um aroma natural, ou pode us\u00e1-las na sua comida se desejar (saladas, molhos, condimentos).<\/p>\n<p>Aconselhamo-lo a consultar o seu m\u00e9dico, que poder\u00e1 aconselh\u00e1-lo sobre o melhor uso para a sua CDB.<\/p>","protected":false},"excerpt":{"rendered":"<p>Alerta de novo produto! A Tangie Lifter, que anteriormente t\u00ednhamos em forma de neomol\u00e9cula, \u00e9 a mais recente adi\u00e7\u00e3o ao nosso cat\u00e1logo de flores de interior. Agora que as neomol\u00e9culas j\u00e1 n\u00e3o s\u00e3o autorizadas, estamos a oferecer o melhor do CBD su\u00ed\u00e7o.<\/p>\n<p>Une fleur magnifique, compacte, un vert plut\u00f4t fonc\u00e9, et orn\u00e9e de jolis pistils orang\u00e9s. La Tangie Lifter Indoor vous r\u00e9jouira par son cot\u00e9 acidul\u00e9 lors de l&rsquo;ouverture du sachet. Ses terp\u00e8nes Tangie sont bien pr\u00e9sents, et lors de la consommation, vous sentirez toute sa force. Une vraie fleur de caract\u00e8re, plut\u00f4t acidul\u00e9 et avec un arri\u00e8re go\u00fbt de fruits exotiques.<\/p>\n<p>Avis \u00e0 tous nos fid\u00e8les amateurs de fleurs top qualit\u00e9, cette Tangie Lifter est un \u00ab\u00a0must-try\u00a0\u00bb.<\/p>\n<table style=\"border-collapse: collapse; width: 192px; height: 205px;\" border=\"1\">\n<tbody>\n<tr>\n<td style=\"width: 50%; text-align: center;\"><strong>THC<\/strong><\/td>\n<td style=\"width: 50%; text-align: center;\"><strong>0.24 %<\/strong><\/td>\n<\/tr>\n<tr>\n<td style=\"width: 50%; text-align: center;\"><b>CDB<\/b><\/td>\n<td style=\"width: 50%; text-align: center;\"><strong>17 %<\/strong><\/td>\n<\/tr>\n<tr>\n<td style=\"width: 50%; text-align: center;\"><b>CBG<\/b><\/td>\n<td style=\"width: 50%; text-align: center;\"><strong>n.d.<\/strong><\/td>\n<\/tr>\n<tr>\n<td style=\"width: 50%; text-align: center;\"><b>Cultura<\/b><\/td>\n<td style=\"width: 50%; text-align: center;\"><strong>H\u00edbrido<\/strong><\/td>\n<\/tr>\n<\/tbody>\n<\/table>","protected":false},"featured_media":18422,"comment_status":"open","ping_status":"closed","template":"","meta":{"inline_featured_image":false},"product_brand":[75],"product_cat":[58,253],"product_tag":[220,300],"class_list":{"0":"post-18418","1":"product","2":"type-product","3":"status-publish","4":"has-post-thumbnail","6":"product_brand-la-verte","7":"product_cat-fleurs","8":"product_cat-indoor","9":"product_tag-fleurs-cbd","10":"product_tag-fleurs-hybride","12":"first","13":"instock","14":"taxable","15":"shipping-taxable","16":"purchasable","17":"product-type-variable"},"jetpack_sharing_enabled":true,"_links":{"self":[{"href":"https:\/\/laverteshop.fr\/pt\/wp-json\/wp\/v2\/product\/18418","targetHints":{"allow":["GET"]}}],"collection":[{"href":"https:\/\/laverteshop.fr\/pt\/wp-json\/wp\/v2\/product"}],"about":[{"href":"https:\/\/laverteshop.fr\/pt\/wp-json\/wp\/v2\/types\/product"}],"replies":[{"embeddable":true,"href":"https:\/\/laverteshop.fr\/pt\/wp-json\/wp\/v2\/comments?post=18418"}],"wp:featuredmedia":[{"embeddable":true,"href":"https:\/\/laverteshop.fr\/pt\/wp-json\/wp\/v2\/media\/18422"}],"wp:attachment":[{"href":"https:\/\/laverteshop.fr\/pt\/wp-json\/wp\/v2\/media?parent=18418"}],"wp:term":[{"taxonomy":"product_brand","embeddable":true,"href":"https:\/\/laverteshop.fr\/pt\/wp-json\/wp\/v2\/product_brand?post=18418"},{"taxonomy":"product_cat","embeddable":true,"href":"https:\/\/laverteshop.fr\/pt\/wp-json\/wp\/v2\/product_cat?post=18418"},{"taxonomy":"product_tag","embeddable":true,"href":"https:\/\/laverteshop.fr\/pt\/wp-json\/wp\/v2\/product_tag?post=18418"}],"curies":[{"name":"wp","href":"https:\/\/api.w.org\/{rel}","templated":true}]}}