{"id":18108,"date":"2024-05-30T17:32:29","date_gmt":"2024-05-30T15:32:29","guid":{"rendered":"https:\/\/laverteshop.fr\/?post_type=product&#038;p=18108"},"modified":"2026-04-12T16:09:59","modified_gmt":"2026-04-12T14:09:59","slug":"kannacheese-greenhouse-t-p-8","status":"publish","type":"product","link":"https:\/\/laverteshop.fr\/pt\/produto\/kannacheese-greenhouse-t-p-8\/","title":{"rendered":"Mango Haze Interior"},"content":{"rendered":"<p>Pour pallier a l&rsquo;interdiction des nouvelles mol\u00e9cules cannabino\u00efdes, nous avons ajout\u00e9 de superbes fleurs \u00e0 notre gamme, dont la Mango Haze Indoor<\/p>\n<p>Cette Mango Haze Indoor ravira tous nos amateurs de fleurs de qualit\u00e9. Elle provient d&rsquo;une culture en int\u00e9rieur, et donc aux conditions parfaites d&rsquo;humidit\u00e9, de temp\u00e9rature et de chaleur. Elle est fait en Suisse Al\u00e9manique, par des professionnels de la culture de fleurs de CBD de qualit\u00e9<\/p>\n<p>D&rsquo;une couleur verte claire, vous retrouverez de jolis pistils oranges, ainsi qu&rsquo;une bud de grosse taille, bien compacte, ni trop s\u00e8che ni trop humide. Lors de sa consommation, des notes exotiques de mangue se feront ressentir.<\/p>\n<p>Os nossos produtos s\u00e3o de qualidade su\u00ed\u00e7a certificada pela CBD. O mais importante para n\u00f3s \u00e9 poder fornecer-lhe flores e resinas de excelente valor, a pre\u00e7os acess\u00edveis e aceit\u00e1veis, e dentro dos n\u00edveis permitidos pelo CJEU (&lt;0,3% THC).<\/p>\n<p>O que voc\u00ea pode fazer com esses produtos? Infus\u00f5es relaxantes, para melhorar o seu sono, potpourri para impregnar a sua casa com um aroma natural, ou pode us\u00e1-las na sua comida se desejar (saladas, molhos, condimentos).<\/p>\n<p>Aconselhamo-lo a consultar o seu m\u00e9dico, que poder\u00e1 aconselh\u00e1-lo sobre o melhor uso para a sua CDB.<\/p>","protected":false},"excerpt":{"rendered":"<p>Cette Mango Haze Indoor est notre nouvelle addition \u00e0 notre catalogue de fleurs indoor. Maintenant que les nouvelles mol\u00e9cules ne sont plus autoris\u00e9es, nous voulons offrir des fleurs de CBD d&rsquo;excellente qualit\u00e9.<\/p>\n<p>Une fleur magnifique, compacte, verte clair, et orn\u00e9e de jolis pistils orang\u00e9s. Lors de l&rsquo;ouverture du sachet, vous d\u00e9couvrirez une joli odeur sucr\u00e9e et exotique, typique de la vari\u00e9t\u00e9 mango. Un taux de CBD plut\u00f4t \u00e9lev\u00e9 de 18%, qui assurera une relaxation non n\u00e9gligeable.<\/p>\n<p>Para todos os nossos f\u00e3s fi\u00e9is de flores de alta qualidade, a Mango Haze vai certamente agradar!<\/p>\n<table style=\"border-collapse: collapse; width: 192px; height: 205px;\" border=\"1\">\n<tbody>\n<tr>\n<td style=\"width: 50%; text-align: center;\"><strong>THC<\/strong><\/td>\n<td style=\"width: 50%; text-align: center;\"><strong>0.28 %<\/strong><\/td>\n<\/tr>\n<tr>\n<td style=\"width: 50%; text-align: center;\"><b>CDB<\/b><\/td>\n<td style=\"width: 50%; text-align: center;\"><strong>18 %<\/strong><\/td>\n<\/tr>\n<tr>\n<td style=\"width: 50%; text-align: center;\"><b>CBG<\/b><\/td>\n<td style=\"width: 50%; text-align: center;\"><strong>n.d.<\/strong><\/td>\n<\/tr>\n<tr>\n<td style=\"width: 50%; text-align: center;\"><b>Cultura<\/b><\/td>\n<td style=\"width: 50%; text-align: center;\"><strong>Indoor<\/strong><\/td>\n<\/tr>\n<\/tbody>\n<\/table>","protected":false},"featured_media":18105,"comment_status":"open","ping_status":"closed","template":"","meta":{"inline_featured_image":false},"product_brand":[75],"product_cat":[58,253],"product_tag":[220,299],"class_list":{"0":"post-18108","1":"product","2":"type-product","3":"status-publish","4":"has-post-thumbnail","6":"product_brand-la-verte","7":"product_cat-fleurs","8":"product_cat-indoor","9":"product_tag-fleurs-cbd","10":"product_tag-fleurs-indoor","12":"first","13":"instock","14":"taxable","15":"shipping-taxable","16":"purchasable","17":"product-type-variable"},"jetpack_sharing_enabled":true,"_links":{"self":[{"href":"https:\/\/laverteshop.fr\/pt\/wp-json\/wp\/v2\/product\/18108","targetHints":{"allow":["GET"]}}],"collection":[{"href":"https:\/\/laverteshop.fr\/pt\/wp-json\/wp\/v2\/product"}],"about":[{"href":"https:\/\/laverteshop.fr\/pt\/wp-json\/wp\/v2\/types\/product"}],"replies":[{"embeddable":true,"href":"https:\/\/laverteshop.fr\/pt\/wp-json\/wp\/v2\/comments?post=18108"}],"wp:featuredmedia":[{"embeddable":true,"href":"https:\/\/laverteshop.fr\/pt\/wp-json\/wp\/v2\/media\/18105"}],"wp:attachment":[{"href":"https:\/\/laverteshop.fr\/pt\/wp-json\/wp\/v2\/media?parent=18108"}],"wp:term":[{"taxonomy":"product_brand","embeddable":true,"href":"https:\/\/laverteshop.fr\/pt\/wp-json\/wp\/v2\/product_brand?post=18108"},{"taxonomy":"product_cat","embeddable":true,"href":"https:\/\/laverteshop.fr\/pt\/wp-json\/wp\/v2\/product_cat?post=18108"},{"taxonomy":"product_tag","embeddable":true,"href":"https:\/\/laverteshop.fr\/pt\/wp-json\/wp\/v2\/product_tag?post=18108"}],"curies":[{"name":"wp","href":"https:\/\/api.w.org\/{rel}","templated":true}]}}