{"id":18101,"date":"2024-05-30T17:16:59","date_gmt":"2024-05-30T15:16:59","guid":{"rendered":"https:\/\/laverteshop.fr\/?post_type=product&#038;p=18101"},"modified":"2026-04-12T11:45:08","modified_gmt":"2026-04-12T09:45:08","slug":"kannacheese-greenhouse-t-p-7","status":"publish","type":"product","link":"https:\/\/laverteshop.fr\/pt\/produto\/kannacheese-greenhouse-t-p-7\/","title":{"rendered":"H\u00edbrido de tubar\u00e3o branco"},"content":{"rendered":"<p>O h\u00edbrido do grande tubar\u00e3o branco, uma nova descoberta da nossa equipa de I&amp;D<\/p>\n<p>Cette fleur provient d&rsquo;une culture sous serre mais avec des lampes, ce qui rend la fleur plus compacte, et donc qui ressemble \u00e0 une fleur indoor. C&rsquo;est une hybride car elle est faite \u00e0 partir d&rsquo;une bouture de la vari\u00e9t\u00e9 great white shark, accoupl\u00e9e \u00e0 une white widow<\/p>\n<p>\u00c9 bastante clara e cheia de tricomas cor de laranja e brancos. \u00c9 uma flor bastante atrevida, com um sabor forte quando consumida, onde se destacam as notas de pimenta. Uma flor acess\u00edvel que oferece uma \u00f3ptima rela\u00e7\u00e3o qualidade\/pre\u00e7o.<\/p>\n<p>Os nossos produtos s\u00e3o de qualidade su\u00ed\u00e7a certificada pela CBD. O mais importante para n\u00f3s \u00e9 poder fornecer-lhe flores e resinas de excelente valor, a pre\u00e7os acess\u00edveis e aceit\u00e1veis, e dentro dos n\u00edveis permitidos pelo CJEU (&lt;0,3% THC).<\/p>\n<p>O que voc\u00ea pode fazer com esses produtos? Infus\u00f5es relaxantes, para melhorar o seu sono, potpourri para impregnar a sua casa com um aroma natural, ou pode us\u00e1-las na sua comida se desejar (saladas, molhos, condimentos).<\/p>\n<p>Aconselhamo-lo a consultar o seu m\u00e9dico, que poder\u00e1 aconselh\u00e1-lo sobre o melhor uso para a sua CDB.<\/p>","protected":false},"excerpt":{"rendered":"<p>A Great White Shark Hybrid \u00e9 a mais recente adi\u00e7\u00e3o ao nosso cat\u00e1logo. Uma variedade muito conhecida no mundo da can\u00e1bis.<\/p>\n<p>Esta flor compacta e verde-clara est\u00e1 repleta de tricomas cor de laranja e brancos. Foi cultivada como uma h\u00edbrida, por isso n\u00e3o encontrar\u00e1s uma flor semelhante!<\/p>\n<p>Excelente rela\u00e7\u00e3o qualidade\/pre\u00e7o para uma flor muito perfumada e intrigante.<\/p>\n<table style=\"border-collapse: collapse; width: 192px; height: 205px;\" border=\"1\">\n<tbody>\n<tr>\n<td style=\"width: 50%; text-align: center;\"><strong>THC<\/strong><\/td>\n<td style=\"width: 50%; text-align: center;\"><strong>0.26 %<\/strong><\/td>\n<\/tr>\n<tr>\n<td style=\"width: 50%; text-align: center;\"><b>CDB<\/b><\/td>\n<td style=\"width: 50%; text-align: center;\"><strong>17 %<\/strong><\/td>\n<\/tr>\n<tr>\n<td style=\"width: 50%; text-align: center;\"><b>CBG<\/b><\/td>\n<td style=\"width: 50%; text-align: center;\"><strong>n.d.<\/strong><\/td>\n<\/tr>\n<tr>\n<td style=\"width: 50%; text-align: center;\"><b>Cultura<\/b><\/td>\n<td style=\"width: 50%; text-align: center;\"><strong>candeeiro de p\u00e9<\/strong><\/td>\n<\/tr>\n<\/tbody>\n<\/table>","protected":false},"featured_media":18112,"comment_status":"open","ping_status":"closed","template":"","meta":{"inline_featured_image":false},"product_brand":[75],"product_cat":[58,255],"product_tag":[220,300],"class_list":{"0":"post-18101","1":"product","2":"type-product","3":"status-publish","4":"has-post-thumbnail","6":"product_brand-la-verte","7":"product_cat-fleurs","8":"product_cat-greenhouse","9":"product_tag-fleurs-cbd","10":"product_tag-fleurs-hybride","12":"first","13":"instock","14":"taxable","15":"shipping-taxable","16":"purchasable","17":"product-type-variable"},"jetpack_sharing_enabled":true,"_links":{"self":[{"href":"https:\/\/laverteshop.fr\/pt\/wp-json\/wp\/v2\/product\/18101","targetHints":{"allow":["GET"]}}],"collection":[{"href":"https:\/\/laverteshop.fr\/pt\/wp-json\/wp\/v2\/product"}],"about":[{"href":"https:\/\/laverteshop.fr\/pt\/wp-json\/wp\/v2\/types\/product"}],"replies":[{"embeddable":true,"href":"https:\/\/laverteshop.fr\/pt\/wp-json\/wp\/v2\/comments?post=18101"}],"wp:featuredmedia":[{"embeddable":true,"href":"https:\/\/laverteshop.fr\/pt\/wp-json\/wp\/v2\/media\/18112"}],"wp:attachment":[{"href":"https:\/\/laverteshop.fr\/pt\/wp-json\/wp\/v2\/media?parent=18101"}],"wp:term":[{"taxonomy":"product_brand","embeddable":true,"href":"https:\/\/laverteshop.fr\/pt\/wp-json\/wp\/v2\/product_brand?post=18101"},{"taxonomy":"product_cat","embeddable":true,"href":"https:\/\/laverteshop.fr\/pt\/wp-json\/wp\/v2\/product_cat?post=18101"},{"taxonomy":"product_tag","embeddable":true,"href":"https:\/\/laverteshop.fr\/pt\/wp-json\/wp\/v2\/product_tag?post=18101"}],"curies":[{"name":"wp","href":"https:\/\/api.w.org\/{rel}","templated":true}]}}