{"id":18072,"date":"2024-05-23T17:00:31","date_gmt":"2024-05-23T15:00:31","guid":{"rendered":"https:\/\/laverteshop.fr\/?post_type=product&#038;p=18072"},"modified":"2025-07-11T10:22:19","modified_gmt":"2025-07-11T08:22:19","slug":"raw-connoisseur-king-size-slim-filters-2","status":"publish","type":"product","link":"https:\/\/laverteshop.fr\/pt\/produto\/raw-connoisseur-king-size-slim-filters-2\/","title":{"rendered":"IRIE King Size Slim Extra Thin Papers Estilo Rastafari"},"content":{"rendered":"<div>Os pap\u00e9is IRIE King Size Slim fabricados em Espanha s\u00e3o muito populares devido ao seu design Rastafari apelativo.<\/div>\n<div><\/div>\n<div>Antes do seu sucesso generalizado, estes pap\u00e9is extrafinos eram um \u00eaxito secreto nas Cara\u00edbas.<\/div>\n<div><\/div>\n<div>Novo design!<\/div>\n<div><\/div>\n<div>B\u00f3nus Mamma Jamma: 50 folhas por caderno!<\/div>","protected":false},"excerpt":{"rendered":"<p><strong>50 folhas por embalagem!<\/strong><\/p>\n<p>Os len\u00e7\u00f3is King Size Slim Irie s\u00e3o 1000 vezes reconhec\u00edveis, com as suas cores Rastafari que os clientes adoram.<\/p>\n<p>Papel extremamente fino que \u00e9 um prazer de fumar. Um must a n\u00e3o perder!<\/p>","protected":false},"featured_media":18073,"comment_status":"open","ping_status":"closed","template":"","meta":{"inline_featured_image":false},"product_brand":[202],"product_cat":[196,61],"product_tag":[217,218],"class_list":{"0":"post-18072","1":"product","2":"type-product","3":"status-publish","4":"has-post-thumbnail","6":"product_brand-rasta","7":"product_cat-feuilles-a-rouler","8":"product_cat-accessoires","9":"product_tag-feuilles","10":"product_tag-filtres","12":"first","13":"outofstock","14":"taxable","15":"shipping-taxable","16":"purchasable","17":"product-type-simple"},"jetpack_sharing_enabled":true,"_links":{"self":[{"href":"https:\/\/laverteshop.fr\/pt\/wp-json\/wp\/v2\/product\/18072","targetHints":{"allow":["GET"]}}],"collection":[{"href":"https:\/\/laverteshop.fr\/pt\/wp-json\/wp\/v2\/product"}],"about":[{"href":"https:\/\/laverteshop.fr\/pt\/wp-json\/wp\/v2\/types\/product"}],"replies":[{"embeddable":true,"href":"https:\/\/laverteshop.fr\/pt\/wp-json\/wp\/v2\/comments?post=18072"}],"wp:featuredmedia":[{"embeddable":true,"href":"https:\/\/laverteshop.fr\/pt\/wp-json\/wp\/v2\/media\/18073"}],"wp:attachment":[{"href":"https:\/\/laverteshop.fr\/pt\/wp-json\/wp\/v2\/media?parent=18072"}],"wp:term":[{"taxonomy":"product_brand","embeddable":true,"href":"https:\/\/laverteshop.fr\/pt\/wp-json\/wp\/v2\/product_brand?post=18072"},{"taxonomy":"product_cat","embeddable":true,"href":"https:\/\/laverteshop.fr\/pt\/wp-json\/wp\/v2\/product_cat?post=18072"},{"taxonomy":"product_tag","embeddable":true,"href":"https:\/\/laverteshop.fr\/pt\/wp-json\/wp\/v2\/product_tag?post=18072"}],"curies":[{"name":"wp","href":"https:\/\/api.w.org\/{rel}","templated":true}]}}