{"id":18066,"date":"2024-05-23T16:29:53","date_gmt":"2024-05-23T14:29:53","guid":{"rendered":"https:\/\/laverteshop.fr\/?post_type=product&#038;p=18066"},"modified":"2025-07-11T10:22:20","modified_gmt":"2025-07-11T08:22:20","slug":"ocb-king-size-slim-organic-hemp-2","status":"publish","type":"product","link":"https:\/\/laverteshop.fr\/pt\/produto\/ocb-king-size-slim-organic-hemp-2\/","title":{"rendered":"OCB Bamboo King Size Slim Papers"},"content":{"rendered":"<div>Aqui a OCB apresenta o papel de cigarro feito de bambu 100%.<\/div>\n<div><\/div>\n<div>O bambu \u00e9 uma das mat\u00e9rias-primas rapidamente renov\u00e1veis e o papel fabricado a partir dele caracteriza-se tamb\u00e9m pela sua flexibilidade e resist\u00eancia ao rasgamento.<\/div>\n<div>Cada caderneta cont\u00e9m 32 pap\u00e9is de bambu muito finos, n\u00e3o branqueados, que queimam uniformemente.<\/div>\n<div>Este produto \u00e9 vegan e fabricado em Fran\u00e7a.<\/div>\n<div><\/div>\n<div>Propriedades:<\/div>\n<div><\/div>\n<div>- Tamanho do papel: 44 x 109 mm<\/div>\n<div>- N\u00e3o branqueado e sem corantes<\/div>\n<div>- 32 artigos por caderno<\/div>\n<div>- 50 cadernos por caixa (= 1 unidade)<\/div>\n<div>- 50 caixas por caixa principal<\/div>\n<p>&nbsp;<\/p>","protected":false},"excerpt":{"rendered":"<h2>OCB Bamboo King Size Slim Papers<\/h2>\n<p>Aqui a OCB apresenta o papel de cigarro feito de bambu 100%.<\/p>\n<p>Um produto vegan fabricado em Fran\u00e7a. Um must para todos os f\u00e3s de folhas de qualidade, n\u00e3o branqueadas.<\/p>\n<p>Eles s\u00e3o feitos de c\u00e2nhamo org\u00e2nico n\u00e3o branqueado e est\u00e3o livres de quaisquer produtos qu\u00edmicos (por exemplo, cloreto).<\/p>\n<ul>\n<li>Tamanho do papel: 44 x 109 mm<\/li>\n<li>N\u00e3o branqueado e sem corantes<\/li>\n<li>32 folhas por embalagem<\/li>\n<\/ul>","protected":false},"featured_media":18068,"comment_status":"open","ping_status":"closed","template":"","meta":{"inline_featured_image":false},"product_brand":[224],"product_cat":[196,61],"product_tag":[217],"class_list":{"0":"post-18066","1":"product","2":"type-product","3":"status-publish","4":"has-post-thumbnail","6":"product_brand-ocb","7":"product_cat-feuilles-a-rouler","8":"product_cat-accessoires","9":"product_tag-feuilles","11":"first","12":"instock","13":"taxable","14":"shipping-taxable","15":"purchasable","16":"product-type-simple"},"jetpack_sharing_enabled":true,"_links":{"self":[{"href":"https:\/\/laverteshop.fr\/pt\/wp-json\/wp\/v2\/product\/18066","targetHints":{"allow":["GET"]}}],"collection":[{"href":"https:\/\/laverteshop.fr\/pt\/wp-json\/wp\/v2\/product"}],"about":[{"href":"https:\/\/laverteshop.fr\/pt\/wp-json\/wp\/v2\/types\/product"}],"replies":[{"embeddable":true,"href":"https:\/\/laverteshop.fr\/pt\/wp-json\/wp\/v2\/comments?post=18066"}],"wp:featuredmedia":[{"embeddable":true,"href":"https:\/\/laverteshop.fr\/pt\/wp-json\/wp\/v2\/media\/18068"}],"wp:attachment":[{"href":"https:\/\/laverteshop.fr\/pt\/wp-json\/wp\/v2\/media?parent=18066"}],"wp:term":[{"taxonomy":"product_brand","embeddable":true,"href":"https:\/\/laverteshop.fr\/pt\/wp-json\/wp\/v2\/product_brand?post=18066"},{"taxonomy":"product_cat","embeddable":true,"href":"https:\/\/laverteshop.fr\/pt\/wp-json\/wp\/v2\/product_cat?post=18066"},{"taxonomy":"product_tag","embeddable":true,"href":"https:\/\/laverteshop.fr\/pt\/wp-json\/wp\/v2\/product_tag?post=18066"}],"curies":[{"name":"wp","href":"https:\/\/api.w.org\/{rel}","templated":true}]}}