{"id":15587,"date":"2023-06-15T16:29:43","date_gmt":"2023-06-15T14:29:43","guid":{"rendered":"https:\/\/laverteshop.fr\/?post_type=product&#038;p=15587"},"modified":"2025-07-15T16:38:11","modified_gmt":"2025-07-15T14:38:11","slug":"padrinho-og-indoor","status":"publish","type":"product","link":"https:\/\/laverteshop.fr\/pt\/produto\/padrinho-og-indoor\/","title":{"rendered":"Godfather OG Indoor"},"content":{"rendered":"<p>La fleur de CBD Godfather OG indoor, \u00e9galement connu sous le nom \u00ab\u00a0Godfather\u00a0\u00bb, est une vari\u00e9t\u00e9 Indica qui provient d&rsquo;une culture indoor, et donc qui garantit une qualit\u00e9 de fleur excellente. La luminosit\u00e9, l&rsquo;humidit\u00e9 et la temp\u00e9rature lors de la culture sont \u00e0 des niveaux parfait, et donc vous retrouverez une magnifique fleur, avec un go\u00fbt bien prononc\u00e9.<\/p>\n<p>Apresenta-se sob a forma de bot\u00f5es muito grandes, cheios de tricomas cor de laranja. Um sabor ligeiramente picante, semelhante ao das variedades Kush. Esta nova adi\u00e7\u00e3o ao nosso cat\u00e1logo vai fazer as del\u00edcias de todos.<\/p>\n<p>O mais importante para n\u00f3s \u00e9 que podemos fornecer-lhe flores e resinas de excelente valor a pre\u00e7os acess\u00edveis e aceit\u00e1veis, e dentro dos n\u00edveis permitidos pelo TJUE (&lt;0,3% THC).<\/p>\n<p>O que voc\u00ea pode fazer com esses produtos? Infus\u00f5es relaxantes, para melhorar o seu sono, potpourri para impregnar a sua casa com um aroma natural, ou pode us\u00e1-las na sua comida se desejar (saladas, molhos, condimentos).<\/p>\n<p>Aconselhamo-lo a consultar o seu m\u00e9dico, que poder\u00e1 aconselh\u00e1-lo sobre o melhor uso para a sua CDB.<\/p>\n<p>&nbsp;<\/p>\n<p>&nbsp;<\/p>\n<p>&nbsp;<\/p>\n<h6><\/h6>","protected":false},"excerpt":{"rendered":"<p>La fleur de CBD Godfather OG indoor, \u00e9galement connu sous le nom \u00ab\u00a0Godfather\u00a0\u00bb, est une vari\u00e9t\u00e9 Indica qui provient d&rsquo;une culture indoor, et donc qui garantit une qualit\u00e9 de fleur excellente.<\/p>\n<p>Vous retrouverez une magnifique fleur, avec un go\u00fbt bien prononc\u00e9. Des notes de raisins et de fruits se feront sentir lors de l&rsquo;ouverture du sachet.<\/p>\n<p>Esta \u00faltima descoberta far\u00e1 as del\u00edcias de todos os amantes de flores de qualidade<\/p>\n<ul>\n<li>Cultura: interior<\/li>\n<li>Origem: Su\u00ed\u00e7a<\/li>\n<\/ul>\n<table style=\"border-collapse: collapse; width: 192px; height: 205px;\" border=\"1\">\n<tbody>\n<tr>\n<td style=\"width: 50%; text-align: center;\"><strong>THC<\/strong><\/td>\n<td style=\"width: 50%; text-align: center;\"><strong>0.27%<\/strong><\/td>\n<\/tr>\n<tr>\n<td style=\"width: 50%; text-align: center;\"><strong>CDB<\/strong><\/td>\n<td style=\"width: 50%; text-align: center;\"><strong>16 %<\/strong><\/td>\n<\/tr>\n<tr>\n<td style=\"width: 50%; text-align: center;\"><strong>CBG<\/strong><\/td>\n<td style=\"width: 50%; text-align: center;\"><strong>n.d.<\/strong><\/td>\n<\/tr>\n<tr>\n<td style=\"width: 50%; text-align: center;\"><b>Cultura<\/b><\/td>\n<td style=\"width: 50%; text-align: center;\"><strong>Indoor<\/strong><\/td>\n<\/tr>\n<\/tbody>\n<\/table>","protected":false},"featured_media":17950,"comment_status":"open","ping_status":"closed","template":"","meta":{"inline_featured_image":false},"product_brand":[75],"product_cat":[58,253],"product_tag":[220,76],"class_list":{"0":"post-15587","1":"product","2":"type-product","3":"status-publish","4":"has-post-thumbnail","6":"product_brand-la-verte","7":"product_cat-fleurs","8":"product_cat-indoor","9":"product_tag-fleurs-cbd","10":"product_tag-indoor","12":"first","13":"instock","14":"taxable","15":"shipping-taxable","16":"purchasable","17":"product-type-variable"},"jetpack_sharing_enabled":true,"_links":{"self":[{"href":"https:\/\/laverteshop.fr\/pt\/wp-json\/wp\/v2\/product\/15587","targetHints":{"allow":["GET"]}}],"collection":[{"href":"https:\/\/laverteshop.fr\/pt\/wp-json\/wp\/v2\/product"}],"about":[{"href":"https:\/\/laverteshop.fr\/pt\/wp-json\/wp\/v2\/types\/product"}],"replies":[{"embeddable":true,"href":"https:\/\/laverteshop.fr\/pt\/wp-json\/wp\/v2\/comments?post=15587"}],"wp:featuredmedia":[{"embeddable":true,"href":"https:\/\/laverteshop.fr\/pt\/wp-json\/wp\/v2\/media\/17950"}],"wp:attachment":[{"href":"https:\/\/laverteshop.fr\/pt\/wp-json\/wp\/v2\/media?parent=15587"}],"wp:term":[{"taxonomy":"product_brand","embeddable":true,"href":"https:\/\/laverteshop.fr\/pt\/wp-json\/wp\/v2\/product_brand?post=15587"},{"taxonomy":"product_cat","embeddable":true,"href":"https:\/\/laverteshop.fr\/pt\/wp-json\/wp\/v2\/product_cat?post=15587"},{"taxonomy":"product_tag","embeddable":true,"href":"https:\/\/laverteshop.fr\/pt\/wp-json\/wp\/v2\/product_tag?post=15587"}],"curies":[{"name":"wp","href":"https:\/\/api.w.org\/{rel}","templated":true}]}}