{"id":14502,"date":"2023-02-09T16:55:16","date_gmt":"2023-02-09T15:55:16","guid":{"rendered":"https:\/\/laverteshop.fr\/?post_type=product&#038;p=14502"},"modified":"2025-07-15T16:40:13","modified_gmt":"2025-07-15T14:40:13","slug":"estufa-tonica-suica","status":"publish","type":"product","link":"https:\/\/laverteshop.fr\/pt\/produto\/estufa-tonica-suica\/","title":{"rendered":"Estufa T\u00f3nica Su\u00ed\u00e7a"},"content":{"rendered":"<p>Cette Swiss Tonic Greenhouse provient d&rsquo;une culture sous serre, serres qui se trouvent dans le canton du Valais, ou la temp\u00e9rature et la m\u00e9t\u00e9o sont propices \u00e0 la culture. Pas trop d&rsquo;humidit\u00e9, et un soleil bien pr\u00e9sent.<\/p>\n<p>Une fleur plut\u00f4t verte clair, entour\u00e9e de pollen blanc. Elle est plut\u00f4t humide, et a de tr\u00e8s bon ar\u00f4mes qui ressortent lorsque vous l&rsquo;effritez. De grosses buds bien compactes (entre 3 et 6 cm) qui raviront les amateurs de fleurs sous serre bien odorantes et puissantes.<\/p>\n<p>A estufa Swiss Tonic \u00e9 um dos nossos mais recentes produtos e \u00e9 com certeza do seu agrado.<\/p>\n<p>O mais importante para n\u00f3s \u00e9 que podemos fornecer-lhe flores e resinas de excelente valor a pre\u00e7os acess\u00edveis e aceit\u00e1veis, e dentro dos n\u00edveis permitidos pelo TJUE (&lt;0,3% THC).<\/p>\n<p>O que voc\u00ea pode fazer com esses produtos? Infus\u00f5es relaxantes, para melhorar o seu sono, potpourri para impregnar a sua casa com um aroma natural, ou pode us\u00e1-las na sua comida se desejar (saladas, molhos, condimentos).<\/p>\n<p>Aconselhamo-lo a consultar o seu m\u00e9dico, que poder\u00e1 aconselh\u00e1-lo sobre o melhor uso para a sua CDB.<\/p>\n<p>&nbsp;<\/p>\n<p>&nbsp;<\/p>\n<p>&nbsp;<\/p>\n<h6><\/h6>","protected":false},"excerpt":{"rendered":"<p>Cette Swiss Tonic Greenhouse provient d&rsquo;une culture sous serre, serres qui se trouvent dans le canton du Valais, ou la temp\u00e9rature et la m\u00e9t\u00e9o sont propices \u00e0 la culture. Pas trop d&rsquo;humidit\u00e9, et un soleil bien pr\u00e9sent.<\/p>\n<p>Une fleur plut\u00f4t verte clair, entour\u00e9e de pollen blanc. Elle est plut\u00f4t humide, et a de tr\u00e8s bon ar\u00f4mes qui ressortent lorsque vous l&rsquo;effritez. Lors de la consommation, un arri\u00e8re go\u00fbt de douceur se fera sentir, avec des notes fruit\u00e9es bien reconnaissables.<\/p>\n<p>Muito boa rela\u00e7\u00e3o custo-benef\u00edcio. A n\u00e3o perder!<\/p>\n<ul>\n<li>Cultivo: sob vidro<\/li>\n<\/ul>\n<table style=\"border-collapse: collapse; width: 192px; height: 205px;\" border=\"1\">\n<tbody>\n<tr>\n<td style=\"width: 50%; text-align: center;\"><strong>THC<\/strong><\/td>\n<td style=\"width: 50%; text-align: center;\"><strong>0.24%<\/strong><\/td>\n<\/tr>\n<tr>\n<td style=\"width: 50%; text-align: center;\"><strong>CDB<\/strong><\/td>\n<td style=\"width: 50%; text-align: center;\"><strong>14 %<\/strong><\/td>\n<\/tr>\n<tr>\n<td style=\"width: 50%; text-align: center;\"><strong>CBG<\/strong><\/td>\n<td style=\"width: 50%; text-align: center;\"><strong>n.d.<\/strong><\/td>\n<\/tr>\n<tr>\n<td style=\"width: 50%; text-align: center;\"><b>Cultura<\/b><\/td>\n<td style=\"width: 50%; text-align: center;\"><strong>estufa<\/strong><\/td>\n<\/tr>\n<\/tbody>\n<\/table>","protected":false},"featured_media":14525,"comment_status":"open","ping_status":"closed","template":"","meta":{"inline_featured_image":false},"product_brand":[75],"product_cat":[58,255],"product_tag":[220,227],"class_list":{"0":"post-14502","1":"product","2":"type-product","3":"status-publish","4":"has-post-thumbnail","6":"product_brand-la-verte","7":"product_cat-fleurs","8":"product_cat-greenhouse","9":"product_tag-fleurs-cbd","10":"product_tag-greenhouse","12":"first","13":"outofstock","14":"taxable","15":"shipping-taxable","16":"purchasable","17":"product-type-variable"},"jetpack_sharing_enabled":true,"_links":{"self":[{"href":"https:\/\/laverteshop.fr\/pt\/wp-json\/wp\/v2\/product\/14502","targetHints":{"allow":["GET"]}}],"collection":[{"href":"https:\/\/laverteshop.fr\/pt\/wp-json\/wp\/v2\/product"}],"about":[{"href":"https:\/\/laverteshop.fr\/pt\/wp-json\/wp\/v2\/types\/product"}],"replies":[{"embeddable":true,"href":"https:\/\/laverteshop.fr\/pt\/wp-json\/wp\/v2\/comments?post=14502"}],"wp:featuredmedia":[{"embeddable":true,"href":"https:\/\/laverteshop.fr\/pt\/wp-json\/wp\/v2\/media\/14525"}],"wp:attachment":[{"href":"https:\/\/laverteshop.fr\/pt\/wp-json\/wp\/v2\/media?parent=14502"}],"wp:term":[{"taxonomy":"product_brand","embeddable":true,"href":"https:\/\/laverteshop.fr\/pt\/wp-json\/wp\/v2\/product_brand?post=14502"},{"taxonomy":"product_cat","embeddable":true,"href":"https:\/\/laverteshop.fr\/pt\/wp-json\/wp\/v2\/product_cat?post=14502"},{"taxonomy":"product_tag","embeddable":true,"href":"https:\/\/laverteshop.fr\/pt\/wp-json\/wp\/v2\/product_tag?post=14502"}],"curies":[{"name":"wp","href":"https:\/\/api.w.org\/{rel}","templated":true}]}}