{"id":14313,"date":"2023-01-18T09:08:34","date_gmt":"2023-01-18T08:08:34","guid":{"rendered":"https:\/\/laverteshop.fr\/?post_type=product&#038;p=14313"},"modified":"2025-07-15T14:56:23","modified_gmt":"2025-07-15T12:56:23","slug":"the-de-chanvre-bio-hanf-natur-feuilles-de-mures-et-orties-40g","status":"publish","type":"product","link":"https:\/\/laverteshop.fr\/pt\/produto\/the-de-chanvre-bio-hanf-natur-feuilles-de-mures-et-orties-40g\/","title":{"rendered":"Ch\u00e1 de c\u00e2nhamo org\u00e2nico - Hanf &amp; Natur - Folhas de amora preta e urtiga - 40g"},"content":{"rendered":"<p>Ingr\u00e9dients : Feuilles de chanvre (40%), feuilles de m\u00fbres (30%), feuilles d&rsquo;orties (30%) &#8211; tous issus de la culture biologique contr\u00f4l\u00e9e.<\/p>\n<p>Pr\u00e9paration : Versez 1 cuill\u00e8re \u00e0 caf\u00e9 du m\u00e9lange dans de l&rsquo;eau bouillante, laissez infuser pendant 8 minutes et d\u00e9gustez.<\/p>\n<p>Nota: O ch\u00e1 n\u00e3o \u00e9 adequado para crian\u00e7as com peso inferior a 15 kg.<\/p>\n<div><\/div>","protected":false},"excerpt":{"rendered":"<p>Ch\u00e1 de c\u00e2nhamo org\u00e2nico com folhas de Verbena Lim\u00e3o - solta 40g<\/p>\n<p>A mistura de ch\u00e1 biol\u00f3gico de ervas \u00e9 ao mesmo tempo sem ch\u00e1 e sem \u00e1cido, e portanto muito diger\u00edvel.<\/p>\n<p>Gra\u00e7as \u00e0 sua bela embalagem numa caixa exclusiva, os ch\u00e1s Hemp &amp; Nature s\u00e3o tamb\u00e9m ideais como uma pequena ideia de presente - eles far\u00e3o os cora\u00e7\u00f5es dos amantes de ch\u00e1 bater mais depressa.<\/p>","protected":false},"featured_media":14315,"comment_status":"open","ping_status":"closed","template":"","meta":{"inline_featured_image":false},"product_brand":[240],"product_cat":[241],"product_tag":[251],"class_list":{"0":"post-14313","1":"product","2":"type-product","3":"status-publish","4":"has-post-thumbnail","6":"product_brand-hanf-natur","7":"product_cat-the","8":"product_tag-thes-infusions","10":"first","11":"instock","12":"taxable","13":"shipping-taxable","14":"purchasable","15":"product-type-simple"},"jetpack_sharing_enabled":true,"_links":{"self":[{"href":"https:\/\/laverteshop.fr\/pt\/wp-json\/wp\/v2\/product\/14313","targetHints":{"allow":["GET"]}}],"collection":[{"href":"https:\/\/laverteshop.fr\/pt\/wp-json\/wp\/v2\/product"}],"about":[{"href":"https:\/\/laverteshop.fr\/pt\/wp-json\/wp\/v2\/types\/product"}],"replies":[{"embeddable":true,"href":"https:\/\/laverteshop.fr\/pt\/wp-json\/wp\/v2\/comments?post=14313"}],"wp:featuredmedia":[{"embeddable":true,"href":"https:\/\/laverteshop.fr\/pt\/wp-json\/wp\/v2\/media\/14315"}],"wp:attachment":[{"href":"https:\/\/laverteshop.fr\/pt\/wp-json\/wp\/v2\/media?parent=14313"}],"wp:term":[{"taxonomy":"product_brand","embeddable":true,"href":"https:\/\/laverteshop.fr\/pt\/wp-json\/wp\/v2\/product_brand?post=14313"},{"taxonomy":"product_cat","embeddable":true,"href":"https:\/\/laverteshop.fr\/pt\/wp-json\/wp\/v2\/product_cat?post=14313"},{"taxonomy":"product_tag","embeddable":true,"href":"https:\/\/laverteshop.fr\/pt\/wp-json\/wp\/v2\/product_tag?post=14313"}],"curies":[{"name":"wp","href":"https:\/\/api.w.org\/{rel}","templated":true}]}}