{"id":14253,"date":"2023-01-10T16:32:24","date_gmt":"2023-01-10T15:32:24","guid":{"rendered":"https:\/\/laverteshop.fr\/?post_type=product&#038;p=14253"},"modified":"2025-07-15T14:56:25","modified_gmt":"2025-07-15T12:56:25","slug":"rolo-de-filtro-de-obra-prima","status":"publish","type":"product","link":"https:\/\/laverteshop.fr\/pt\/produto\/rolo-de-filtro-de-obra-prima\/","title":{"rendered":"Rolo de obra-prima RAW + filtros"},"content":{"rendered":"<p>O rolo + filtros RAW Masterpiece fornece 30 filtros pr\u00e9-enrolados e um rolo de 3 metros de papel de cigarro RAW n\u00e3o refinado de alta qualidade, pronto a usar.<\/p>\n<p>A pr\u00e1tica caixa de cart\u00e3o (dimens\u00f5es: aprox. 65 x 52 x 26 mm) \u00e9 recarreg\u00e1vel, fecha-se com um pr\u00e1tico fecho magn\u00e9tico e tem um rebordo de corte integrado.<br \/>\nQueima lenta e uniforme gra\u00e7as ao fogo cruzado RAW patenteado.<\/p>\n<p>A caixa de rolos e filtros RAW Masterpiece vai segui-lo para todo o lado!<\/p>\n<p>Propriedades:<\/p>\n<p>- Largura 54 mm (King Size)Bordo<br \/>\n- 3 metros de comprimento<br \/>\n- Filtros: aprox. 19 \u00d7 7 mm<br \/>\n- Sem cloro, sem madeira, biogen\u00e9tica, VEGAN<br \/>\n&#8211; Fabriqu\u00e9 avec de l&rsquo;\u00e9nergie \u00e9olienne \u00e9cologique<br \/>\n- 1x rolo de 3 metros + 30 pregos por embalagem<\/p>","protected":false},"excerpt":{"rendered":"<p>Esta caixa RAW Masterpiece \u00e9 \u00fanica! 30 filtros pr\u00e9-enrolados e um rolo de 3 metros de folha King Size.<\/p>\n<p>La boite se ferme avec un magnet, pour garder votre rouleau et vos filtres bien \u00e0 l&rsquo;abris.<\/p>\n<ul>\n<li>largura do rolo: 54 mm (King Size)<\/li>\n<li>30 filtros inclu\u00eddos, com entalhe central para uma filtragem eficaz do fumo<\/li>\n<li>3 metros de papel de enrolar<\/li>\n<li>Caixa reutiliz\u00e1vel e recarreg\u00e1vel.<\/li>\n<li>Borda de corte para cortar a folha no comprimento pretendido<\/li>\n<\/ul>\n<p>Cette bo\u00eete RAW Masterpiece rouleau + filtres est donc l&rsquo;accessoire ultime.<\/p>","protected":false},"featured_media":14254,"comment_status":"open","ping_status":"closed","template":"","meta":{"inline_featured_image":false},"product_brand":[198],"product_cat":[61,196],"product_tag":[217,218],"class_list":{"0":"post-14253","1":"product","2":"type-product","3":"status-publish","4":"has-post-thumbnail","6":"product_brand-raw","7":"product_cat-accessoires","8":"product_cat-feuilles-a-rouler","9":"product_tag-feuilles","10":"product_tag-filtres","12":"first","13":"instock","14":"taxable","15":"shipping-taxable","16":"purchasable","17":"product-type-simple"},"jetpack_sharing_enabled":true,"_links":{"self":[{"href":"https:\/\/laverteshop.fr\/pt\/wp-json\/wp\/v2\/product\/14253","targetHints":{"allow":["GET"]}}],"collection":[{"href":"https:\/\/laverteshop.fr\/pt\/wp-json\/wp\/v2\/product"}],"about":[{"href":"https:\/\/laverteshop.fr\/pt\/wp-json\/wp\/v2\/types\/product"}],"replies":[{"embeddable":true,"href":"https:\/\/laverteshop.fr\/pt\/wp-json\/wp\/v2\/comments?post=14253"}],"wp:featuredmedia":[{"embeddable":true,"href":"https:\/\/laverteshop.fr\/pt\/wp-json\/wp\/v2\/media\/14254"}],"wp:attachment":[{"href":"https:\/\/laverteshop.fr\/pt\/wp-json\/wp\/v2\/media?parent=14253"}],"wp:term":[{"taxonomy":"product_brand","embeddable":true,"href":"https:\/\/laverteshop.fr\/pt\/wp-json\/wp\/v2\/product_brand?post=14253"},{"taxonomy":"product_cat","embeddable":true,"href":"https:\/\/laverteshop.fr\/pt\/wp-json\/wp\/v2\/product_cat?post=14253"},{"taxonomy":"product_tag","embeddable":true,"href":"https:\/\/laverteshop.fr\/pt\/wp-json\/wp\/v2\/product_tag?post=14253"}],"curies":[{"name":"wp","href":"https:\/\/api.w.org\/{rel}","templated":true}]}}