{"id":14251,"date":"2023-01-10T16:08:49","date_gmt":"2023-01-10T15:08:49","guid":{"rendered":"https:\/\/laverteshop.fr\/?post_type=product&#038;p=14251"},"modified":"2025-07-15T14:56:26","modified_gmt":"2025-07-15T12:56:26","slug":"raw-connoisseur-leaves-a-roll-1-1-4-filters","status":"publish","type":"product","link":"https:\/\/laverteshop.fr\/pt\/produto\/raw-connoisseur-leaves-a-roll-1-1-4-filters\/","title":{"rendered":"Connoisseur 1 1\/4 + filtros de papel de enrolar RAW"},"content":{"rendered":"<p>RAW Connoisseur 1 1\/4 folhas para enrolar + filtros.<\/p>\n<p>Cada folheto cont\u00e9m pequenas folhas rolantes e filtros.<\/p>\n<p>La marque RAW est synonyme d&rsquo;une production respectueuse de l&rsquo;environnement.<br \/>\nTodos os produtos s\u00e3o cru\u00e9is e isentos de qu\u00edmicos.<br \/>\nOs pap\u00e9is s\u00e3o feitos de c\u00e2nhamo puro, os filtros s\u00e3o feitos de cart\u00e3o de qualidade alimentar.<\/p>\n<p>Sem cloro<br \/>\nVegan<br \/>\nNenhum organismo geneticamente modificado<br \/>\nProduit avec la puissance d&rsquo;un moulin \u00e0 vent<\/p>","protected":false},"excerpt":{"rendered":"<p>RAW Connoisseur 1 1\/4 folhas para enrolar + filtros<\/p>\n<p>Pequenas folhas RAW, com os seus filtros no mesmo pacote.<\/p>\n<ul>\n<li>50 folhas por embalagem<\/li>\n<li>50 filtros de cart\u00e3o inclu\u00eddos<\/li>\n<li>fita el\u00e1stica para fechar a sua embalagem<\/li>\n<\/ul>\n<p>O produto perfeito para todos aqueles que gostam de enrolar pequenas folhas.<\/p>","protected":false},"featured_media":14252,"comment_status":"open","ping_status":"closed","template":"","meta":{"inline_featured_image":false},"product_brand":[198],"product_cat":[61,196],"product_tag":[217,218],"class_list":{"0":"post-14251","1":"product","2":"type-product","3":"status-publish","4":"has-post-thumbnail","6":"product_brand-raw","7":"product_cat-accessoires","8":"product_cat-feuilles-a-rouler","9":"product_tag-feuilles","10":"product_tag-filtres","12":"first","13":"instock","14":"taxable","15":"shipping-taxable","16":"purchasable","17":"product-type-simple"},"jetpack_sharing_enabled":true,"_links":{"self":[{"href":"https:\/\/laverteshop.fr\/pt\/wp-json\/wp\/v2\/product\/14251","targetHints":{"allow":["GET"]}}],"collection":[{"href":"https:\/\/laverteshop.fr\/pt\/wp-json\/wp\/v2\/product"}],"about":[{"href":"https:\/\/laverteshop.fr\/pt\/wp-json\/wp\/v2\/types\/product"}],"replies":[{"embeddable":true,"href":"https:\/\/laverteshop.fr\/pt\/wp-json\/wp\/v2\/comments?post=14251"}],"wp:featuredmedia":[{"embeddable":true,"href":"https:\/\/laverteshop.fr\/pt\/wp-json\/wp\/v2\/media\/14252"}],"wp:attachment":[{"href":"https:\/\/laverteshop.fr\/pt\/wp-json\/wp\/v2\/media?parent=14251"}],"wp:term":[{"taxonomy":"product_brand","embeddable":true,"href":"https:\/\/laverteshop.fr\/pt\/wp-json\/wp\/v2\/product_brand?post=14251"},{"taxonomy":"product_cat","embeddable":true,"href":"https:\/\/laverteshop.fr\/pt\/wp-json\/wp\/v2\/product_cat?post=14251"},{"taxonomy":"product_tag","embeddable":true,"href":"https:\/\/laverteshop.fr\/pt\/wp-json\/wp\/v2\/product_tag?post=14251"}],"curies":[{"name":"wp","href":"https:\/\/api.w.org\/{rel}","templated":true}]}}