{"id":13744,"date":"2022-11-03T14:40:18","date_gmt":"2022-11-03T13:40:18","guid":{"rendered":"https:\/\/laverteshop.fr\/?post_type=product&#038;p=13744"},"modified":"2025-07-15T14:56:27","modified_gmt":"2025-07-15T12:56:27","slug":"filtros-slims-preroules-non-blanchis","status":"publish","type":"product","link":"https:\/\/laverteshop.fr\/pt\/produto\/filtros-slims-preroules-non-blanchis\/","title":{"rendered":"Filtros finos n\u00e3o branqueados pr\u00e9-rolados - RAW"},"content":{"rendered":"","protected":false},"excerpt":{"rendered":"<p><strong>Filtros de emagrecimento n\u00e3o branqueado pr\u00e9-laminados - RAW\u00a0<\/strong><\/p>\n<p>Feito de papel natural <strong>n\u00e3o branqueado<\/strong>Estes filtros s\u00e3o cortados e enrolados na direc\u00e7\u00e3o das fibras naturais para garantir uma ponta de cart\u00e3o perfeitamente circular<\/p>\n<p><strong>Di\u00e2metro: 7 mm<\/strong><br \/>\n<strong>Comprimento: 17 mm<\/strong><\/p>\n<p><strong>21 filtros por embalagem<\/strong><\/p>","protected":false},"featured_media":13745,"comment_status":"open","ping_status":"closed","template":"","meta":{"inline_featured_image":false},"product_brand":[198],"product_cat":[61,197],"product_tag":[218],"class_list":{"0":"post-13744","1":"product","2":"type-product","3":"status-publish","4":"has-post-thumbnail","6":"product_brand-raw","7":"product_cat-accessoires","8":"product_cat-filtres","9":"product_tag-filtres","11":"first","12":"instock","13":"taxable","14":"shipping-taxable","15":"purchasable","16":"product-type-simple"},"jetpack_sharing_enabled":true,"_links":{"self":[{"href":"https:\/\/laverteshop.fr\/pt\/wp-json\/wp\/v2\/product\/13744","targetHints":{"allow":["GET"]}}],"collection":[{"href":"https:\/\/laverteshop.fr\/pt\/wp-json\/wp\/v2\/product"}],"about":[{"href":"https:\/\/laverteshop.fr\/pt\/wp-json\/wp\/v2\/types\/product"}],"replies":[{"embeddable":true,"href":"https:\/\/laverteshop.fr\/pt\/wp-json\/wp\/v2\/comments?post=13744"}],"wp:featuredmedia":[{"embeddable":true,"href":"https:\/\/laverteshop.fr\/pt\/wp-json\/wp\/v2\/media\/13745"}],"wp:attachment":[{"href":"https:\/\/laverteshop.fr\/pt\/wp-json\/wp\/v2\/media?parent=13744"}],"wp:term":[{"taxonomy":"product_brand","embeddable":true,"href":"https:\/\/laverteshop.fr\/pt\/wp-json\/wp\/v2\/product_brand?post=13744"},{"taxonomy":"product_cat","embeddable":true,"href":"https:\/\/laverteshop.fr\/pt\/wp-json\/wp\/v2\/product_cat?post=13744"},{"taxonomy":"product_tag","embeddable":true,"href":"https:\/\/laverteshop.fr\/pt\/wp-json\/wp\/v2\/product_tag?post=13744"}],"curies":[{"name":"wp","href":"https:\/\/api.w.org\/{rel}","templated":true}]}}