{"id":13599,"date":"2022-10-22T16:40:24","date_gmt":"2022-10-22T14:40:24","guid":{"rendered":"https:\/\/laverteshop.fr\/?post_type=product&#038;p=13599"},"modified":"2026-03-27T15:35:29","modified_gmt":"2026-03-27T14:35:29","slug":"ketama-noir-bio","status":"publish","type":"product","link":"https:\/\/laverteshop.fr\/pt\/produto\/ketama-noir-bio\/","title":{"rendered":"Ketama preto org\u00e2nico"},"content":{"rendered":"<p><span style=\"font-size: 14.4px;\">Black Ketama BIO \u00e9 a nossa mais recente adi\u00e7\u00e3o \u00e0 nossa gama de hash. Feito na Su\u00ed\u00e7a a partir de flores de CDB de interior, cultivadas organicamente, por isso um haxixe org\u00e2nico 100%. Uma resina bonita, macia e escura. A resina \u00e9 prensada a frio para reter todos os terpenos deste Ketama preto org\u00e2nico.<\/span><\/p>\n<p>Des notes poivr\u00e9es et \u00e9pic\u00e9es ressortent lors de l&rsquo;ouverture du sachet ainsi qu&rsquo;a la combustion.<\/p>\n<p>Vous pouvez soit le r\u00e9chauffer, soit en faire un spaghetti fin, a froid. C&rsquo;est une r\u00e9sine top qualit\u00e9, qui ravira tous nos amateurs de hash \u00e0 bon rapport qualit\u00e9\/prix<\/p>\n<p>Os nossos produtos s\u00e3o de qualidade su\u00ed\u00e7a certificada pela CBD. O mais importante para n\u00f3s \u00e9 poder fornecer-lhe flores e resinas de excelente valor, a pre\u00e7os acess\u00edveis e aceit\u00e1veis, e dentro dos n\u00edveis permitidos pelo CJEU (&lt;0,3% THC).<\/p>\n<p>O que voc\u00ea pode fazer com esses produtos? Infus\u00f5es relaxantes, para melhorar o seu sono, potpourri para impregnar a sua casa com um aroma natural, ou pode us\u00e1-las na sua comida se desejar (saladas, molhos, condimentos).<\/p>\n<p><strong>NOTA IMPORTANTE:<\/strong> Nos r\u00e9sines et hash sont pr\u00e9par\u00e9s dans des laboratoires certifi\u00e9s, avec des proc\u00e9d\u00e9s et techniques qui appartiennent seulement aux producteurs avec qui nous travaillons. La texture et l&rsquo;odeur des produits peuvent donc changer d&rsquo;une r\u00e9colte \u00e0 une autre, d\u00e9pendant aussi de la fleur utilis\u00e9e. Si vous avez un probl\u00e8me avec un produit, contactez nous \u00e0 <a href=\"mailto:contact@laverteshop.fr\">contact@laverteshop.fr<\/a> e encontraremos uma solu\u00e7\u00e3o para a sua satisfa\u00e7\u00e3o. Obrigado pela vossa compreens\u00e3o.<\/p>\n<p>Aconselhamo-lo a consultar o seu m\u00e9dico, que poder\u00e1 aconselh\u00e1-lo sobre o melhor uso para a sua CDB.<\/p>","protected":false},"excerpt":{"rendered":"<p><span style=\"font-size: 14.4px;\">O Ketama Black BIO \u00e9 produzido na Su\u00ed\u00e7a a partir de flores de interior da CBD. <\/span><\/p>\n<p><span style=\"font-size: 14.4px;\">Uma resina bonita, macia e escura. Durante a sua prepara\u00e7\u00e3o, esta resina \u00e9 prensada a frio, para manter todos os terpenos.<\/span><\/p>\n<p>Des notes poivr\u00e9es et \u00e9pic\u00e9es ressortent lors de l&rsquo;ouverture du sachet ainsi qu&rsquo;a la combustion.<\/p>\n<ul>\n<li>Cultura : Indoor<\/li>\n<li>Origem das flores: Su\u00ed\u00e7a, agricultura biol\u00f3gica<\/li>\n<li>Efeitos: relaxante<\/li>\n<\/ul>\n<table style=\"border-collapse: collapse; width: 192px; height: 205px;\" border=\"1\">\n<tbody>\n<tr>\n<td style=\"width: 50%; text-align: center;\"><strong>THC<\/strong><\/td>\n<td style=\"width: 50%; text-align: center;\"><strong>0.2%<\/strong><\/td>\n<\/tr>\n<tr>\n<td style=\"width: 50%; text-align: center;\"><strong>CDB<\/strong><\/td>\n<td style=\"width: 50%; text-align: center;\"><strong>23 %<\/strong><\/td>\n<\/tr>\n<tr>\n<td style=\"width: 50%; text-align: center;\"><strong>CBG<\/strong><\/td>\n<td style=\"width: 50%; text-align: center;\"><strong>n.d.<\/strong><\/td>\n<\/tr>\n<tr>\n<td style=\"width: 50%; text-align: center;\"><b>Cultura<\/b><\/td>\n<td style=\"width: 50%; text-align: center;\"><strong>Indoor<\/strong><\/td>\n<\/tr>\n<\/tbody>\n<\/table>\n<p>&nbsp;<\/p>","protected":false},"featured_media":13594,"comment_status":"open","ping_status":"closed","template":"","meta":{"inline_featured_image":false},"product_brand":[75],"product_cat":[59],"product_tag":[244,76,230],"class_list":{"0":"post-13599","1":"product","2":"type-product","3":"status-publish","4":"has-post-thumbnail","6":"product_brand-la-verte","7":"product_cat-pollens","8":"product_tag-hash","9":"product_tag-indoor","10":"product_tag-resines","12":"first","13":"instock","14":"taxable","15":"shipping-taxable","16":"purchasable","17":"product-type-variable"},"jetpack_sharing_enabled":true,"_links":{"self":[{"href":"https:\/\/laverteshop.fr\/pt\/wp-json\/wp\/v2\/product\/13599","targetHints":{"allow":["GET"]}}],"collection":[{"href":"https:\/\/laverteshop.fr\/pt\/wp-json\/wp\/v2\/product"}],"about":[{"href":"https:\/\/laverteshop.fr\/pt\/wp-json\/wp\/v2\/types\/product"}],"replies":[{"embeddable":true,"href":"https:\/\/laverteshop.fr\/pt\/wp-json\/wp\/v2\/comments?post=13599"}],"wp:featuredmedia":[{"embeddable":true,"href":"https:\/\/laverteshop.fr\/pt\/wp-json\/wp\/v2\/media\/13594"}],"wp:attachment":[{"href":"https:\/\/laverteshop.fr\/pt\/wp-json\/wp\/v2\/media?parent=13599"}],"wp:term":[{"taxonomy":"product_brand","embeddable":true,"href":"https:\/\/laverteshop.fr\/pt\/wp-json\/wp\/v2\/product_brand?post=13599"},{"taxonomy":"product_cat","embeddable":true,"href":"https:\/\/laverteshop.fr\/pt\/wp-json\/wp\/v2\/product_cat?post=13599"},{"taxonomy":"product_tag","embeddable":true,"href":"https:\/\/laverteshop.fr\/pt\/wp-json\/wp\/v2\/product_tag?post=13599"}],"curies":[{"name":"wp","href":"https:\/\/api.w.org\/{rel}","templated":true}]}}