{"id":13190,"date":"2022-09-08T13:39:05","date_gmt":"2022-09-08T11:39:05","guid":{"rendered":"https:\/\/laverteshop.fr\/?post_type=product&#038;p=13190"},"modified":"2026-01-28T07:05:00","modified_gmt":"2026-01-28T06:05:00","slug":"porta-crack-verde","status":"publish","type":"product","link":"https:\/\/laverteshop.fr\/pt\/produto\/porta-crack-verde\/","title":{"rendered":"Fissura Verde Indoor"},"content":{"rendered":"<p>Nouvelle r\u00e9colte ! La Green Crack Indoor provient d&rsquo;une culture sativa, c&rsquo;est un croisement entre la Green Master, et la Harlequin. Elle est cultiv\u00e9e en indoor, a temp\u00e9rature et humidit\u00e9 \u00e0 niveau parfait pour assurer une fleur de la meilleure qualit\u00e9.<\/p>\n<p>Le fait qu&rsquo;elle soit crois\u00e9e avec la Harlequin la rend plut\u00f4t fruit\u00e9e, avec un tr\u00e8s joli nez lors de l&rsquo;ouverture du sachet. Elle est l\u00e9g\u00e8rement r\u00e9sineuse et collante lors de l&rsquo;effritement, et de couleur vert clair. Elle est pr\u00e9sent\u00e9e en mini buds, et donc \u00e0 petit prix. Cette nouvelle r\u00e9colte est une vraie r\u00e9ussite, encore meilleure que la pr\u00e9c\u00e9dente. Une superbe vari\u00e9t\u00e9 qui ravira nos amateurs de petites fleurs.<\/p>\n<p>O mais importante para n\u00f3s \u00e9 que podemos fornecer-lhe flores e resinas de excelente valor a pre\u00e7os acess\u00edveis e aceit\u00e1veis, e dentro dos n\u00edveis permitidos pelo TJUE (&lt;0,3% THC).<\/p>\n<p>O que voc\u00ea pode fazer com esses produtos? Infus\u00f5es relaxantes, para melhorar o seu sono, potpourri para impregnar a sua casa com um aroma natural, ou pode us\u00e1-las na sua comida se desejar (saladas, molhos, condimentos).<\/p>\n<p>Aconselhamo-lo a consultar o seu m\u00e9dico, que poder\u00e1 aconselh\u00e1-lo sobre o melhor uso para a sua CDB.<\/p>\n<p>&nbsp;<\/p>\n<p>&nbsp;<\/p>\n<p>&nbsp;<\/p>\n<h6><\/h6>","protected":false},"excerpt":{"rendered":"<p>La nouvelle r\u00e9colte de la Green Crack Indoor provient d&rsquo;une culture sativa, c&rsquo;est un croisement entre la Green Crack, et la Harlequin.<\/p>\n<p>Des petites fleurs l\u00e9g\u00e8rement r\u00e9sineuses et collantes, et surtout \u00e0 l&rsquo;odeur tr\u00e8s fruit\u00e9e et soutenue. Une couleur verte claire, magnifique. Cette nouvelle r\u00e9colte est encore meilleure que la pr\u00e9c\u00e9dente. Alors, clairement une vari\u00e9t\u00e9 \u00e0 ne pas louper pour nos amateurs de mini buds et de produits fruit\u00e9s.<\/p>\n<p>Excelente rela\u00e7\u00e3o custo-benef\u00edcio.<\/p>\n<ul>\n<li>Origem: Su\u00ed\u00e7a<\/li>\n<li>Cultura: interior<\/li>\n<\/ul>\n<table style=\"border-collapse: collapse; width: 192px; height: 205px;\" border=\"1\">\n<tbody>\n<tr>\n<td style=\"width: 50%; text-align: center;\"><strong>THC<\/strong><\/td>\n<td style=\"width: 50%; text-align: center;\"><strong>0.25%<\/strong><\/td>\n<\/tr>\n<tr>\n<td style=\"width: 50%; text-align: center;\"><strong>CDB<\/strong><\/td>\n<td style=\"width: 50%; text-align: center;\"><strong>15 %<\/strong><\/td>\n<\/tr>\n<tr>\n<td style=\"width: 50%; text-align: center;\"><strong>CBG<\/strong><\/td>\n<td style=\"width: 50%; text-align: center;\"><strong>n.d.<\/strong><\/td>\n<\/tr>\n<tr>\n<td style=\"width: 50%; text-align: center;\"><b>Cultura<\/b><\/td>\n<td style=\"width: 50%; text-align: center;\"><strong>interior<\/strong><\/td>\n<\/tr>\n<\/tbody>\n<\/table>","protected":false},"featured_media":16306,"comment_status":"open","ping_status":"closed","template":"","meta":{"inline_featured_image":false},"product_brand":[75],"product_cat":[58,253,258],"product_tag":[220,76,252],"class_list":{"0":"post-13190","1":"product","2":"type-product","3":"status-publish","4":"has-post-thumbnail","6":"product_brand-la-verte","7":"product_cat-fleurs","8":"product_cat-indoor","9":"product_cat-trim-minibuds-cbd","10":"product_tag-fleurs-cbd","11":"product_tag-indoor","12":"product_tag-mini-buds","14":"first","15":"instock","16":"taxable","17":"shipping-taxable","18":"purchasable","19":"product-type-variable"},"jetpack_sharing_enabled":true,"_links":{"self":[{"href":"https:\/\/laverteshop.fr\/pt\/wp-json\/wp\/v2\/product\/13190","targetHints":{"allow":["GET"]}}],"collection":[{"href":"https:\/\/laverteshop.fr\/pt\/wp-json\/wp\/v2\/product"}],"about":[{"href":"https:\/\/laverteshop.fr\/pt\/wp-json\/wp\/v2\/types\/product"}],"replies":[{"embeddable":true,"href":"https:\/\/laverteshop.fr\/pt\/wp-json\/wp\/v2\/comments?post=13190"}],"wp:featuredmedia":[{"embeddable":true,"href":"https:\/\/laverteshop.fr\/pt\/wp-json\/wp\/v2\/media\/16306"}],"wp:attachment":[{"href":"https:\/\/laverteshop.fr\/pt\/wp-json\/wp\/v2\/media?parent=13190"}],"wp:term":[{"taxonomy":"product_brand","embeddable":true,"href":"https:\/\/laverteshop.fr\/pt\/wp-json\/wp\/v2\/product_brand?post=13190"},{"taxonomy":"product_cat","embeddable":true,"href":"https:\/\/laverteshop.fr\/pt\/wp-json\/wp\/v2\/product_cat?post=13190"},{"taxonomy":"product_tag","embeddable":true,"href":"https:\/\/laverteshop.fr\/pt\/wp-json\/wp\/v2\/product_tag?post=13190"}],"curies":[{"name":"wp","href":"https:\/\/api.w.org\/{rel}","templated":true}]}}