{"id":12221,"date":"2022-06-14T15:54:43","date_gmt":"2022-06-14T13:54:43","guid":{"rendered":"https:\/\/laverteshop.fr\/?post_type=product&#038;p=12221"},"modified":"2026-03-08T14:43:00","modified_gmt":"2026-03-08T13:43:00","slug":"pastilha-elastica-para-interior","status":"publish","type":"product","link":"https:\/\/laverteshop.fr\/pt\/produto\/pastilha-elastica-para-interior\/","title":{"rendered":"Pastilha el\u00e1stica para interior"},"content":{"rendered":"<p>La Bubble Gum indoor est une vari\u00e9t\u00e9 de fleur \u00e0 dominance Indica. Elle provient d&rsquo;une culture situ\u00e9e dans le canton du Valais en Suisse. Elle est issue d&rsquo;un m\u00e9lange entre 2 vari\u00e9t\u00e9s bien connues, la Super Skunk et la Big Bud.<\/p>\n<p>\u00c9 cultivado no interior (isto \u00e9, com temperatura, luz e humidade controladas), a sua cor tende para o verde claro, e \u00e9 preenchido com p\u00f3len branco em toda a flor.<\/p>\n<p><span style=\"font-size: 16px;\">A l&rsquo;ouverture du sachet, vous serez ravis par ses odeurs fruit\u00e9es, et pourrez reconnaitre des notes sucr\u00e9es qui se d\u00e9gagent. Un m\u00e9lange de moyenne et grosses buds pour cette bubble gum indoor.<\/span><\/p>\n<p>Os nossos produtos s\u00e3o de qualidade su\u00ed\u00e7a certificada pela CBD. O mais importante para n\u00f3s \u00e9 poder fornecer-lhe flores e resinas de excelente valor, a pre\u00e7os acess\u00edveis e aceit\u00e1veis. E, claro, dentro dos n\u00edveis permitidos pelo TJUE (&lt;0,2% THC).<\/p>\n<p>O que voc\u00ea pode fazer com esses produtos? Infus\u00f5es relaxantes, para melhorar o seu sono, potpourri para impregnar a sua casa com um aroma natural, ou pode us\u00e1-las na sua comida se desejar (saladas, molhos, condimentos).<\/p>\n<p>Aconselhamo-lo a consultar o seu m\u00e9dico, que poder\u00e1 aconselh\u00e1-lo sobre o melhor uso para a sua CDB.<\/p>","protected":false},"excerpt":{"rendered":"<p>A pastilha el\u00e1stica de interior \u00e9 uma variedade de flores \u00cdndica-dominante.<\/p>\n<p>Elle provient d&rsquo;une culture situ\u00e9e dans le canton du Valais en Suisse. Elle est issue d&rsquo;un m\u00e9lange entre 2 vari\u00e9t\u00e9s bien connues, la Super Skunk et la Big Bud.<\/p>\n<p>A cor tende a ser um pouco verde claro, e est\u00e1 cheia de p\u00f3len branco \u00e0 volta da flor.<\/p>\n<p>Uma das nossas melhores variedades, que ir\u00e1 deliciar todos os nossos amantes e conhecedores de flores de interior de qualidade<\/p>\n<ul>\n<li>Cultura : interior<\/li>\n<li>Origem: Su\u00ed\u00e7a<\/li>\n<\/ul>\n<table style=\"border-collapse: collapse; width: 192px; height: 205px;\" border=\"1\">\n<tbody>\n<tr>\n<td style=\"width: 50%; text-align: center;\"><strong>THC<\/strong><\/td>\n<td style=\"width: 50%; text-align: center;\"><strong>&lt;0.2%<\/strong><\/td>\n<\/tr>\n<tr>\n<td style=\"width: 50%; text-align: center;\"><strong>CDB<\/strong><\/td>\n<td style=\"width: 50%; text-align: center;\"><strong>16 %<\/strong><\/td>\n<\/tr>\n<tr>\n<td style=\"width: 50%; text-align: center;\"><strong>CBG<\/strong><\/td>\n<td style=\"width: 50%; text-align: center;\"><strong>n.d.<\/strong><\/td>\n<\/tr>\n<tr>\n<td style=\"width: 50%; text-align: center;\"><b>Cultura<\/b><\/td>\n<td style=\"width: 50%; text-align: center;\"><strong>interior<\/strong><\/td>\n<\/tr>\n<\/tbody>\n<\/table>","protected":false},"featured_media":18700,"comment_status":"open","ping_status":"closed","template":"","meta":{"inline_featured_image":false},"product_brand":[75],"product_cat":[58,253],"product_tag":[220,76],"class_list":{"0":"post-12221","1":"product","2":"type-product","3":"status-publish","4":"has-post-thumbnail","6":"product_brand-la-verte","7":"product_cat-fleurs","8":"product_cat-indoor","9":"product_tag-fleurs-cbd","10":"product_tag-indoor","12":"first","13":"instock","14":"taxable","15":"shipping-taxable","16":"purchasable","17":"product-type-variable"},"jetpack_sharing_enabled":true,"_links":{"self":[{"href":"https:\/\/laverteshop.fr\/pt\/wp-json\/wp\/v2\/product\/12221","targetHints":{"allow":["GET"]}}],"collection":[{"href":"https:\/\/laverteshop.fr\/pt\/wp-json\/wp\/v2\/product"}],"about":[{"href":"https:\/\/laverteshop.fr\/pt\/wp-json\/wp\/v2\/types\/product"}],"replies":[{"embeddable":true,"href":"https:\/\/laverteshop.fr\/pt\/wp-json\/wp\/v2\/comments?post=12221"}],"wp:featuredmedia":[{"embeddable":true,"href":"https:\/\/laverteshop.fr\/pt\/wp-json\/wp\/v2\/media\/18700"}],"wp:attachment":[{"href":"https:\/\/laverteshop.fr\/pt\/wp-json\/wp\/v2\/media?parent=12221"}],"wp:term":[{"taxonomy":"product_brand","embeddable":true,"href":"https:\/\/laverteshop.fr\/pt\/wp-json\/wp\/v2\/product_brand?post=12221"},{"taxonomy":"product_cat","embeddable":true,"href":"https:\/\/laverteshop.fr\/pt\/wp-json\/wp\/v2\/product_cat?post=12221"},{"taxonomy":"product_tag","embeddable":true,"href":"https:\/\/laverteshop.fr\/pt\/wp-json\/wp\/v2\/product_tag?post=12221"}],"curies":[{"name":"wp","href":"https:\/\/api.w.org\/{rel}","templated":true}]}}