{"id":11948,"date":"2022-05-27T11:11:50","date_gmt":"2022-05-27T09:11:50","guid":{"rendered":"https:\/\/laverteshop.fr\/product\/the-de-chanvre-bio-aux-fruits-et-aux-feuilles-de-framboise-hanf-natur-bio-40g\/"},"modified":"2025-07-15T16:49:35","modified_gmt":"2025-07-15T14:49:35","slug":"o-de-chanvre-bio-com-frutas-e-folhas-de-framboesa-hanf-natur-bio-40g","status":"publish","type":"product","link":"https:\/\/laverteshop.fr\/pt\/produto\/o-de-chanvre-bio-com-frutas-e-folhas-de-framboesa-hanf-natur-bio-40g\/","title":{"rendered":"Ch\u00e1 de c\u00e2nhamo biol\u00f3gico - Hanf &amp; Natur - Frutos de framboesa &amp; Folhas 40g"},"content":{"rendered":"<p>Ingr\u00e9dients : Feuilles de chanvre (35%), th\u00e9 aux fruits (33%) : Cynorhodon, morceaux de pomme, hibiscus, \u00e9corce d&rsquo;orange, huile essentielle d&rsquo;orange), feuilles de framboisier (32%) &#8211; tous issus de culture biologique contr\u00f4l\u00e9e.<\/p>\n<p>Pr\u00e9paration : Versez 1 cuill\u00e8re \u00e0 caf\u00e9 du m\u00e9lange dans de l&rsquo;eau bouillante, laissez infuser pendant 8 minutes et d\u00e9gustez.<\/p>\n<p>Nota: O ch\u00e1 n\u00e3o \u00e9 adequado para crian\u00e7as com menos de 15 kg.<\/p>","protected":false},"excerpt":{"rendered":"<p>Ch\u00e1 de c\u00e2nhamo org\u00e2nico com frutos e folhas de framboesa - solto 40g<\/p>\n<p>A mistura de ch\u00e1 biol\u00f3gico de ervas \u00e9 ao mesmo tempo sem ch\u00e1 e sem \u00e1cido, e portanto muito diger\u00edvel.<\/p>\n<p>Gra\u00e7as \u00e0 sua atraente embalagem numa caixa de cart\u00e3o exclusiva, os ch\u00e1s de <span class=\"base\" data-ui-id=\"page-title-wrapper\">Hanf &amp; Natur Bio <\/span>s\u00e3o tamb\u00e9m ideais como uma pequena ideia de presente - far\u00e3o os cora\u00e7\u00f5es dos amantes de ch\u00e1 bater mais depressa.<\/p>","protected":false},"featured_media":11947,"comment_status":"open","ping_status":"closed","template":"","meta":{"inline_featured_image":false},"product_brand":[240],"product_cat":[241],"product_tag":[251],"class_list":{"0":"post-11948","1":"product","2":"type-product","3":"status-publish","4":"has-post-thumbnail","6":"product_brand-hanf-natur","7":"product_cat-the","8":"product_tag-thes-infusions","10":"first","11":"outofstock","12":"taxable","13":"shipping-taxable","14":"purchasable","15":"product-type-simple"},"jetpack_sharing_enabled":true,"_links":{"self":[{"href":"https:\/\/laverteshop.fr\/pt\/wp-json\/wp\/v2\/product\/11948","targetHints":{"allow":["GET"]}}],"collection":[{"href":"https:\/\/laverteshop.fr\/pt\/wp-json\/wp\/v2\/product"}],"about":[{"href":"https:\/\/laverteshop.fr\/pt\/wp-json\/wp\/v2\/types\/product"}],"replies":[{"embeddable":true,"href":"https:\/\/laverteshop.fr\/pt\/wp-json\/wp\/v2\/comments?post=11948"}],"wp:featuredmedia":[{"embeddable":true,"href":"https:\/\/laverteshop.fr\/pt\/wp-json\/wp\/v2\/media\/11947"}],"wp:attachment":[{"href":"https:\/\/laverteshop.fr\/pt\/wp-json\/wp\/v2\/media?parent=11948"}],"wp:term":[{"taxonomy":"product_brand","embeddable":true,"href":"https:\/\/laverteshop.fr\/pt\/wp-json\/wp\/v2\/product_brand?post=11948"},{"taxonomy":"product_cat","embeddable":true,"href":"https:\/\/laverteshop.fr\/pt\/wp-json\/wp\/v2\/product_cat?post=11948"},{"taxonomy":"product_tag","embeddable":true,"href":"https:\/\/laverteshop.fr\/pt\/wp-json\/wp\/v2\/product_tag?post=11948"}],"curies":[{"name":"wp","href":"https:\/\/api.w.org\/{rel}","templated":true}]}}