{"id":11865,"date":"2022-05-19T10:52:25","date_gmt":"2022-05-19T08:52:25","guid":{"rendered":"https:\/\/laverteshop.fr\/product\/volcano-classic-onyx-incl-easy-valve-storz-und-bickel\/"},"modified":"2025-07-15T15:03:57","modified_gmt":"2025-07-15T13:03:57","slug":"volcano-classic-onyx-incl-easy-valve-storz-und-bickel","status":"publish","type":"product","link":"https:\/\/laverteshop.fr\/pt\/produto\/volcano-classic-onyx-incl-easy-valve-storz-und-bickel\/","title":{"rendered":"Vulc\u00e3o Cl\u00e1ssico ONYX incl. V\u00e1lvula F\u00e1cil - Storz und Bickel"},"content":{"rendered":"<p><strong>Conte\u00fado da entrega<\/strong><br \/>\n1x Vulc\u00e3o Cl\u00e1ssico ONYX<br \/>\n4x Bal\u00e3o Easy Valve com boquilha<br \/>\n1x Bal\u00e3o de v\u00e1lvula f\u00e1cil com adaptador<br \/>\n1x C\u00e2mara de enchimento<br \/>\n3x Clip para c\u00e2mara de enchimento<br \/>\n1x Anel de tampa<br \/>\n1x Conjunto de filtro normal (\u00f8 ca. 30mm)<br \/>\n1x Conjunto de filtros de ar<br \/>\n1x Moinho de ervas (\u00f8 ca. 59mm)<br \/>\n1x Escova de limpeza,<br \/>\n1x Instru\u00e7\u00f5es de utiliza\u00e7\u00e3o<\/p>","protected":false},"excerpt":{"rendered":"<p><strong>Vulc\u00e3o Cl\u00e1ssico ONYX Edition\u00a0<\/strong><strong>incl. V\u00e1lvula f\u00e1cil<\/strong><\/p>\n<p>O Vulc\u00e3o \u00e9 o vaporizador original, e \u00e9 sedutor na sua qualidade e efic\u00e1cia. Est\u00e1 agora dispon\u00edvel numa edi\u00e7\u00e3o ONYX - n\u00e3o deixe de obter o seu exemplar!<\/p>\n<p>La couleur onyx rappelle la pierre de lave, c&rsquo;est pourquoi elle s&rsquo;accorde parfaitement avec la forme iconique du Volcano \ud83d\ude42 un accroche-regard absolu pour tout amateur de Volcano.<\/p>\n<p>Gra\u00e7as ao revestimento em p\u00f3 de alta qualidade, o cone \u00e9 agora mais resistente a arranh\u00f5es. A durabilidade comprovada dos produtos Storz e Bickel \u00e9 assim continuada nesta edi\u00e7\u00e3o especial.<\/p>","protected":false},"featured_media":11863,"comment_status":"open","ping_status":"closed","template":"","meta":{"inline_featured_image":false},"product_brand":[249],"product_cat":[248],"product_tag":[],"class_list":{"0":"post-11865","1":"product","2":"type-product","3":"status-publish","4":"has-post-thumbnail","6":"product_brand-storz-und-bickel","7":"product_cat-vaporisateurs","9":"first","10":"instock","11":"taxable","12":"shipping-taxable","13":"purchasable","14":"product-type-simple"},"jetpack_sharing_enabled":true,"_links":{"self":[{"href":"https:\/\/laverteshop.fr\/pt\/wp-json\/wp\/v2\/product\/11865","targetHints":{"allow":["GET"]}}],"collection":[{"href":"https:\/\/laverteshop.fr\/pt\/wp-json\/wp\/v2\/product"}],"about":[{"href":"https:\/\/laverteshop.fr\/pt\/wp-json\/wp\/v2\/types\/product"}],"replies":[{"embeddable":true,"href":"https:\/\/laverteshop.fr\/pt\/wp-json\/wp\/v2\/comments?post=11865"}],"wp:featuredmedia":[{"embeddable":true,"href":"https:\/\/laverteshop.fr\/pt\/wp-json\/wp\/v2\/media\/11863"}],"wp:attachment":[{"href":"https:\/\/laverteshop.fr\/pt\/wp-json\/wp\/v2\/media?parent=11865"}],"wp:term":[{"taxonomy":"product_brand","embeddable":true,"href":"https:\/\/laverteshop.fr\/pt\/wp-json\/wp\/v2\/product_brand?post=11865"},{"taxonomy":"product_cat","embeddable":true,"href":"https:\/\/laverteshop.fr\/pt\/wp-json\/wp\/v2\/product_cat?post=11865"},{"taxonomy":"product_tag","embeddable":true,"href":"https:\/\/laverteshop.fr\/pt\/wp-json\/wp\/v2\/product_tag?post=11865"}],"curies":[{"name":"wp","href":"https:\/\/api.w.org\/{rel}","templated":true}]}}