{"id":11862,"date":"2022-05-19T10:52:23","date_gmt":"2022-05-19T08:52:23","guid":{"rendered":"https:\/\/laverteshop.fr\/product\/crafty-plus-storz-bickel\/"},"modified":"2025-07-15T15:03:58","modified_gmt":"2025-07-15T13:03:58","slug":"crafty-plus-storz-bickel","status":"publish","type":"product","link":"https:\/\/laverteshop.fr\/pt\/produto\/crafty-plus-storz-bickel\/","title":{"rendered":"Crafty Plus - Storz &amp; Bickel"},"content":{"rendered":"<p><strong>Conte\u00fado da entrega<\/strong><\/p>\n<p>1 x CRAFTY Plus Sprayer<br \/>\n1 x Fonte de alimenta\u00e7\u00e3o com cabo USB<br \/>\n1 x almofada l\u00edquida,<br \/>\n3 x peneiras de reserva,<br \/>\n1 x Escova de limpeza,<br \/>\n1 x Moinho de ervas,<br \/>\n1 x Acess\u00f3rio de Enchimento,<br \/>\n1 x Conjunto de juntas de reserva,<br \/>\n1 x Mode d&rsquo;Emploi<\/p>\n<p><strong>Observa\u00e7\u00f5es<\/strong><\/p>\n<p>En cas de probl\u00e8me avec l&rsquo;appareil ou de recours \u00e0 la garantie, adresse-toi directement \u00e0 Storz &amp; Bickel : www.storz-bickel.com et suis leurs instructions.<\/p>\n<p>L&rsquo;application Storz &amp; Bickel n&rsquo;est actuellement pas disponible dans l&rsquo;App Store d&rsquo;Apple. Les param\u00e8tres du Crafty Plus peuvent toutefois \u00eatre adapt\u00e9s via l&rsquo;application web Storz &amp; Bickel.<\/p>\n<p>D&rsquo;un point de vue technique, le Crafty Plus peut \u00e9galement \u00eatre charg\u00e9 avec un c\u00e2ble de chargement USB-C vers USB-C.<\/p>\n<p>Les vitesses de charge les plus rapides sont obtenues avec un adaptateur secteur qui fournit les vitesses de charge support\u00e9es par le Crafty Plus (jusqu&rsquo;\u00e0 +5V 2.4A).<\/p>\n<p><strong>Aten\u00e7\u00e3o<\/strong><\/p>\n<p>O Crafty Plus pode ser carregado com adaptadores de parede at\u00e9 1 amp\u00e8re!<\/p>\n<p>Observar sempre os avisos na embalagem!<\/p>\n<p>(A maioria dos adaptadores de pot\u00eancia para smartphones funcionam com mais de 1 amp\u00e8re e n\u00e3o s\u00e3o adequados).<\/p>\n<div><\/div>","protected":false},"excerpt":{"rendered":"<p>Crafty Plus - Storz &amp; Bickel<\/p>\n<p>A \u00faltima vers\u00e3o do Crafty da Storz &amp; Bickel: o Crafty Plus com as seguintes caracter\u00edsticas inovadoras:<\/p>\n<p>&#8211; 30% d&rsquo;autonomie en plus<\/p>\n<p>- 25 minutos de tempo de carregamento mais r\u00e1pido<\/p>\n<p>- Tomada de carregamento USB-C<\/p>\n<p>- C\u00e2mara de enchimento de 1,4m\u00b3 com revestimento cer\u00e2mico<\/p>\n<p>Le Crafty Plus est le plus petit vaporisateur de Storz &amp; Bickel, mais il utilise une combinaison de chauffage par convection et par conduction. Cette technologie se caract\u00e9rise surtout par un chauffage uniforme et efficace des herbes et permet un flux d&rsquo;air exceptionnel ainsi qu&rsquo;une inhalation sans effort. Le Crafty Plus atteint la temp\u00e9rature souhait\u00e9e en moins de 60 secondes &#8211; plus vite, mieux, plus savoureux !<\/p>\n<p>A constru\u00e7\u00e3o compacta do Crafty Plus com uma \u00fanica bateria de i\u00f5es de l\u00edtio \u00e9 continuada no pr\u00e1tico controlo de um toque. Al\u00e9m disso, o novo desenho e o material de habita\u00e7\u00e3o melhorado garantem uma ader\u00eancia optimizada. N\u00e3o vai querer largar o seu Crafty Plus \ud83d\ude42<\/p>\n<p>Enquanto a temperatura de base \u00e9 de 180\u00baC, um duplo clique no bot\u00e3o on\/off define a temperatura de refor\u00e7o para 195\u00baC e um triplo clique define a temperatura de super refor\u00e7o para 210\u00baC (m\u00e1ximo).<\/p>\n<p>Un autre avantage int\u00e9ressant du Crafty Plus: avec l&rsquo;application gratuite Remote Control, tu as la possibilit\u00e9 de programmer la temp\u00e9rature de base et la temp\u00e9rature booster selon tes pr\u00e9f\u00e9rences personnelles.<\/p>\n<p><strong>Especifica\u00e7\u00f5es<\/strong><\/p>\n<p>Dimens\u00f5es: 11 x 5,7 x 3,3cm<\/p>\n<p>Peso: 135g<\/p>","protected":false},"featured_media":11859,"comment_status":"open","ping_status":"closed","template":"","meta":{"inline_featured_image":false},"product_brand":[249],"product_cat":[248],"product_tag":[],"class_list":{"0":"post-11862","1":"product","2":"type-product","3":"status-publish","4":"has-post-thumbnail","6":"product_brand-storz-und-bickel","7":"product_cat-vaporisateurs","9":"first","10":"instock","11":"taxable","12":"shipping-taxable","13":"purchasable","14":"product-type-simple"},"jetpack_sharing_enabled":true,"_links":{"self":[{"href":"https:\/\/laverteshop.fr\/pt\/wp-json\/wp\/v2\/product\/11862","targetHints":{"allow":["GET"]}}],"collection":[{"href":"https:\/\/laverteshop.fr\/pt\/wp-json\/wp\/v2\/product"}],"about":[{"href":"https:\/\/laverteshop.fr\/pt\/wp-json\/wp\/v2\/types\/product"}],"replies":[{"embeddable":true,"href":"https:\/\/laverteshop.fr\/pt\/wp-json\/wp\/v2\/comments?post=11862"}],"wp:featuredmedia":[{"embeddable":true,"href":"https:\/\/laverteshop.fr\/pt\/wp-json\/wp\/v2\/media\/11859"}],"wp:attachment":[{"href":"https:\/\/laverteshop.fr\/pt\/wp-json\/wp\/v2\/media?parent=11862"}],"wp:term":[{"taxonomy":"product_brand","embeddable":true,"href":"https:\/\/laverteshop.fr\/pt\/wp-json\/wp\/v2\/product_brand?post=11862"},{"taxonomy":"product_cat","embeddable":true,"href":"https:\/\/laverteshop.fr\/pt\/wp-json\/wp\/v2\/product_cat?post=11862"},{"taxonomy":"product_tag","embeddable":true,"href":"https:\/\/laverteshop.fr\/pt\/wp-json\/wp\/v2\/product_tag?post=11862"}],"curies":[{"name":"wp","href":"https:\/\/api.w.org\/{rel}","templated":true}]}}