{"id":11858,"date":"2022-05-19T10:52:21","date_gmt":"2022-05-19T08:52:21","guid":{"rendered":"https:\/\/laverteshop.fr\/product\/mighty-plus-storz-und-bickel\/"},"modified":"2025-07-15T15:03:59","modified_gmt":"2025-07-15T13:03:59","slug":"mighty-plus-storz-und-bickel","status":"publish","type":"product","link":"https:\/\/laverteshop.fr\/pt\/produto\/mighty-plus-storz-und-bickel\/","title":{"rendered":"Mighty Plus - Storz und Bickel"},"content":{"rendered":"<p><strong>Inclui no pacote:<\/strong><\/p>\n<p>-1x Poderoso+<br \/>\n-1x USB-C para USB-A<br \/>\n-3x Peneira padr\u00e3o<br \/>\n-3x Peneira grosseira<br \/>\n-3x Selo base<br \/>\n-1x c\u00e1psula doseadora<br \/>\n-1x Escova de limpeza<br \/>\n-1x Instru\u00e7\u00f5es de utiliza\u00e7\u00e3o<\/p>\n<div><\/div>\n<div>\n<div>\n<div><strong>Nota<\/strong><\/div>\n<div>D&rsquo;un point de vue technique, le Mighty Plus peut \u00e9galement \u00eatre charg\u00e9 avec un c\u00e2ble de chargement USB-C vers USB-C.<\/div>\n<div>As velocidades de carregamento mais r\u00e1pidas s\u00e3o alcan\u00e7adas com um adaptador de energia que fornece as velocidades de carregamento suportadas pelo Mighty Plus (adaptador de energia de 45W com 15V 3A, suporte de fornecimento de energia).<\/div>\n<\/div>\n<\/div>","protected":false},"excerpt":{"rendered":"<p><strong>Storz und Bickel Mighty Plus<\/strong><\/p>\n<p>Melhor, mais r\u00e1pido, mais forte. Sinta o poder do novo e melhorado MIGHTY Plus.<\/p>\n<p>Desde o seu lan\u00e7amento, o MIGHTY tem estado num campeonato pr\u00f3prio.<\/p>\n<p>Aujourd&rsquo;hui, le MIGHTY Plus place la barre encore plus haut gr\u00e2ce \u00e0 ces nouvelles fonctionnalit\u00e9s \u00e9tonnantes :<\/p>\n<ul>\n<li>Tomada USB-C<\/li>\n<li>Fun\u00e7\u00e3o de sobrecarga: 80 carga de % em 40 minutos<\/li>\n<li>Aquece em cerca de 60 segundos<\/li>\n<li>C\u00e2mara de enchimento com revestimento cer\u00e2mico<\/li>\n<li>Desenho optimizado para melhor estabilidade<\/li>\n<li>Temperatura pr\u00e9-definida do superbooster<\/li>\n<li>Melhoramento da habita\u00e7\u00e3o<\/li>\n<li>2 ans de garantie + 1 an \u00e0 l&rsquo;enregistrement<\/li>\n<\/ul>","protected":false},"featured_media":11855,"comment_status":"open","ping_status":"closed","template":"","meta":{"inline_featured_image":false},"product_brand":[249],"product_cat":[248],"product_tag":[],"class_list":{"0":"post-11858","1":"product","2":"type-product","3":"status-publish","4":"has-post-thumbnail","6":"product_brand-storz-und-bickel","7":"product_cat-vaporisateurs","9":"first","10":"instock","11":"taxable","12":"shipping-taxable","13":"purchasable","14":"product-type-simple"},"jetpack_sharing_enabled":true,"_links":{"self":[{"href":"https:\/\/laverteshop.fr\/pt\/wp-json\/wp\/v2\/product\/11858","targetHints":{"allow":["GET"]}}],"collection":[{"href":"https:\/\/laverteshop.fr\/pt\/wp-json\/wp\/v2\/product"}],"about":[{"href":"https:\/\/laverteshop.fr\/pt\/wp-json\/wp\/v2\/types\/product"}],"replies":[{"embeddable":true,"href":"https:\/\/laverteshop.fr\/pt\/wp-json\/wp\/v2\/comments?post=11858"}],"wp:featuredmedia":[{"embeddable":true,"href":"https:\/\/laverteshop.fr\/pt\/wp-json\/wp\/v2\/media\/11855"}],"wp:attachment":[{"href":"https:\/\/laverteshop.fr\/pt\/wp-json\/wp\/v2\/media?parent=11858"}],"wp:term":[{"taxonomy":"product_brand","embeddable":true,"href":"https:\/\/laverteshop.fr\/pt\/wp-json\/wp\/v2\/product_brand?post=11858"},{"taxonomy":"product_cat","embeddable":true,"href":"https:\/\/laverteshop.fr\/pt\/wp-json\/wp\/v2\/product_cat?post=11858"},{"taxonomy":"product_tag","embeddable":true,"href":"https:\/\/laverteshop.fr\/pt\/wp-json\/wp\/v2\/product_tag?post=11858"}],"curies":[{"name":"wp","href":"https:\/\/api.w.org\/{rel}","templated":true}]}}