{"id":11466,"date":"2022-04-15T10:10:26","date_gmt":"2022-04-15T08:10:26","guid":{"rendered":"https:\/\/laverteshop.fr\/?post_type=product&#038;p=11466"},"modified":"2025-07-15T16:50:40","modified_gmt":"2025-07-15T14:50:40","slug":"kief-marocaina-3-vezes-filtro","status":"publish","type":"product","link":"https:\/\/laverteshop.fr\/pt\/produto\/kief-marocaina-3-vezes-filtro\/","title":{"rendered":"Kief marroquino 3x filtrado"},"content":{"rendered":"<p>O Kief 3x marroquino filtrado \u00e9 um haxixe bem conhecido de Marrocos. A nossa \u00e9 feita a partir de flores su\u00ed\u00e7as da CBD e processada num laborat\u00f3rio certificado.<\/p>\n<p>Il se pr\u00e9sente en une r\u00e9sine compacte, mais soyeuse. Et surtout, c&rsquo;est un hash qui a \u00e9t\u00e9 filtr\u00e9 3 fois lors de sa cr\u00e9ation, donc il est tr\u00e8s pur. Il est de couleur marron fonc\u00e9e, et lors de sa combustion, il apparaitra l\u00e9g\u00e8rement liquide, mais tr\u00e8s facile \u00e0 utiliser. L\u00e9g\u00e8rement collant, et a une belle odeur plut\u00f4t douce et \u00e9pic\u00e9e lorsqu&rsquo;il est chauff\u00e9.<\/p>\n<p>Vous pouvez l&rsquo;utiliser de 2 mani\u00e8res: Soit le chauffer, ce qui fera une huile que vous versez dans votre pr\u00e9paration. Soit en l&rsquo;effritant sans le chauffer, et alors vous aurez des petits bouts dans votre pr\u00e9paration.<\/p>\n<p>O seu conte\u00fado em CDB \u00e9 superior a 20%, pelo que assegurar\u00e1 um bom relaxamento.<\/p>\n<p>Parfait pour m\u00e9langer avec de la trim par exemple, c&rsquo;est un produit qui ravira les connaisseurs de bonnes r\u00e9sines.<\/p>\n<p>Os nossos produtos s\u00e3o de qualidade su\u00ed\u00e7a certificada pela CBD. O mais importante para n\u00f3s \u00e9 poder fornecer-lhe flores e resinas de excelente valor, a pre\u00e7os acess\u00edveis e aceit\u00e1veis, e dentro dos n\u00edveis permitidos pelo CJEU (&lt;0,3% THC).<\/p>\n<p>O que voc\u00ea pode fazer com esses produtos? Infus\u00f5es relaxantes, para melhorar o seu sono, potpourri para impregnar a sua casa com um aroma natural, ou pode us\u00e1-las na sua comida se desejar (saladas, molhos, condimentos).<\/p>\n<p><strong>NOTA IMPORTANTE:<\/strong> Nos r\u00e9sines et hash sont pr\u00e9par\u00e9s dans des laboratoires certifi\u00e9s, avec des proc\u00e9d\u00e9s et techniques qui appartiennent seulement aux producteurs avec qui nous travaillons. La texture et l&rsquo;odeur des produits peuvent donc changer d&rsquo;une r\u00e9colte \u00e0 une autre, d\u00e9pendant aussi de la fleur utilis\u00e9e. Si vous avez un probl\u00e8me avec un produit, contactez nous \u00e0 <a href=\"mailto:contact@laverteshop.fr\">contact@laverteshop.fr<\/a> e encontraremos uma solu\u00e7\u00e3o para a sua satisfa\u00e7\u00e3o. Obrigado pela vossa compreens\u00e3o.<\/p>\n<p>Aconselhamo-lo a consultar o seu m\u00e9dico, que poder\u00e1 aconselh\u00e1-lo sobre o melhor uso para a sua CDB.<\/p>","protected":false},"excerpt":{"rendered":"<p>O Kief 3x marroquino filtrado \u00e9 um haxixe bem conhecido de Marrocos. A nossa \u00e9 feita a partir de flores su\u00ed\u00e7as da CBD e processada num laborat\u00f3rio certificado.<\/p>\n<p>Il se pr\u00e9sente en une r\u00e9sine compacte, mais soyeuse. Et surtout, c&rsquo;est un hash qui a \u00e9t\u00e9 filtr\u00e9 3 fois lors de sa cr\u00e9ation, donc il est tr\u00e8s pur. Il est de couleur marron fonc\u00e9e, et lors de sa combustion, il apparaitra l\u00e9g\u00e8rement liquide, mais tr\u00e8s facile \u00e0 utiliser. Vous pouvez soit le chauffer et mettre l&rsquo;huile qui en ressort dans la pr\u00e9paration, soit l&rsquo;effriter avec vos doigts et utiliser les petits bouts qui en ressorte.<\/p>\n<p>Il ne colle pas, et a une belle odeur plut\u00f4t douce et \u00e9pic\u00e9e lorsqu&rsquo;il est chauff\u00e9.<\/p>\n<ul>\n<li>resina compacta<\/li>\n<li>CBD: 20%<\/li>\n<li>De flores de interior CBD<\/li>\n<\/ul>\n<table style=\"border-collapse: collapse; width: 192px; height: 205px;\" border=\"1\">\n<tbody>\n<tr>\n<td style=\"width: 50%; text-align: center;\"><strong>THC<\/strong><\/td>\n<td style=\"width: 50%; text-align: center;\"><strong>0.2%<\/strong><\/td>\n<\/tr>\n<tr>\n<td style=\"width: 50%; text-align: center;\"><strong>CDB<\/strong><\/td>\n<td style=\"width: 50%; text-align: center;\"><strong>20%<\/strong><\/td>\n<\/tr>\n<tr>\n<td style=\"width: 50%; text-align: center;\"><strong>CBG<\/strong><\/td>\n<td style=\"width: 50%; text-align: center;\"><strong>n.d.<\/strong><\/td>\n<\/tr>\n<tr>\n<td style=\"width: 50%; text-align: center;\"><b>Cultura<\/b><\/td>\n<td style=\"width: 50%; text-align: center;\"><strong>interior<\/strong><\/td>\n<\/tr>\n<\/tbody>\n<\/table>","protected":false},"featured_media":11467,"comment_status":"open","ping_status":"closed","template":"","meta":{"inline_featured_image":false},"product_brand":[75],"product_cat":[59],"product_tag":[244,229,230],"class_list":{"0":"post-11466","1":"product","2":"type-product","3":"status-publish","4":"has-post-thumbnail","6":"product_brand-la-verte","7":"product_cat-pollens","8":"product_tag-hash","9":"product_tag-pollens","10":"product_tag-resines","12":"first","13":"outofstock","14":"taxable","15":"shipping-taxable","16":"purchasable","17":"product-type-variable"},"jetpack_sharing_enabled":true,"_links":{"self":[{"href":"https:\/\/laverteshop.fr\/pt\/wp-json\/wp\/v2\/product\/11466","targetHints":{"allow":["GET"]}}],"collection":[{"href":"https:\/\/laverteshop.fr\/pt\/wp-json\/wp\/v2\/product"}],"about":[{"href":"https:\/\/laverteshop.fr\/pt\/wp-json\/wp\/v2\/types\/product"}],"replies":[{"embeddable":true,"href":"https:\/\/laverteshop.fr\/pt\/wp-json\/wp\/v2\/comments?post=11466"}],"wp:featuredmedia":[{"embeddable":true,"href":"https:\/\/laverteshop.fr\/pt\/wp-json\/wp\/v2\/media\/11467"}],"wp:attachment":[{"href":"https:\/\/laverteshop.fr\/pt\/wp-json\/wp\/v2\/media?parent=11466"}],"wp:term":[{"taxonomy":"product_brand","embeddable":true,"href":"https:\/\/laverteshop.fr\/pt\/wp-json\/wp\/v2\/product_brand?post=11466"},{"taxonomy":"product_cat","embeddable":true,"href":"https:\/\/laverteshop.fr\/pt\/wp-json\/wp\/v2\/product_cat?post=11466"},{"taxonomy":"product_tag","embeddable":true,"href":"https:\/\/laverteshop.fr\/pt\/wp-json\/wp\/v2\/product_tag?post=11466"}],"curies":[{"name":"wp","href":"https:\/\/api.w.org\/{rel}","templated":true}]}}