{"id":10123,"date":"2021-11-29T16:42:14","date_gmt":"2021-11-29T15:42:14","guid":{"rendered":"https:\/\/laverteshop.fr\/?post_type=product&#038;p=10123"},"modified":"2026-03-27T15:38:47","modified_gmt":"2026-03-27T14:38:47","slug":"caramelo-hash-cbd","status":"publish","type":"product","link":"https:\/\/laverteshop.fr\/pt\/produto\/caramelo-hash-cbd\/","title":{"rendered":"Caramello Hash"},"content":{"rendered":"<p>Notre Caramello est d&rsquo;une couleur marron fonc\u00e9, il est assez mou au touch\u00e9, et peut s&rsquo;\u00e9ffriter tr\u00e8s facilement avec une r\u00e2pe ou en combustion.<\/p>\n<p>Um ligeiro sabor residual de resina doce e um teor bastante elevado de CDB que garante um bom relaxamento.<\/p>\n<p>Os nossos produtos s\u00e3o de qualidade su\u00ed\u00e7a certificada pela CBD. O mais importante para n\u00f3s \u00e9 poder fornecer-lhe flores e p\u00f3lenes de excelente valor a pre\u00e7os acess\u00edveis e aceit\u00e1veis, e dentro dos n\u00edveis permitidos pelo CJEU (&lt;0.2% THC).<\/p>\n<p>O que voc\u00ea pode fazer com esses produtos?<\/p>\n<ul>\n<li>Infus\u00f5es relaxantes para melhorar o seu sono,<\/li>\n<li>Potpourri para um cheiro natural em sua casa<\/li>\n<li>Na sua comida, se desejar (saladas, molhos, temperos).<\/li>\n<\/ul>\n<p><strong>NOTA IMPORTANTE:<\/strong> Nos r\u00e9sines et hash sont pr\u00e9par\u00e9s dans des laboratoires certifi\u00e9s, avec des proc\u00e9d\u00e9s et techniques qui appartiennent seulement aux producteurs avec qui nous travaillons. La texture et l&rsquo;odeur des produits peuvent donc changer d&rsquo;une r\u00e9colte \u00e0 une autre, d\u00e9pendant aussi de la fleur utilis\u00e9e. Si vous avez un probl\u00e8me avec un produit, contactez nous \u00e0 <a href=\"mailto:contact@laverteshop.fr\">contact@laverteshop.fr<\/a> e encontraremos uma solu\u00e7\u00e3o para a sua satisfa\u00e7\u00e3o. Obrigado pela vossa compreens\u00e3o.<\/p>\n<p>Aconselhamo-lo a consultar o seu m\u00e9dico, que poder\u00e1 aconselh\u00e1-lo sobre o melhor uso para a sua CDB.<\/p>","protected":false},"excerpt":{"rendered":"<p>Notre Caramello hash est un de nos best sellers. D&rsquo;une couleur marron fonc\u00e9, il est assez plut\u00f4t moelleux au touch\u00e9, et peut s&rsquo;\u00e9ffriter tr\u00e8s facilement avec une r\u00e2pe ou en combustion.<\/p>\n<p>Um ligeiro sabor residual de resina doce e um teor bastante elevado de CDB que garante um bom relaxamento.<\/p>\n<p>C&rsquo;est un produit tr\u00e8s simple a utiliser, et qui n&rsquo;est pas trop fort, donc pour tout moment de la journ\u00e9e !<\/p>\n<table style=\"border-collapse: collapse; width: 192px; height: 205px;\" border=\"1\">\n<tbody>\n<tr>\n<td style=\"width: 50%; text-align: center;\"><strong>THC<\/strong><\/td>\n<td style=\"width: 50%; text-align: center;\"><strong>0.19%<\/strong><\/td>\n<\/tr>\n<tr>\n<td style=\"width: 50%; text-align: center;\"><strong>CDB<\/strong><\/td>\n<td style=\"width: 50%; text-align: center;\"><strong>21-25%<\/strong><\/td>\n<\/tr>\n<tr>\n<td style=\"width: 50%; text-align: center;\"><strong>CBG<\/strong><\/td>\n<td style=\"width: 50%; text-align: center;\"><strong>n.d.<\/strong><\/td>\n<\/tr>\n<tr>\n<td style=\"width: 50%; text-align: center;\"><b>Cultura<\/b><\/td>\n<td style=\"width: 50%; text-align: center;\"><strong>interior<\/strong><\/td>\n<\/tr>\n<\/tbody>\n<\/table>","protected":false},"featured_media":17485,"comment_status":"open","ping_status":"closed","template":"","meta":{"inline_featured_image":false},"product_brand":[75],"product_cat":[59],"product_tag":[229,230],"class_list":{"0":"post-10123","1":"product","2":"type-product","3":"status-publish","4":"has-post-thumbnail","6":"product_brand-la-verte","7":"product_cat-pollens","8":"product_tag-pollens","9":"product_tag-resines","11":"first","12":"instock","13":"taxable","14":"shipping-taxable","15":"purchasable","16":"product-type-variable"},"jetpack_sharing_enabled":true,"_links":{"self":[{"href":"https:\/\/laverteshop.fr\/pt\/wp-json\/wp\/v2\/product\/10123","targetHints":{"allow":["GET"]}}],"collection":[{"href":"https:\/\/laverteshop.fr\/pt\/wp-json\/wp\/v2\/product"}],"about":[{"href":"https:\/\/laverteshop.fr\/pt\/wp-json\/wp\/v2\/types\/product"}],"replies":[{"embeddable":true,"href":"https:\/\/laverteshop.fr\/pt\/wp-json\/wp\/v2\/comments?post=10123"}],"wp:featuredmedia":[{"embeddable":true,"href":"https:\/\/laverteshop.fr\/pt\/wp-json\/wp\/v2\/media\/17485"}],"wp:attachment":[{"href":"https:\/\/laverteshop.fr\/pt\/wp-json\/wp\/v2\/media?parent=10123"}],"wp:term":[{"taxonomy":"product_brand","embeddable":true,"href":"https:\/\/laverteshop.fr\/pt\/wp-json\/wp\/v2\/product_brand?post=10123"},{"taxonomy":"product_cat","embeddable":true,"href":"https:\/\/laverteshop.fr\/pt\/wp-json\/wp\/v2\/product_cat?post=10123"},{"taxonomy":"product_tag","embeddable":true,"href":"https:\/\/laverteshop.fr\/pt\/wp-json\/wp\/v2\/product_tag?post=10123"}],"curies":[{"name":"wp","href":"https:\/\/api.w.org\/{rel}","templated":true}]}}