{"id":10034,"date":"2021-11-26T14:50:39","date_gmt":"2021-11-26T13:50:39","guid":{"rendered":"https:\/\/laverteshop.fr\/?post_type=product&#038;p=10034"},"modified":"2026-03-23T20:15:55","modified_gmt":"2026-03-23T19:15:55","slug":"ice-rocks-60-cbd","status":"publish","type":"product","link":"https:\/\/laverteshop.fr\/pt\/produto\/ice-rocks-60-cbd\/","title":{"rendered":"Rochas de Gelo 60% CBD"},"content":{"rendered":"<p>O Ice Rocks 60% CBD est\u00e1 finalmente dispon\u00edvel!<\/p>\n<p>Ce sont des fleurs de CBD de culture greenhouse tremp\u00e9es dans de l&rsquo;isolat de CBD. Cela donne un taux de CBD \u00e9lev\u00e9, et assure une d\u00e9tente et une relaxation de qualit\u00e9.<\/p>\n<p>Estas rochas s\u00e3o bastante macias, t\u00e3o diferentes das nossas rochas lunares, e polvilhadas com cristais de CBD.<\/p>\n<p>Os nossos produtos s\u00e3o de qualidade su\u00ed\u00e7a certificada pela CBD. O mais importante para n\u00f3s \u00e9 poder fornecer-lhe flores e p\u00f3lenes de excelente valor a pre\u00e7os acess\u00edveis e aceit\u00e1veis, e dentro dos n\u00edveis permitidos pelo CJEU (&lt;0.2% THC).<\/p>\n<p>O que voc\u00ea pode fazer com esses produtos? Infus\u00f5es relaxantes, para melhorar o seu sono, potpourri para impregnar a sua casa com um aroma natural, ou pode us\u00e1-las na sua comida se desejar (saladas, molhos, condimentos).<\/p>\n<p>Aconselhamo-lo a consultar o seu m\u00e9dico, que poder\u00e1 aconselh\u00e1-lo sobre o melhor uso para a sua CDB.<\/p>\n<ul>\n<li>origem: Su\u00ed\u00e7a<\/li>\n<\/ul>","protected":false},"excerpt":{"rendered":"<p>A mais recente adi\u00e7\u00e3o \u00e0 nossa colec\u00e7\u00e3o \u00e9 Ice <a href=\"https:\/\/laverteshop.fr\/pt\/produto\/rocha-lua-60\/\">Pedras<\/a> 60% CBD est\u00e3o finalmente dispon\u00edveis!<\/p>\n<p>Ce sont des fleurs de CBD de culture greenhouse, qui sont ensuite tremp\u00e9es dans de l&rsquo;isolat de CBD, ce qui donne un taux de CBD \u00e9lev\u00e9, et assure une d\u00e9tente et une relaxation de qualit\u00e9.<\/p>\n<p>Estas rochas s\u00e3o bastante macias, t\u00e3o diferentes das nossas rochas lunares, e polvilhadas com cristais de CBD.<\/p>\n<table style=\"border-collapse: collapse; width: 244px; height: 216px;\" border=\"1\">\n<tbody>\n<tr>\n<td style=\"width: 50%; text-align: center;\"><strong>THC<\/strong><\/td>\n<td style=\"width: 50%; text-align: center;\"><strong>0.11%<\/strong><\/td>\n<\/tr>\n<tr>\n<td style=\"width: 50%; text-align: center;\"><strong>CDB<\/strong><\/td>\n<td style=\"width: 50%; text-align: center;\"><strong>60%<\/strong><\/td>\n<\/tr>\n<tr>\n<td style=\"width: 50%; text-align: center;\"><strong>CBG<\/strong><\/td>\n<td style=\"width: 50%; text-align: center;\"><strong>nn<\/strong><\/td>\n<\/tr>\n<tr>\n<td style=\"width: 50%; text-align: center;\"><b>Cultura<\/b><\/td>\n<td style=\"width: 50%; text-align: center;\"><strong>Estufa<\/strong><\/td>\n<\/tr>\n<\/tbody>\n<\/table>","protected":false},"featured_media":10041,"comment_status":"open","ping_status":"closed","template":"","meta":{"inline_featured_image":false},"product_brand":[75],"product_cat":[189],"product_tag":[228],"class_list":{"0":"post-10034","1":"product","2":"type-product","3":"status-publish","4":"has-post-thumbnail","6":"product_brand-la-verte","7":"product_cat-rock","8":"product_tag-rocks","10":"first","11":"instock","12":"taxable","13":"shipping-taxable","14":"purchasable","15":"product-type-variable"},"jetpack_sharing_enabled":true,"_links":{"self":[{"href":"https:\/\/laverteshop.fr\/pt\/wp-json\/wp\/v2\/product\/10034","targetHints":{"allow":["GET"]}}],"collection":[{"href":"https:\/\/laverteshop.fr\/pt\/wp-json\/wp\/v2\/product"}],"about":[{"href":"https:\/\/laverteshop.fr\/pt\/wp-json\/wp\/v2\/types\/product"}],"replies":[{"embeddable":true,"href":"https:\/\/laverteshop.fr\/pt\/wp-json\/wp\/v2\/comments?post=10034"}],"wp:featuredmedia":[{"embeddable":true,"href":"https:\/\/laverteshop.fr\/pt\/wp-json\/wp\/v2\/media\/10041"}],"wp:attachment":[{"href":"https:\/\/laverteshop.fr\/pt\/wp-json\/wp\/v2\/media?parent=10034"}],"wp:term":[{"taxonomy":"product_brand","embeddable":true,"href":"https:\/\/laverteshop.fr\/pt\/wp-json\/wp\/v2\/product_brand?post=10034"},{"taxonomy":"product_cat","embeddable":true,"href":"https:\/\/laverteshop.fr\/pt\/wp-json\/wp\/v2\/product_cat?post=10034"},{"taxonomy":"product_tag","embeddable":true,"href":"https:\/\/laverteshop.fr\/pt\/wp-json\/wp\/v2\/product_tag?post=10034"}],"curies":[{"name":"wp","href":"https:\/\/api.w.org\/{rel}","templated":true}]}}