{"id":1002,"date":"2018-07-09T11:19:52","date_gmt":"2018-07-09T09:19:52","guid":{"rendered":"http:\/\/shoptimizer.local\/?page_id=824"},"modified":"2023-04-21T12:19:17","modified_gmt":"2023-04-21T10:19:17","slug":"perguntas-frequentes","status":"publish","type":"page","link":"https:\/\/laverteshop.fr\/pt\/perguntas-frequentes\/","title":{"rendered":"FAQs"},"content":{"rendered":"<div class=\"ux-logo has-hover align-middle ux_logo inline-block\" style=\"max-width: 100%!important; width: auto!important\"><div class=\"ux-logo-link block image-\" title=\"\" href=\"\" style=\"padding: 15px;\"><img decoding=\"async\" src=\"\" title=\"\" alt=\"\" class=\"ux-logo-image block\" style=\"height:140px;\" \/><\/div><\/div>\n  <div id=\"page-header-2063778272\" class=\"page-header-wrapper\">\n  <div class=\"page-title light featured-title\">\n\n        <div class=\"page-title-bg\">\n      <div class=\"title-bg fill bg-fill\"\n        data-parallax-container=\".page-title\"\n        data-parallax-background\n data-parallax=\"-\">\n      <\/div>\n      <div class=\"title-overlay fill\"><\/div>\n    <\/div>\n    \n    <div class=\"page-title-inner container align-center flex-row medium-flex-wrap\" >\n              <div class=\"title-wrapper flex-col text-left medium-text-center\">\n          <h1 class=\"entry-title mb-0\">\n            FAQs          <\/h1>\n        <\/div>\n                    <div class=\"title-content flex-col flex-right text-right medium-text-center\">\n        <div class=\"title-breadcrumbs pb-half pt-half\"><nav class=\"woocommerce-breadcrumb breadcrumbs uppercase\" data-no-translation=\"\" data-trp-gettext=\"\">In\u00edcio<\/nav><\/div>      <\/div>\n    <\/div>\n\n     \n<style>\n#page-header-2063778272 .title-overlay {\n  background-color: rgb(255, 255, 255);\n}\n#page-header-2063778272 .featured-title {\n  background-color: rgb(255, 255, 255);\n}\n<\/style>\n  <\/div>\n    <\/div>\n  \n<div class=\"accordion\">\n\t<div id=\"accordion-3023909693\" class=\"accordion-item\">\n\t\t<a id=\"accordion-3023909693-label\" class=\"accordion-title plain\" href=\"#accordion-item-d&#039;o\u00f9-expediez-vous-vos-produits-?\" aria-expanded=\"false\" aria-controls=\"accordion-3023909693-content\" >\n\t\t\t<button class=\"toggle\" aria-label=\"Alternar\"><i class=\"icon-angle-down\"><\/i><\/button>\n\t\t\t<span>De onde enviam os vossos produtos?<\/span>\n\t\t<\/a>\n\t\t<div id=\"accordion-3023909693-content\" class=\"accordion-inner\" aria-labelledby=\"accordion-3023909693-label\" >\n\t\t\t\n<p>Todos os nossos produtos s\u00e3o enviados de Fran\u00e7a via Colissimo. Esta localiza\u00e7\u00e3o central no cora\u00e7\u00e3o da UE permite uma entrega r\u00e1pida, independentemente do local onde se efectua a encomenda.<\/p>\n\t\t<\/div>\n\t<\/div>\n\t\n\t<div id=\"accordion-4173018166\" class=\"accordion-item\">\n\t\t<a id=\"accordion-4173018166-label\" class=\"accordion-title plain\" href=\"#accordion-item-quel-est-le-d\u00e9lais-de-pr\u00e9paration-et-d&#039;exp\u00e9dition-de-ma-commande-?\" aria-expanded=\"false\" aria-controls=\"accordion-4173018166-content\" >\n\t\t\t<button class=\"toggle\" aria-label=\"Alternar\"><i class=\"icon-angle-down\"><\/i><\/button>\n\t\t\t<span>Quanto tempo demora a preparar e enviar o meu pedido?<\/span>\n\t\t<\/a>\n\t\t<div id=\"accordion-4173018166-content\" class=\"accordion-inner\" aria-labelledby=\"accordion-4173018166-label\" >\n\t\t\t\n<p>Quando o pagamento da sua encomenda for validado, comprometemo-nos a prepar\u00e1-la e a envi\u00e1-la no prazo de 24 a 48 horas (dias \u00fateis).<br \/>\nSe este per\u00edodo for mais longo, inform\u00e1-lo-emos com anteced\u00eancia.<\/p>\n\t\t<\/div>\n\t<\/div>\n\t\n\t<div id=\"accordion-2789496811\" class=\"accordion-item\">\n\t\t<a id=\"accordion-2789496811-label\" class=\"accordion-title plain\" href=\"#accordion-item-combien-de-temps-la-livraison-prendra-t-elle-?\" aria-expanded=\"false\" aria-controls=\"accordion-2789496811-content\" >\n\t\t\t<button class=\"toggle\" aria-label=\"Alternar\"><i class=\"icon-angle-down\"><\/i><\/button>\n\t\t\t<span>Quanto tempo demorar\u00e1 a entrega?<\/span>\n\t\t<\/a>\n\t\t<div id=\"accordion-2789496811-content\" class=\"accordion-inner\" aria-labelledby=\"accordion-2789496811-label\" >\n\t\t\t\n<p>Alguns pa\u00edses s\u00e3o mais r\u00e1pidos do que outros. Levamos aproximadamente 1-2 dias \u00fateis para processar a sua encomenda para envio. Uma vez enviado, a hora de chegada ser\u00e1 :<\/p>\n<p><strong>Fran\u00e7a :<\/strong> 2 a 4 dias \u00fateis.<\/p>\n<p><strong>B\u00e9lgica, Alemanha, \u00c1ustria, Luxemburgo, It\u00e1lia:<\/strong> 3 a 7 dias \u00fateis<\/p>\n<p><strong>Espanha, Portugal, Irlanda e outros pa\u00edses europeus:<\/strong> 4 a 9 dias \u00fateis.<\/p>\n<p><strong>DOM TOM: <\/strong> 7 a 10 dias \u00fateis.<\/p>\n<p><strong>NOTA IMPORTANTE: O rastreio de envios em envelope \u00e9 mais dif\u00edcil, por vezes os envelopes n\u00e3o s\u00e3o digitalizados correctamente e, portanto, dif\u00edceis de rastrear. Recomenda-se a utiliza\u00e7\u00e3o de COLISSIMO, que \u00e9 mais eficiente.<\/strong><\/p>\n\t\t<\/div>\n\t<\/div>\n\t\n\t<div id=\"accordion-2104938419\" class=\"accordion-item\">\n\t\t<a id=\"accordion-2104938419-label\" class=\"accordion-title plain\" href=\"#accordion-item-quels-sont-les-moyens-de-paiement-mis-\u00e0-ma-disposition-?\" aria-expanded=\"false\" aria-controls=\"accordion-2104938419-content\" >\n\t\t\t<button class=\"toggle\" aria-label=\"Alternar\"><i class=\"icon-angle-down\"><\/i><\/button>\n\t\t\t<span>Que m\u00e9todos de pagamento est\u00e3o dispon\u00edveis para mim?<\/span>\n\t\t<\/a>\n\t\t<div id=\"accordion-2104938419-content\" class=\"accordion-inner\" aria-labelledby=\"accordion-2104938419-label\" >\n\t\t\t\n<p>Oferecemos os seguintes m\u00e9todos de pagamento:<\/p>\n<p>- Cart\u00f5es de cr\u00e9dito ( Visa, MasterCard, American Express )<br \/>- Transfer\u00eancia banc\u00e1ria<\/p>\n<p>Conta: Eco Brothers SARL<\/p>\n<p>IBAN: FR76 1680 7000 6037 4662 7221 190<\/p>\n<p>BIC: CCBPFRPPGRE<\/p>\n\t\t<\/div>\n\t<\/div>\n\t\n\t<div id=\"accordion-784722721\" class=\"accordion-item\">\n\t\t<a id=\"accordion-784722721-label\" class=\"accordion-title plain\" href=\"#accordion-item-mon-num\u00e9ro-de-suivi-ne-fonctionne-pas,-es-ce-normal-?\" aria-expanded=\"false\" aria-controls=\"accordion-784722721-content\" >\n\t\t\t<button class=\"toggle\" aria-label=\"Alternar\"><i class=\"icon-angle-down\"><\/i><\/button>\n\t\t\t<span>O meu n\u00famero de rastreio n\u00e3o funciona, isto \u00e9 normal?<\/span>\n\t\t<\/a>\n\t\t<div id=\"accordion-784722721-content\" class=\"accordion-inner\" aria-labelledby=\"accordion-784722721-label\" >\n\t\t\t\n<p>Quando voc\u00ea recebe um e-mail de confirma\u00e7\u00e3o de envio com o n\u00famero de rastreamento e clica nele, \u00e9 poss\u00edvel que ele ainda n\u00e3o esteja ativo.<\/p>\n<p>O rastreamento \u00e9 sempre ativado no final do dia, enquanto a transportadora escaneia todas as embalagens.<\/p>\n<p>Portanto, n\u00e3o h\u00e1 necessidade de se preocupar!<br \/>\nSe o rastreamento permanecer inativo por pelo menos tr\u00eas dias, entre em contato com o atendimento ao cliente em contact@laverteshop.fr para obter mais informa\u00e7\u00f5es.<\/p>\n\t\t<\/div>\n\t<\/div>\n\t\n\t<div id=\"accordion-1464637609\" class=\"accordion-item\">\n\t\t<a id=\"accordion-1464637609-label\" class=\"accordion-title plain\" href=\"#accordion-item-conservez-vous-les-informatons-relatives-\u00e0-ma-carte-de-cr\u00e9dit-dans-vos-dossiers-?\" aria-expanded=\"false\" aria-controls=\"accordion-1464637609-content\" >\n\t\t\t<button class=\"toggle\" aria-label=\"Alternar\"><i class=\"icon-angle-down\"><\/i><\/button>\n\t\t\t<span>Guardam as informa\u00e7\u00f5es do meu cart\u00e3o de cr\u00e9dito em arquivo?<\/span>\n\t\t<\/a>\n\t\t<div id=\"accordion-1464637609-content\" class=\"accordion-inner\" aria-labelledby=\"accordion-1464637609-label\" >\n\t\t\t\n<p>N\u00e3o, o seu pagamento \u00e9 efectuado directamente num ambiente seguro sem passar pelo servidor laverteshop.fr, o que garante que os n\u00fameros dos seus cart\u00f5es de cr\u00e9dito s\u00f3 s\u00e3o conhecidos pelo nosso parceiro banc\u00e1rio.<\/p>\n\t\t<\/div>\n\t<\/div>\n\t\n\t<div id=\"accordion-4058908681\" class=\"accordion-item\">\n\t\t<a id=\"accordion-4058908681-label\" class=\"accordion-title plain\" href=\"#accordion-item-dois-je-payer-des-frais-de-douanes-et\/ou-des-taxes-\u00e0-l&#039;importation-?\" aria-expanded=\"false\" aria-controls=\"accordion-4058908681-content\" >\n\t\t\t<button class=\"toggle\" aria-label=\"Alternar\"><i class=\"icon-angle-down\"><\/i><\/button>\n\t\t\t<span>Tenho de pagar direitos aduaneiros e\/ou impostos de importa\u00e7\u00e3o?<\/span>\n\t\t<\/a>\n\t\t<div id=\"accordion-4058908681-content\" class=\"accordion-inner\" aria-labelledby=\"accordion-4058908681-label\" >\n\t\t\t\n<p>N\u00e3o h\u00e1 taxas alfandeg\u00e1rias para envios dentro de Fran\u00e7a.<br \/>\nO mesmo se aplica aos envios para pa\u00edses da UE.<br \/>\nPour ce qui est des DOM TOM et des pays hors UE, il est possible qu\u2019il y ait des frais de douanes qui vous serons demand\u00e9 lors de la r\u00e9ception du colis. Dans le cas \u00e9ch\u00e9ant, contactez nous par mail et nous ferons le n\u00e9cessaire. Si vous avez des frais \u00e0 payer, nous vous les rembourserons sous pr\u00e9sentation d&rsquo;un justificatif de paiement valide.<\/p>\n\t\t<\/div>\n\t<\/div>\n\t\n\t<div id=\"accordion-685980476\" class=\"accordion-item\">\n\t\t<a id=\"accordion-685980476-label\" class=\"accordion-title plain\" href=\"#accordion-item-mes-articles-seront-ils-livr\u00e9s-dans-un-seul-colis-?\" aria-expanded=\"false\" aria-controls=\"accordion-685980476-content\" >\n\t\t\t<button class=\"toggle\" aria-label=\"Alternar\"><i class=\"icon-angle-down\"><\/i><\/button>\n\t\t\t<span>Os meus artigos ser\u00e3o entregues num \u00fanico pacote?<\/span>\n\t\t<\/a>\n\t\t<div id=\"accordion-685980476-content\" class=\"accordion-inner\" aria-labelledby=\"accordion-685980476-label\" >\n\t\t\t\n<p>Em alguns casos, podemos enviar a sua encomenda em v\u00e1rios pacotes. Iremos notific\u00e1-lo com anteced\u00eancia e enviar-lhe-emos os n\u00fameros de rastreio se houver v\u00e1rios.<\/p>\n\t\t<\/div>\n\t<\/div>\n\t\n\t<div id=\"accordion-3478011815\" class=\"accordion-item\">\n\t\t<a id=\"accordion-3478011815-label\" class=\"accordion-title plain\" href=\"#accordion-item-puis-je-retourner-des-produits-pour-obtenir-un-remboursement-?\" aria-expanded=\"false\" aria-controls=\"accordion-3478011815-content\" >\n\t\t\t<button class=\"toggle\" aria-label=\"Alternar\"><i class=\"icon-angle-down\"><\/i><\/button>\n\t\t\t<span>Posso devolver produtos para um reembolso?<\/span>\n\t\t<\/a>\n\t\t<div id=\"accordion-3478011815-content\" class=\"accordion-inner\" aria-labelledby=\"accordion-3478011815-label\" >\n\t\t\t\n<p>Oui. Vous pouvez nous retourner votre colis sans frais dans les 7 jours suivant sa r\u00e9ception. Nous proc\u00e9derons alors \u00e0 son remboursement apr\u00e8s r\u00e9ception et v\u00e9rification de l\u2019\u00e9tat de la marchandise. Si vous renvoyez le colis, il est important de laisser les produits dans un sachet sous vide. Pour ce qui est des frais d&rsquo;envois, nous vous les rembourserons.<\/p>\n<p>*Qualquer produto devolvido deve estar em sua embalagem original e n\u00e3o deve ter sido aberto.<\/p>\n\t\t<\/div>\n\t<\/div>\n\t\n\t<div id=\"accordion-2551518082\" class=\"accordion-item\">\n\t\t<a id=\"accordion-2551518082-label\" class=\"accordion-title plain\" href=\"#accordion-item-quel-est-l&#039;\u00e2ge-l\u00e9gal-pour-acheter-du-cbd-?\" aria-expanded=\"false\" aria-controls=\"accordion-2551518082-content\" >\n\t\t\t<button class=\"toggle\" aria-label=\"Alternar\"><i class=\"icon-angle-down\"><\/i><\/button>\n\t\t\t<span>Qual \u00e9 a idade legal para comprar a CDB?<\/span>\n\t\t<\/a>\n\t\t<div id=\"accordion-2551518082-content\" class=\"accordion-inner\" aria-labelledby=\"accordion-2551518082-label\" >\n\t\t\t\n<p>Deve ter 18 anos de idade para comprar CDB.<\/p>\n<p>La soci\u00e9t\u00e9 ECO BROTHERS SARL ne peut \u00eatre tenue responsable si l&rsquo;un de nos client ne respecte pas l&rsquo;\u00e2ge l\u00e9gal pour consommer du CBD<\/p>\n\t\t<\/div>\n\t<\/div>\n\t\n<\/div>","protected":false},"excerpt":{"rendered":"","protected":false},"author":1,"featured_media":0,"parent":0,"menu_order":0,"comment_status":"closed","ping_status":"closed","template":"","meta":{"inline_featured_image":false,"footnotes":""},"class_list":["post-1002","page","type-page","status-publish","hentry"],"rankMath":{"parentDomain":"laverteshop.fr","noFollowDomains":[],"noFollowExcludeDomains":[],"noFollowExternalLinks":false,"featuredImageNotice":"The featured image should be at least 200 by 200 pixels to be picked up by Facebook and other social media sites.","pluginReviewed":true,"postSettings":{"linkSuggestions":true,"useFocusKeyword":false},"frontEndScore":false,"postName":"faqs","permalinkFormat":"https:\/\/laverteshop.fr\/pt\/%pagename%\/","showLockModifiedDate":true,"assessor":{"focusKeywordLink":"https:\/\/laverteshop.fr\/wp-admin\/edit.php?focus_keyword=%focus_keyword%&post_type=%post_type%","hasTOCPlugin":false,"primaryTaxonomy":false,"serpData":{"title":"%title% %sep% Questionaires %sep% La Verte Shop %sep% Cannabis l\u00e9gal","description":"Voici les FAQs de la verte shop, notre foire aux questions. Toutes les infos n\u00e9cessaires, ainsi que des r\u00e9ponses \u00e0 vos questions.\n","focusKeywords":"FAQs","pillarContent":false,"canonicalUrl":"","breadcrumbTitle":"","advancedRobots":{"max-snippet":"-1","max-video-preview":"-1","max-image-preview":"large"},"facebookTitle":"","facebookDescription":"","facebookImage":"","facebookImageID":"","facebookHasOverlay":false,"facebookImageOverlay":"","facebookAuthor":"","twitterCardType":"","twitterUseFacebook":true,"twitterTitle":"","twitterDescription":"","twitterImage":"","twitterImageID":"","twitterHasOverlay":false,"twitterImageOverlay":"","twitterPlayerUrl":"","twitterPlayerSize":"","twitterPlayerStream":"","twitterPlayerStreamCtype":"","twitterAppDescription":"","twitterAppIphoneName":"","twitterAppIphoneID":"","twitterAppIphoneUrl":"","twitterAppIpadName":"","twitterAppIpadID":"","twitterAppIpadUrl":"","twitterAppGoogleplayName":"","twitterAppGoogleplayID":"","twitterAppGoogleplayUrl":"","twitterAppCountry":"","robots":{"index":true},"twitterAuthor":"username","primaryTerm":0,"authorName":"MR T","titleTemplate":"%title% %page% %sep% %sitename%","descriptionTemplate":"%excerpt%","showScoreFrontend":true,"lockModifiedDate":false},"powerWords":[],"diacritics":{"A":"[\\u0041\\u24B6\\uFF21\\u00C0\\u00C1\\u00C2\\u1EA6\\u1EA4\\u1EAA\\u1EA8\\u00C3\\u0100\\u0102\\u1EB0\\u1EAE\\u1EB4\\u1EB2\\u0226\\u01E0\\u00C4\\u01DE\\u1EA2\\u00C5\\u01FA\\u01CD\\u0200\\u0202\\u1EA0\\u1EAC\\u1EB6\\u1E00\\u0104\\u023A\\u2C6F]","AA":"[\\uA732]","AE":"[\\u00C6\\u01FC\\u01E2]","AO":"[\\uA734]","AU":"[\\uA736]","AV":"[\\uA738\\uA73A]","AY":"[\\uA73C]","B":"[\\u0042\\u24B7\\uFF22\\u1E02\\u1E04\\u1E06\\u0243\\u0182\\u0181]","C":"[\\u0043\\u24B8\\uFF23\\u0106\\u0108\\u010A\\u010C\\u00C7\\u1E08\\u0187\\u023B\\uA73E]","D":"[\\u0044\\u24B9\\uFF24\\u1E0A\\u010E\\u1E0C\\u1E10\\u1E12\\u1E0E\\u0110\\u018B\\u018A\\u0189\\uA779]","DZ":"[\\u01F1\\u01C4]","Dz":"[\\u01F2\\u01C5]","E":"[\\u0045\\u24BA\\uFF25\\u00C8\\u00C9\\u00CA\\u1EC0\\u1EBE\\u1EC4\\u1EC2\\u1EBC\\u0112\\u1E14\\u1E16\\u0114\\u0116\\u00CB\\u1EBA\\u011A\\u0204\\u0206\\u1EB8\\u1EC6\\u0228\\u1E1C\\u0118\\u1E18\\u1E1A\\u0190\\u018E]","F":"[\\u0046\\u24BB\\uFF26\\u1E1E\\u0191\\uA77B]","G":"[\\u0047\\u24BC\\uFF27\\u01F4\\u011C\\u1E20\\u011E\\u0120\\u01E6\\u0122\\u01E4\\u0193\\uA7A0\\uA77D\\uA77E]","H":"[\\u0048\\u24BD\\uFF28\\u0124\\u1E22\\u1E26\\u021E\\u1E24\\u1E28\\u1E2A\\u0126\\u2C67\\u2C75\\uA78D]","I":"[\\u0049\\u24BE\\uFF29\\u00CC\\u00CD\\u00CE\\u0128\\u012A\\u012C\\u0130\\u00CF\\u1E2E\\u1EC8\\u01CF\\u0208\\u020A\\u1ECA\\u012E\\u1E2C\\u0197]","J":"[\\u004A\\u24BF\\uFF2A\\u0134\\u0248]","K":"[\\u004B\\u24C0\\uFF2B\\u1E30\\u01E8\\u1E32\\u0136\\u1E34\\u0198\\u2C69\\uA740\\uA742\\uA744\\uA7A2]","L":"[\\u004C\\u24C1\\uFF2C\\u013F\\u0139\\u013D\\u1E36\\u1E38\\u013B\\u1E3C\\u1E3A\\u0141\\u023D\\u2C62\\u2C60\\uA748\\uA746\\uA780]","LJ":"[\\u01C7]","Lj":"[\\u01C8]","M":"[\\u004D\\u24C2\\uFF2D\\u1E3E\\u1E40\\u1E42\\u2C6E\\u019C]","N":"[\\u004E\\u24C3\\uFF2E\\u01F8\\u0143\\u00D1\\u1E44\\u0147\\u1E46\\u0145\\u1E4A\\u1E48\\u0220\\u019D\\uA790\\uA7A4]","NJ":"[\\u01CA]","Nj":"[\\u01CB]","O":"[\\u004F\\u24C4\\uFF2F\\u00D2\\u00D3\\u00D4\\u1ED2\\u1ED0\\u1ED6\\u1ED4\\u00D5\\u1E4C\\u022C\\u1E4E\\u014C\\u1E50\\u1E52\\u014E\\u022E\\u0230\\u00D6\\u022A\\u1ECE\\u0150\\u01D1\\u020C\\u020E\\u01A0\\u1EDC\\u1EDA\\u1EE0\\u1EDE\\u1EE2\\u1ECC\\u1ED8\\u01EA\\u01EC\\u00D8\\u01FE\\u0186\\u019F\\uA74A\\uA74C]","OI":"[\\u01A2]","OO":"[\\uA74E]","OU":"[\\u0222]","P":"[\\u0050\\u24C5\\uFF30\\u1E54\\u1E56\\u01A4\\u2C63\\uA750\\uA752\\uA754]","Q":"[\\u0051\\u24C6\\uFF31\\uA756\\uA758\\u024A]","R":"[\\u0052\\u24C7\\uFF32\\u0154\\u1E58\\u0158\\u0210\\u0212\\u1E5A\\u1E5C\\u0156\\u1E5E\\u024C\\u2C64\\uA75A\\uA7A6\\uA782]","S":"[\\u0053\\u24C8\\uFF33\\u1E9E\\u015A\\u1E64\\u015C\\u1E60\\u0160\\u1E66\\u1E62\\u1E68\\u0218\\u015E\\u2C7E\\uA7A8\\uA784]","T":"[\\u0054\\u24C9\\uFF34\\u1E6A\\u0164\\u1E6C\\u021A\\u0162\\u1E70\\u1E6E\\u0166\\u01AC\\u01AE\\u023E\\uA786]","TZ":"[\\uA728]","U":"[\\u0055\\u24CA\\uFF35\\u00D9\\u00DA\\u00DB\\u0168\\u1E78\\u016A\\u1E7A\\u016C\\u00DC\\u01DB\\u01D7\\u01D5\\u01D9\\u1EE6\\u016E\\u0170\\u01D3\\u0214\\u0216\\u01AF\\u1EEA\\u1EE8\\u1EEE\\u1EEC\\u1EF0\\u1EE4\\u1E72\\u0172\\u1E76\\u1E74\\u0244]","V":"[\\u0056\\u24CB\\uFF36\\u1E7C\\u1E7E\\u01B2\\uA75E\\u0245]","VY":"[\\uA760]","W":"[\\u0057\\u24CC\\uFF37\\u1E80\\u1E82\\u0174\\u1E86\\u1E84\\u1E88\\u2C72]","X":"[\\u0058\\u24CD\\uFF38\\u1E8A\\u1E8C]","Y":"[\\u0059\\u24CE\\uFF39\\u1EF2\\u00DD\\u0176\\u1EF8\\u0232\\u1E8E\\u0178\\u1EF6\\u1EF4\\u01B3\\u024E\\u1EFE]","Z":"[\\u005A\\u24CF\\uFF3A\\u0179\\u1E90\\u017B\\u017D\\u1E92\\u1E94\\u01B5\\u0224\\u2C7F\\u2C6B\\uA762]","a":"[\\u0061\\u24D0\\uFF41\\u1E9A\\u00E0\\u00E1\\u00E2\\u1EA7\\u1EA5\\u1EAB\\u1EA9\\u00E3\\u0101\\u0103\\u1EB1\\u1EAF\\u1EB5\\u1EB3\\u0227\\u01E1\\u00E4\\u01DF\\u1EA3\\u00E5\\u01FB\\u01CE\\u0201\\u0203\\u1EA1\\u1EAD\\u1EB7\\u1E01\\u0105\\u2C65\\u0250]","aa":"[\\uA733]","ae":"[\\u00E6\\u01FD\\u01E3]","ao":"[\\uA735]","au":"[\\uA737]","av":"[\\uA739\\uA73B]","ay":"[\\uA73D]","b":"[\\u0062\\u24D1\\uFF42\\u1E03\\u1E05\\u1E07\\u0180\\u0183\\u0253]","c":"[\\u0063\\u24D2\\uFF43\\u0107\\u0109\\u010B\\u010D\\u00E7\\u1E09\\u0188\\u023C\\uA73F\\u2184]","d":"[\\u0064\\u24D3\\uFF44\\u1E0B\\u010F\\u1E0D\\u1E11\\u1E13\\u1E0F\\u0111\\u018C\\u0256\\u0257\\uA77A]","dz":"[\\u01F3\\u01C6]","e":"[\\u0065\\u24D4\\uFF45\\u00E8\\u00E9\\u00EA\\u1EC1\\u1EBF\\u1EC5\\u1EC3\\u1EBD\\u0113\\u1E15\\u1E17\\u0115\\u0117\\u00EB\\u1EBB\\u011B\\u0205\\u0207\\u1EB9\\u1EC7\\u0229\\u1E1D\\u0119\\u1E19\\u1E1B\\u0247\\u025B\\u01DD]","f":"[\\u0066\\u24D5\\uFF46\\u1E1F\\u0192\\uA77C]","g":"[\\u0067\\u24D6\\uFF47\\u01F5\\u011D\\u1E21\\u011F\\u0121\\u01E7\\u0123\\u01E5\\u0260\\uA7A1\\u1D79\\uA77F]","h":"[\\u0068\\u24D7\\uFF48\\u0125\\u1E23\\u1E27\\u021F\\u1E25\\u1E29\\u1E2B\\u1E96\\u0127\\u2C68\\u2C76\\u0265]","hv":"[\\u0195]","i":"[\\u0069\\u24D8\\uFF49\\u00EC\\u00ED\\u00EE\\u0129\\u012B\\u012D\\u00EF\\u1E2F\\u1EC9\\u01D0\\u0209\\u020B\\u1ECB\\u012F\\u1E2D\\u0268\\u0131]","j":"[\\u006A\\u24D9\\uFF4A\\u0135\\u01F0\\u0249]","k":"[\\u006B\\u24DA\\uFF4B\\u1E31\\u01E9\\u1E33\\u0137\\u1E35\\u0199\\u2C6A\\uA741\\uA743\\uA745\\uA7A3]","l":"[\\u006C\\u24DB\\uFF4C\\u0140\\u013A\\u013E\\u1E37\\u1E39\\u013C\\u1E3D\\u1E3B\\u017F\\u0142\\u019A\\u026B\\u2C61\\uA749\\uA781\\uA747]","lj":"[\\u01C9]","m":"[\\u006D\\u24DC\\uFF4D\\u1E3F\\u1E41\\u1E43\\u0271\\u026F]","n":"[\\u006E\\u24DD\\uFF4E\\u01F9\\u0144\\u00F1\\u1E45\\u0148\\u1E47\\u0146\\u1E4B\\u1E49\\u019E\\u0272\\u0149\\uA791\\uA7A5]","nj":"[\\u01CC]","o":"[\\u006F\\u24DE\\uFF4F\\u00F2\\u00F3\\u00F4\\u1ED3\\u1ED1\\u1ED7\\u1ED5\\u00F5\\u1E4D\\u022D\\u1E4F\\u014D\\u1E51\\u1E53\\u014F\\u022F\\u0231\\u00F6\\u022B\\u1ECF\\u0151\\u01D2\\u020D\\u020F\\u01A1\\u1EDD\\u1EDB\\u1EE1\\u1EDF\\u1EE3\\u1ECD\\u1ED9\\u01EB\\u01ED\\u00F8\\u01FF\\u0254\\uA74B\\uA74D\\u0275]","oi":"[\\u01A3]","ou":"[\\u0223]","oo":"[\\uA74F]","p":"[\\u0070\\u24DF\\uFF50\\u1E55\\u1E57\\u01A5\\u1D7D\\uA751\\uA753\\uA755]","q":"[\\u0071\\u24E0\\uFF51\\u024B\\uA757\\uA759]","r":"[\\u0072\\u24E1\\uFF52\\u0155\\u1E59\\u0159\\u0211\\u0213\\u1E5B\\u1E5D\\u0157\\u1E5F\\u024D\\u027D\\uA75B\\uA7A7\\uA783]","s":"[\\u0073\\u24E2\\uFF53\\u015B\\u1E65\\u015D\\u1E61\\u0161\\u1E67\\u1E63\\u1E69\\u0219\\u015F\\u023F\\uA7A9\\uA785\\u1E9B]","ss":"[\\u00DF]","t":"[\\u0074\\u24E3\\uFF54\\u1E6B\\u1E97\\u0165\\u1E6D\\u021B\\u0163\\u1E71\\u1E6F\\u0167\\u01AD\\u0288\\u2C66\\uA787]","tz":"[\\uA729]","u":"[\\u0075\\u24E4\\uFF55\\u00F9\\u00FA\\u00FB\\u0169\\u1E79\\u016B\\u1E7B\\u016D\\u00FC\\u01DC\\u01D8\\u01D6\\u01DA\\u1EE7\\u016F\\u0171\\u01D4\\u0215\\u0217\\u01B0\\u1EEB\\u1EE9\\u1EEF\\u1EED\\u1EF1\\u1EE5\\u1E73\\u0173\\u1E77\\u1E75\\u0289]","v":"[\\u0076\\u24E5\\uFF56\\u1E7D\\u1E7F\\u028B\\uA75F\\u028C]","vy":"[\\uA761]","w":"[\\u0077\\u24E6\\uFF57\\u1E81\\u1E83\\u0175\\u1E87\\u1E85\\u1E98\\u1E89\\u2C73]","x":"[\\u0078\\u24E7\\uFF58\\u1E8B\\u1E8D]","y":"[\\u0079\\u24E8\\uFF59\\u1EF3\\u00FD\\u0177\\u1EF9\\u0233\\u1E8F\\u00FF\\u1EF7\\u1E99\\u1EF5\\u01B4\\u024F\\u1EFF]","z":"[\\u007A\\u24E9\\uFF5A\\u017A\\u1E91\\u017C\\u017E\\u1E93\\u1E95\\u01B6\\u0225\\u0240\\u2C6C\\uA763]"},"researchesTests":["contentHasTOC","contentHasShortParagraphs","contentHasAssets","keywordInTitle","keywordInMetaDescription","keywordInPermalink","keywordIn10Percent","keywordInContent","keywordInSubheadings","keywordInImageAlt","keywordDensity","keywordNotUsed","lengthContent","lengthPermalink","linksHasInternal","linksHasExternals","linksNotAllExternals","titleStartWithKeyword","titleSentiment","titleHasPowerWords","titleHasNumber","hasContentAI"],"hasRedirection":true,"hasBreadcrumb":true},"homeUrl":"https:\/\/laverteshop.fr\/pt","objectID":1002,"objectType":"post","locale":"pt","localeFull":"pt_PT","overlayImages":{"play":{"name":"Play icon","url":"https:\/\/laverteshop.fr\/wp-content\/plugins\/seo-by-rank-math\/assets\/admin\/img\/icon-play.png","path":"\/var\/www\/html\/weed\/wp-content\/plugins\/seo-by-rank-math\/assets\/admin\/img\/icon-play.png","position":"middle_center"},"gif":{"name":"GIF icon","url":"https:\/\/laverteshop.fr\/wp-content\/plugins\/seo-by-rank-math\/assets\/admin\/img\/icon-gif.png","path":"\/var\/www\/html\/weed\/wp-content\/plugins\/seo-by-rank-math\/assets\/admin\/img\/icon-gif.png","position":"middle_center"}},"defautOgImage":"https:\/\/laverteshop.fr\/wp-content\/plugins\/seo-by-rank-math\/assets\/admin\/img\/social-placeholder.jpg","customPermalinks":true,"isUserRegistered":true,"autoSuggestKeywords":true,"connectSiteUrl":"https:\/\/rankmath.com\/auth?site=https%3A%2F%2Flaverteshop.fr%2Fpt&r=https%3A%2F%2Flaverteshop.fr%2Fpt%2Fwp-json%2Fwp%2Fv2%2Fpages%2F1002%3Fnonce%3Dc2a14e7108&pro=1","maxTags":100,"trendsIcon":"<svg viewBox=\"0 0 610 610\"><path d=\"M18.85,446,174.32,290.48l58.08,58.08L76.93,504a14.54,14.54,0,0,1-20.55,0L18.83,466.48a14.54,14.54,0,0,1,0-20.55Z\" style=\"fill:#4285f4\"\/><path d=\"M242.65,242.66,377.59,377.6l-47.75,47.75a14.54,14.54,0,0,1-20.55,0L174.37,290.43l47.75-47.75A14.52,14.52,0,0,1,242.65,242.66Z\" style=\"fill:#ea4335\"\/><polygon points=\"319.53 319.53 479.26 159.8 537.34 217.88 377.61 377.62 319.53 319.53\" style=\"fill:#fabb05\"\/><path d=\"M594.26,262.73V118.61h0a16.94,16.94,0,0,0-16.94-16.94H433.2a16.94,16.94,0,0,0-12,28.92L565.34,274.71h0a16.94,16.94,0,0,0,28.92-12Z\" style=\"fill:#34a853\"\/><rect width=\"610\" height=\"610\" style=\"fill:none\"\/><\/svg>","showScore":true,"siteFavIcon":"https:\/\/laverteshop.fr\/wp-content\/uploads\/2021\/05\/cropped-LOGO-LA-VERTE-08-min-32x32.png","canUser":{"general":false,"advanced":false,"snippet":false,"social":false,"analysis":false,"analytics":false,"content_ai":false},"showKeywordIntent":true,"isPro":true,"is_front_page":false,"trendsUpgradeLink":"https:\/\/rankmath.com\/pricing\/?utm_source=Plugin&utm_medium=CE%20General%20Tab%20Trends&utm_campaign=WP","trendsUpgradeLabel":"Upgrade","trendsPreviewImage":"https:\/\/laverteshop.fr\/wp-content\/plugins\/seo-by-rank-math\/assets\/admin\/img\/trends-preview.jpg","currentEditor":false,"homepageData":{"assessor":{"powerWords":[],"diacritics":true,"researchesTests":["contentHasTOC","contentHasShortParagraphs","contentHasAssets","keywordInTitle","keywordInMetaDescription","keywordInPermalink","keywordIn10Percent","keywordInContent","keywordInSubheadings","keywordInImageAlt","keywordDensity","keywordNotUsed","lengthContent","lengthPermalink","linksHasInternal","linksHasExternals","linksNotAllExternals","titleStartWithKeyword","titleSentiment","titleHasPowerWords","titleHasNumber","hasContentAI"],"hasBreadcrumb":true,"serpData":{"title":"%sitename% %page% %sep% %sitedesc%","description":"","titleTemplate":"%sitename% %page% %sep% %sitedesc%","descriptionTemplate":"","focusKeywords":"","breadcrumbTitle":"Home","robots":{"index":true},"advancedRobots":{"max-snippet":"-1","max-video-preview":"-1","max-image-preview":"large"},"facebookTitle":"","facebookDescription":"","facebookImage":"","facebookImageID":""}}},"tocTitle":"Table of Contents","tocExcludeHeadings":[],"listStyle":"ul"},"jetpack_sharing_enabled":true,"_links":{"self":[{"href":"https:\/\/laverteshop.fr\/pt\/wp-json\/wp\/v2\/pages\/1002","targetHints":{"allow":["GET"]}}],"collection":[{"href":"https:\/\/laverteshop.fr\/pt\/wp-json\/wp\/v2\/pages"}],"about":[{"href":"https:\/\/laverteshop.fr\/pt\/wp-json\/wp\/v2\/types\/page"}],"author":[{"embeddable":true,"href":"https:\/\/laverteshop.fr\/pt\/wp-json\/wp\/v2\/users\/1"}],"replies":[{"embeddable":true,"href":"https:\/\/laverteshop.fr\/pt\/wp-json\/wp\/v2\/comments?post=1002"}],"version-history":[{"count":0,"href":"https:\/\/laverteshop.fr\/pt\/wp-json\/wp\/v2\/pages\/1002\/revisions"}],"wp:attachment":[{"href":"https:\/\/laverteshop.fr\/pt\/wp-json\/wp\/v2\/media?parent=1002"}],"curies":[{"name":"wp","href":"https:\/\/api.w.org\/{rel}","templated":true}]}}