{"id":8850,"date":"2021-08-31T09:32:02","date_gmt":"2021-08-31T07:32:02","guid":{"rendered":"https:\/\/laverteshop.fr\/?post_type=product&#038;p=8850"},"modified":"2025-07-15T15:04:20","modified_gmt":"2025-07-15T13:04:20","slug":"filters-gizeh-slim","status":"publish","type":"product","link":"https:\/\/laverteshop.fr\/nl\/product\/filters-gizeh-slim\/","title":{"rendered":"GIZEH Slim filters"},"content":{"rendered":"<p>Gizeh est une marque allemande sp\u00e9cialis\u00e9e dans tous les articles pour fumeurs. Leur pr\u00e9sence sur le march\u00e9 depuis des d\u00e9cennies leur a permis d&rsquo;acqu\u00e9rir un savoir-faire in\u00e9galable dans ce domaine.<\/p>\n<p>Om ervoor te zorgen dat je de best mogelijke proefervaring krijgt, verkopen we alleen producten van topkwaliteit. Ze staan wereldwijd bekend om hun structuur en zijn bovenal gemaakt van eersteklas materialen en grondstoffen.<\/p>\n<p>De prijzen zijn ook erg aantrekkelijk voor dit soort producten, dus aarzel niet om ze aan je bestelling toe te voegen!<\/p>","protected":false},"excerpt":{"rendered":"<p>- Afmetingen: 20 x 60 mm<br \/>\n- Geperforeerd<br \/>\n- Geen chloor of chemicali\u00ebn<br \/>\n- 35 filters \/ verpakking<\/p>","protected":false},"featured_media":9092,"comment_status":"open","ping_status":"closed","template":"","meta":{"inline_featured_image":false},"product_brand":[212],"product_cat":[61,197],"product_tag":[217,218],"class_list":{"0":"post-8850","1":"product","2":"type-product","3":"status-publish","4":"has-post-thumbnail","6":"product_brand-gizeh","7":"product_cat-accessoires","8":"product_cat-filtres","9":"product_tag-feuilles","10":"product_tag-filtres","12":"first","13":"instock","14":"taxable","15":"shipping-taxable","16":"purchasable","17":"product-type-simple"},"jetpack_sharing_enabled":true,"_links":{"self":[{"href":"https:\/\/laverteshop.fr\/nl\/wp-json\/wp\/v2\/product\/8850","targetHints":{"allow":["GET"]}}],"collection":[{"href":"https:\/\/laverteshop.fr\/nl\/wp-json\/wp\/v2\/product"}],"about":[{"href":"https:\/\/laverteshop.fr\/nl\/wp-json\/wp\/v2\/types\/product"}],"replies":[{"embeddable":true,"href":"https:\/\/laverteshop.fr\/nl\/wp-json\/wp\/v2\/comments?post=8850"}],"wp:featuredmedia":[{"embeddable":true,"href":"https:\/\/laverteshop.fr\/nl\/wp-json\/wp\/v2\/media\/9092"}],"wp:attachment":[{"href":"https:\/\/laverteshop.fr\/nl\/wp-json\/wp\/v2\/media?parent=8850"}],"wp:term":[{"taxonomy":"product_brand","embeddable":true,"href":"https:\/\/laverteshop.fr\/nl\/wp-json\/wp\/v2\/product_brand?post=8850"},{"taxonomy":"product_cat","embeddable":true,"href":"https:\/\/laverteshop.fr\/nl\/wp-json\/wp\/v2\/product_cat?post=8850"},{"taxonomy":"product_tag","embeddable":true,"href":"https:\/\/laverteshop.fr\/nl\/wp-json\/wp\/v2\/product_tag?post=8850"}],"curies":[{"name":"wp","href":"https:\/\/api.w.org\/{rel}","templated":true}]}}