{"id":8847,"date":"2021-08-31T09:16:13","date_gmt":"2021-08-31T07:16:13","guid":{"rendered":"https:\/\/laverteshop.fr\/?post_type=product&#038;p=8847"},"modified":"2025-07-15T15:10:42","modified_gmt":"2025-07-15T13:10:42","slug":"filters-een-koolstof-actieve-buis-extra-slank-6mm","status":"publish","type":"product","link":"https:\/\/laverteshop.fr\/nl\/product\/filters-een-koolstof-actieve-buis-extra-slank-6mm\/","title":{"rendered":"Actitube| Extra Slim 6mm actieve koolstoffilters"},"content":{"rendered":"<p>- Afmetingen filter: 6 x 27 mm<br \/>\n- Keramische doppen aan beide zijden<br \/>\n- 50 filters per verpakking<\/p>\n<p><strong>Wintertips :<\/strong><\/p>\n<p>Bij temperaturen onder 5\u00b0C kan het filter verstopt raken. Dit wordt veroorzaakt door condensatie van rook in het filter.<\/p>\n<p>Daarom is het aan te raden om tijdens het koude seizoen binnen te roken of de rook buiten het huis te houden.\u00a0<a href=\"https:\/\/laverteshop.fr\/nl\/productcategorie\/accessoires\/filters\/\">filter<\/a>\u00a0totdat je het inschakelt.<\/p>\n<p>Om ervoor te zorgen dat je de best mogelijke proefervaring krijgt, verkopen we alleen producten van de hoogste kwaliteit. Er worden eersteklas materialen gebruikt om ze te maken en ze worden wereldwijd erkend.<\/p>\n<p>De prijzen zijn ook erg aantrekkelijk voor dit soort producten, dus aarzel niet om ze aan je bestelling toe te voegen!<\/p>","protected":false},"excerpt":{"rendered":"<p>De\u00a0<strong>filters\u00a0<\/strong><a href=\"https:\/\/laverteshop.fr\/nl\/product\/filtres-a-charbon-active-actitube-slim-compact-travel-size\/\"><strong>ActiTube<\/strong><\/a> <strong>Extra<\/strong> <strong>Slank<\/strong>\u00a0zijn ontworpen om een groot deel van de schadelijke stoffen te filteren met behulp van actieve kool.<\/p>\n<p>Voor deze filters heeft actiTube de vullingsgraad verminderd. Hierdoor wordt de bescherming van de luchtwegen verminderd, maar krijg je nog steeds de VOLLEDIGE SMAAK van het roken van je roll-ups.<\/p>\n<p>Het heeft de bijzonderheid dat het bepaalde elementen vasthoudt, zoals nicotine en teer, die worden gevormd wanneer sigaretten worden verbrand, evenals andere schadelijke stoffen.<\/p>\n<p>Wanneer rook door een actief koolfilter gaat, blijft veel van de schadelijke teer in de rook aan de actieve kool plakken.<\/p>\n<p>La fum\u00e9e est moins n\u00e9faste, elle est refroidie par un embout en c\u00e9ramique, ce qui l&rsquo;a rend plus douce, le go\u00fbt du tabac est att\u00e9nu\u00e9 mais pas celui de l\u2019herbe et l\u2019effet du \u00ab hit \u00bb n\u2019est pas alt\u00e9r\u00e9.<\/p>","protected":false},"featured_media":9974,"comment_status":"open","ping_status":"closed","template":"","meta":{"inline_featured_image":false},"product_brand":[211],"product_cat":[197,61],"product_tag":[217,218],"class_list":{"0":"post-8847","1":"product","2":"type-product","3":"status-publish","4":"has-post-thumbnail","6":"product_brand-actitube","7":"product_cat-filtres","8":"product_cat-accessoires","9":"product_tag-feuilles","10":"product_tag-filtres","12":"first","13":"instock","14":"taxable","15":"shipping-taxable","16":"purchasable","17":"product-type-simple"},"jetpack_sharing_enabled":true,"_links":{"self":[{"href":"https:\/\/laverteshop.fr\/nl\/wp-json\/wp\/v2\/product\/8847","targetHints":{"allow":["GET"]}}],"collection":[{"href":"https:\/\/laverteshop.fr\/nl\/wp-json\/wp\/v2\/product"}],"about":[{"href":"https:\/\/laverteshop.fr\/nl\/wp-json\/wp\/v2\/types\/product"}],"replies":[{"embeddable":true,"href":"https:\/\/laverteshop.fr\/nl\/wp-json\/wp\/v2\/comments?post=8847"}],"wp:featuredmedia":[{"embeddable":true,"href":"https:\/\/laverteshop.fr\/nl\/wp-json\/wp\/v2\/media\/9974"}],"wp:attachment":[{"href":"https:\/\/laverteshop.fr\/nl\/wp-json\/wp\/v2\/media?parent=8847"}],"wp:term":[{"taxonomy":"product_brand","embeddable":true,"href":"https:\/\/laverteshop.fr\/nl\/wp-json\/wp\/v2\/product_brand?post=8847"},{"taxonomy":"product_cat","embeddable":true,"href":"https:\/\/laverteshop.fr\/nl\/wp-json\/wp\/v2\/product_cat?post=8847"},{"taxonomy":"product_tag","embeddable":true,"href":"https:\/\/laverteshop.fr\/nl\/wp-json\/wp\/v2\/product_tag?post=8847"}],"curies":[{"name":"wp","href":"https:\/\/api.w.org\/{rel}","templated":true}]}}