{"id":8844,"date":"2021-08-31T09:16:07","date_gmt":"2021-08-31T07:16:07","guid":{"rendered":"https:\/\/laverteshop.fr\/?post_type=product&#038;p=8844"},"modified":"2025-07-15T15:10:43","modified_gmt":"2025-07-15T13:10:43","slug":"filters-een-koolstof-actieve-buis-slim-compact-reismaat","status":"publish","type":"product","link":"https:\/\/laverteshop.fr\/nl\/product\/filters-een-koolstof-actieve-buis-slim-compact-reismaat\/","title":{"rendered":"GIZEH Bio Hennep slim houtskool filters maat 6 mm"},"content":{"rendered":"<div>Het actieve koolfilter en de praktische verpakking zijn gemaakt van natuurlijk hennepfilterpapier.<\/div>\n<div>Dit maakt ze bijzonder duurzaam en milieuvriendelijk, omdat er veel minder energie en water nodig is om ze te verwerken.<\/div>\n<div>Dit natuurlijke product voelt daarom speciaal aan en heeft een speciale kleur en afwerking van het oppervlak.<\/div>\n<div><\/div>\n<div>Eigenschappen:<\/div>\n<div><\/div>\n<div>- 6 mm diameter<\/div>\n<div>- 27 mm lang<\/div>\n<div>- Keramische doppen aan beide zijden<\/div>\n<div>- 10 filters per verpakking<\/div>\n<div>- Gemaakt in Duitsland<\/div>","protected":false},"excerpt":{"rendered":"<p>GIZEH Bio Hemp actieve filters zijn speciaal ontwikkeld voor kingsize plezier.<\/p>\n<p>Le charbon actif nettoy\u00e9 \u00e0 l&rsquo;int\u00e9rieur des filtres est fabriqu\u00e9 \u00e0 partir de coques de noix de coco et garantit une exp\u00e9rience gustative \u00e9quilibr\u00e9e tout en r\u00e9duisant la charge polluante sur les voies respiratoires.<\/p>\n<p>Deze GIZEH BIO HEMP houtskoolfilters zijn klein van formaat en zullen je plezier doen en de kwaliteit van je rook verbeteren.<\/p>","protected":false},"featured_media":18071,"comment_status":"open","ping_status":"closed","template":"","meta":{"inline_featured_image":false},"product_brand":[211],"product_cat":[197],"product_tag":[217,218],"class_list":{"0":"post-8844","1":"product","2":"type-product","3":"status-publish","4":"has-post-thumbnail","6":"product_brand-actitube","7":"product_cat-filtres","8":"product_tag-feuilles","9":"product_tag-filtres","11":"first","12":"instock","13":"taxable","14":"shipping-taxable","15":"purchasable","16":"product-type-simple"},"jetpack_sharing_enabled":true,"_links":{"self":[{"href":"https:\/\/laverteshop.fr\/nl\/wp-json\/wp\/v2\/product\/8844","targetHints":{"allow":["GET"]}}],"collection":[{"href":"https:\/\/laverteshop.fr\/nl\/wp-json\/wp\/v2\/product"}],"about":[{"href":"https:\/\/laverteshop.fr\/nl\/wp-json\/wp\/v2\/types\/product"}],"replies":[{"embeddable":true,"href":"https:\/\/laverteshop.fr\/nl\/wp-json\/wp\/v2\/comments?post=8844"}],"wp:featuredmedia":[{"embeddable":true,"href":"https:\/\/laverteshop.fr\/nl\/wp-json\/wp\/v2\/media\/18071"}],"wp:attachment":[{"href":"https:\/\/laverteshop.fr\/nl\/wp-json\/wp\/v2\/media?parent=8844"}],"wp:term":[{"taxonomy":"product_brand","embeddable":true,"href":"https:\/\/laverteshop.fr\/nl\/wp-json\/wp\/v2\/product_brand?post=8844"},{"taxonomy":"product_cat","embeddable":true,"href":"https:\/\/laverteshop.fr\/nl\/wp-json\/wp\/v2\/product_cat?post=8844"},{"taxonomy":"product_tag","embeddable":true,"href":"https:\/\/laverteshop.fr\/nl\/wp-json\/wp\/v2\/product_tag?post=8844"}],"curies":[{"name":"wp","href":"https:\/\/api.w.org\/{rel}","templated":true}]}}