{"id":8826,"date":"2021-08-30T14:56:20","date_gmt":"2021-08-30T12:56:20","guid":{"rendered":"https:\/\/laverteshop.fr\/?post_type=product&#038;p=8826"},"modified":"2025-12-21T20:45:20","modified_gmt":"2025-12-21T19:45:20","slug":"filters-de-bulldog-natuurlijk-bruin-slank","status":"publish","type":"product","link":"https:\/\/laverteshop.fr\/nl\/product\/filters-de-bulldog-natuurlijk-bruin-slank\/","title":{"rendered":"De Bulldog Bruin Bruin Slank Filters"},"content":{"rendered":"<p>Om ervoor te zorgen dat je de best mogelijke proefervaring krijgt, verkopen we alleen producten van topkwaliteit. Ze staan wereldwijd bekend om hun structuur en zijn bovenal gemaakt van eersteklas materialen en grondstoffen.<\/p>\n<p>De prijzen zijn ook erg aantrekkelijk voor dit soort producten, dus aarzel niet om ze aan je bestelling toe te voegen!<\/p>","protected":false},"excerpt":{"rendered":"<p>Ces filtres de la marque culte du coffeshop n\u00e9erlandais \u00ab\u00a0The Bulldog\u00a0\u00bb sont \u00e9crus et ont donc une couleur brune naturelle. Ils sont \u00e9galement perfor\u00e9s, ce qui les rend tr\u00e8s faciles \u00e0 rouler. Pour un plaisir de fumer respectueux de l&rsquo;environnement !<\/p>\n<p><strong>Afmetingen: 59x20mm<\/strong><\/p>\n<p><strong>33 filters \/ notitieboek<\/strong><\/p>","protected":false},"featured_media":9094,"comment_status":"open","ping_status":"closed","template":"","meta":{"inline_featured_image":false},"product_brand":[203],"product_cat":[197,61],"product_tag":[217,218],"class_list":{"0":"post-8826","1":"product","2":"type-product","3":"status-publish","4":"has-post-thumbnail","6":"product_brand-bulldog","7":"product_cat-filtres","8":"product_cat-accessoires","9":"product_tag-feuilles","10":"product_tag-filtres","12":"first","13":"instock","14":"taxable","15":"shipping-taxable","16":"purchasable","17":"product-type-simple"},"jetpack_sharing_enabled":true,"_links":{"self":[{"href":"https:\/\/laverteshop.fr\/nl\/wp-json\/wp\/v2\/product\/8826","targetHints":{"allow":["GET"]}}],"collection":[{"href":"https:\/\/laverteshop.fr\/nl\/wp-json\/wp\/v2\/product"}],"about":[{"href":"https:\/\/laverteshop.fr\/nl\/wp-json\/wp\/v2\/types\/product"}],"replies":[{"embeddable":true,"href":"https:\/\/laverteshop.fr\/nl\/wp-json\/wp\/v2\/comments?post=8826"}],"wp:featuredmedia":[{"embeddable":true,"href":"https:\/\/laverteshop.fr\/nl\/wp-json\/wp\/v2\/media\/9094"}],"wp:attachment":[{"href":"https:\/\/laverteshop.fr\/nl\/wp-json\/wp\/v2\/media?parent=8826"}],"wp:term":[{"taxonomy":"product_brand","embeddable":true,"href":"https:\/\/laverteshop.fr\/nl\/wp-json\/wp\/v2\/product_brand?post=8826"},{"taxonomy":"product_cat","embeddable":true,"href":"https:\/\/laverteshop.fr\/nl\/wp-json\/wp\/v2\/product_cat?post=8826"},{"taxonomy":"product_tag","embeddable":true,"href":"https:\/\/laverteshop.fr\/nl\/wp-json\/wp\/v2\/product_tag?post=8826"}],"curies":[{"name":"wp","href":"https:\/\/api.w.org\/{rel}","templated":true}]}}