{"id":8465,"date":"2021-08-10T16:46:31","date_gmt":"2021-08-10T14:46:31","guid":{"rendered":"https:\/\/laverteshop.fr\/?post_type=product&#038;p=8465"},"modified":"2025-07-15T15:10:52","modified_gmt":"2025-07-15T13:10:52","slug":"vellen-een-rol-flame-pink-king-slim","status":"publish","type":"product","link":"https:\/\/laverteshop.fr\/nl\/product\/vellen-een-rol-flame-pink-king-slim\/","title":{"rendered":"Vloei | Flamez Pink King Slim"},"content":{"rendered":"<p>Val op met deze prachtige roze papieren gemaakt van hennepvezels (90%) en houtvezels (10%) voor extra stevigheid.<br \/>\nFlamez Pink Edition papieren kopen<br \/>\nRevitalisez votre \u00ab\u00a0fum\u00e9e\u00a0\u00bb avec ces papiers Pink Edition de Flamez. Commandez en toute s\u00e9curit\u00e9 sur notre boutique en ligne et soyez s\u00fbr de recevoir votre paquet \u00e0 votre porte.<br \/>\nZweer je dat Pinky!<\/p>\n<p>Om ervoor te zorgen dat je de best mogelijke proefervaring krijgt, verkopen we alleen producten van topkwaliteit. Ze staan wereldwijd bekend om hun structuur en zijn bovenal gemaakt van eersteklas materialen en grondstoffen.<\/p>\n<p>De prijzen zijn ook erg aantrekkelijk voor dit soort producten, dus aarzel niet om ze aan je bestelling toe te voegen!<\/p>","protected":false},"excerpt":{"rendered":"<p>Flamez Roze Editie!<br \/>\nLes vraies \u00ab\u00a0reines\u00a0\u00bb utilisent les papiers Flamez Pink (Queen) Size Slim !<br \/>\nVal op met deze prachtige roze papieren gemaakt van hennepvezels (90%) en houtvezels (10%) voor extra stevigheid.<\/p>\n<p>33 vellen per verpakking<br \/>\nLengte: kingsize (110 mm)<br \/>\nBreedte: Slank (44 mm)<br \/>\nKleur: roze<br \/>\nType: mengsel van hennep (90%) en hout (10%)<\/p>","protected":false},"featured_media":8466,"comment_status":"open","ping_status":"closed","template":"","meta":{"inline_featured_image":false},"product_brand":[204],"product_cat":[196,61],"product_tag":[217,218],"class_list":{"0":"post-8465","1":"product","2":"type-product","3":"status-publish","4":"has-post-thumbnail","6":"product_brand-flamez","7":"product_cat-feuilles-a-rouler","8":"product_cat-accessoires","9":"product_tag-feuilles","10":"product_tag-filtres","12":"first","13":"outofstock","14":"taxable","15":"shipping-taxable","16":"purchasable","17":"product-type-simple"},"jetpack_sharing_enabled":true,"_links":{"self":[{"href":"https:\/\/laverteshop.fr\/nl\/wp-json\/wp\/v2\/product\/8465","targetHints":{"allow":["GET"]}}],"collection":[{"href":"https:\/\/laverteshop.fr\/nl\/wp-json\/wp\/v2\/product"}],"about":[{"href":"https:\/\/laverteshop.fr\/nl\/wp-json\/wp\/v2\/types\/product"}],"replies":[{"embeddable":true,"href":"https:\/\/laverteshop.fr\/nl\/wp-json\/wp\/v2\/comments?post=8465"}],"wp:featuredmedia":[{"embeddable":true,"href":"https:\/\/laverteshop.fr\/nl\/wp-json\/wp\/v2\/media\/8466"}],"wp:attachment":[{"href":"https:\/\/laverteshop.fr\/nl\/wp-json\/wp\/v2\/media?parent=8465"}],"wp:term":[{"taxonomy":"product_brand","embeddable":true,"href":"https:\/\/laverteshop.fr\/nl\/wp-json\/wp\/v2\/product_brand?post=8465"},{"taxonomy":"product_cat","embeddable":true,"href":"https:\/\/laverteshop.fr\/nl\/wp-json\/wp\/v2\/product_cat?post=8465"},{"taxonomy":"product_tag","embeddable":true,"href":"https:\/\/laverteshop.fr\/nl\/wp-json\/wp\/v2\/product_tag?post=8465"}],"curies":[{"name":"wp","href":"https:\/\/api.w.org\/{rel}","templated":true}]}}