{"id":7690,"date":"2021-06-13T11:48:51","date_gmt":"2021-06-13T09:48:51","guid":{"rendered":"https:\/\/laverteshop.fr\/?post_type=product&#038;p=7690"},"modified":"2025-07-15T15:11:04","modified_gmt":"2025-07-15T13:11:04","slug":"zure-tsunami-kas","status":"publish","type":"product","link":"https:\/\/laverteshop.fr\/nl\/product\/zure-tsunami-kas\/","title":{"rendered":"Zure Tsunami kas"},"content":{"rendered":"<p>Hier is onze Greenhouse Tsunami Sour. In tegenstelling tot de originele Tsunami heeft deze een licht zure smaak. Mooie middelgrote toppen en een mooie donkergroene kleur. Haar relatief aardse geur zal je herinneren aan haar aardse kant. Uitstekende prijs-kwaliteitverhouding.<\/p>\n<p>Sour Tsunami Greenhouse is een geweldig product, momenteel in de aanbieding.<\/p>\n<p>Onze producten zijn van gecertificeerde Zwitserse CBD-kwaliteit. Wat voor ons het belangrijkste is, is dat we je bloemen en pollen van uitstekende waarde kunnen bieden, tegen betaalbare en acceptabele prijzen en in overeenstemming met de niveaus die zijn toegestaan door het HvJEU (&lt;0,2% THC).<\/p>\n<p>Wat kun je met deze producten doen? Ontspannende infusies om beter te slapen, potpourri om je huis te doordrenken met een natuurlijke geur of je kunt ze desgewenst in je eten gebruiken (salades, sauzen, smaakmakers).<\/p>\n<p>We raden je aan om je arts te raadplegen, die je kan adviseren over het beste gebruik van CBD.<\/p>\n<p><em>Dit vind je misschien ook leuk:<\/em><\/p>\n<ul>\n<li data-wpmeteor-mouseover=\"true\"><a href=\"https:\/\/laverteshop.fr\/nl\/product\/kush\/\">Bosachtige Kush<\/a><\/li>\n<li data-wpmeteor-mouseover=\"true\"><a href=\"https:\/\/laverteshop.fr\/nl\/top-5-most-popular-cbd-variants-of-2021\/\">Top 5 CBD-vari\u00ebteiten<\/a><\/li>\n<li data-wpmeteor-mouseover=\"true\"><a href=\"https:\/\/laverteshop.fr\/nl\/product\/white-cbg\/\">Wit CBG<\/a><\/li>\n<li data-wpmeteor-mouseover=\"true\"><a href=\"https:\/\/laverteshop.fr\/nl\/medische-cannabis-gekweekt-in-duitsland-is-beschikbaar-voor-de-eerste-keer\/\">Cannabis gekweekt in Duitsland...<\/a><\/li>\n<\/ul>","protected":false},"excerpt":{"rendered":"<p>Notre Sour Tsunami Greenhouse est une vari\u00e9t\u00e9 qui est devenue c\u00e9l\u00e8bre parce qu&rsquo;elle est l&rsquo;une des premi\u00e8res \u00e0 avoir \u00e9t\u00e9 s\u00e9lectionn\u00e9e pour sa forte <a href=\"https:\/\/laverteshop.fr\/nl\/de-cbd-en-sex\/\">CBD-gehalte<\/a> plut\u00f4t qu&rsquo;en THC.<\/p>\n<p>Le r\u00e9sultat est une vari\u00e9t\u00e9 efficace pour traiter la douleur et l&rsquo;inflammation<a href=\"https:\/\/laverteshop.fr\/nl\/waarom-cbd-werk-doen\/\"> sans produire un \u00ab\u00a0high\u00a0\u00bb<\/a> gelinkt aan een hoog THC-gehalte.<\/p>\n<p>Deze bloem werd gecre\u00eberd door Sour Diesel planten te kruisen met NYC Diesel. Deze <a href=\"https:\/\/laverteshop.fr\/nl\/product\/hawaiian-haze\/\">hybride<\/a> Deze sativa-dominante plant bloeit in 9 weken en produceert dichte, donkergroene toppen met donkergroene, paars getinte bladeren. De toppen hebben een bekende muskusachtige dieselgeur met een vleugje zoetheid.<\/p>\n<table style=\"border-collapse: collapse; width: 305px; height: 211px;\" border=\"1\">\n<tbody>\n<tr>\n<td style=\"width: 50%; text-align: center;\"><strong>THC<\/strong><\/td>\n<td style=\"width: 50%; text-align: center;\"><strong>0.18%<\/strong><\/td>\n<\/tr>\n<tr>\n<td style=\"width: 50%; text-align: center;\"><strong>CBD<\/strong><\/td>\n<td style=\"width: 50%; text-align: center;\"><strong>7.8%<\/strong><\/td>\n<\/tr>\n<tr>\n<td style=\"width: 50%; text-align: center;\"><strong>CBG<\/strong><\/td>\n<td style=\"width: 50%; text-align: center;\"><strong>0.18%<\/strong><\/td>\n<\/tr>\n<tr>\n<td style=\"width: 50%; text-align: center;\"><strong>Cultuur<\/strong><\/td>\n<td style=\"width: 50%; text-align: center;\"><strong>Hybride<\/strong><\/td>\n<\/tr>\n<\/tbody>\n<\/table>","protected":false},"featured_media":8303,"comment_status":"open","ping_status":"closed","template":"","meta":{"inline_featured_image":false},"product_brand":[75],"product_cat":[58],"product_tag":[74],"class_list":{"0":"post-7690","1":"product","2":"type-product","3":"status-publish","4":"has-post-thumbnail","6":"product_brand-la-verte","7":"product_cat-fleurs","8":"product_tag-sous-serre","10":"first","11":"outofstock","12":"sale","13":"taxable","14":"shipping-taxable","15":"purchasable","16":"product-type-variable","17":"has-default-attributes"},"jetpack_sharing_enabled":true,"_links":{"self":[{"href":"https:\/\/laverteshop.fr\/nl\/wp-json\/wp\/v2\/product\/7690","targetHints":{"allow":["GET"]}}],"collection":[{"href":"https:\/\/laverteshop.fr\/nl\/wp-json\/wp\/v2\/product"}],"about":[{"href":"https:\/\/laverteshop.fr\/nl\/wp-json\/wp\/v2\/types\/product"}],"replies":[{"embeddable":true,"href":"https:\/\/laverteshop.fr\/nl\/wp-json\/wp\/v2\/comments?post=7690"}],"wp:featuredmedia":[{"embeddable":true,"href":"https:\/\/laverteshop.fr\/nl\/wp-json\/wp\/v2\/media\/8303"}],"wp:attachment":[{"href":"https:\/\/laverteshop.fr\/nl\/wp-json\/wp\/v2\/media?parent=7690"}],"wp:term":[{"taxonomy":"product_brand","embeddable":true,"href":"https:\/\/laverteshop.fr\/nl\/wp-json\/wp\/v2\/product_brand?post=7690"},{"taxonomy":"product_cat","embeddable":true,"href":"https:\/\/laverteshop.fr\/nl\/wp-json\/wp\/v2\/product_cat?post=7690"},{"taxonomy":"product_tag","embeddable":true,"href":"https:\/\/laverteshop.fr\/nl\/wp-json\/wp\/v2\/product_tag?post=7690"}],"curies":[{"name":"wp","href":"https:\/\/api.w.org\/{rel}","templated":true}]}}