{"id":19670,"date":"2025-04-08T16:44:42","date_gmt":"2025-04-08T14:44:42","guid":{"rendered":"https:\/\/laverteshop.fr\/?post_type=product&#038;p=19670"},"modified":"2026-04-23T13:20:02","modified_gmt":"2026-04-23T11:20:02","slug":"alpine-kush-kas-cpm","status":"publish","type":"product","link":"https:\/\/laverteshop.fr\/nl\/product\/alpine-kush-kas-cpm\/","title":{"rendered":"Alpine Kush Greenhouse CPM"},"content":{"rendered":"<p>Nieuw molecuulproduct!<\/p>\n<p>Qu&rsquo;est ce que le CPM ? Le CPM est un n\u00e9o cannabino\u00efde tout r\u00e9cent, et trouv\u00e9 par des chimistes qui travaillent depuis plusieurs ann\u00e9es sur les mol\u00e9cules de cannabis et de chanvre. Apr\u00e8s le HHC, le THCP, le H4CBD, le HHCPO, et le 10-OH-HHC, tous interdits, le CPM est LA SEULE MOL\u00c9CULE l\u00e9gale du march\u00e9, et qui donne un effet euphorisant lors de la consommation.<\/p>\n<p>Cette mol\u00e9cule vous relaxera davantage que le CBD normal, et vous procurera des effets euphorisants rapides et courts. C&rsquo;est clairement la meilleure alternative au THC possible.<\/p>\n<p>Cette Alpine Kush Greenhouse CPM est une vari\u00e9t\u00e9 issue d&rsquo;une culture sous serre en Suisse, l\u00e0 ou le climat est propice \u00e0 la culture de fleurs de cannabis. Une vari\u00e9t\u00e9 fraiche pr\u00e9sent\u00e9e sous forme de fleurs plut\u00f4t grosses, et bien compactes.<\/p>\n<p>Een lichtgroene kleur met stampers. Ze is ge\u00efnfuseerd in CPM op een niveau van 10%, dus ze zorgt zeker voor een uitstekende, licht euforische ontspanning.<\/p>\n<p>Het belangrijkste voor ons is dat we je bloemen en harsen van uitstekende waarde kunnen leveren, tegen betaalbare en acceptabele prijzen en in overeenstemming met de niveaus die zijn toegestaan door het HvJEU (&lt;0,3% THC).<\/p>\n<p>Wat kun je met deze producten doen? Ontspannende infusies om beter te slapen, potpourri om je huis te doordrenken met een natuurlijke geur of je kunt ze desgewenst in je eten gebruiken (salades, sauzen, smaakmakers).<\/p>\n<p>Nous vous conseillons de consulter l\u2019avis votre m\u00e9decin, qui pourra vous conseiller le meilleur usage pour votre CBD. De plus, nous vous rappelons qu&rsquo;il est strictement interdit de consommer du CPM avant de conduire.<\/p>\n<p>&nbsp;<\/p>\n<p>&nbsp;<\/p>\n<p>&nbsp;<\/p>\n<h6><\/h6>","protected":false},"excerpt":{"rendered":"<p>La mol\u00e9cule CPM (voir d\u00e9tails ci dessous dans la description longue) vous relaxera davantage que le CBD normal, et vous procurera un \u00ab\u00a0high\u00a0\u00bb puissant et rapide. Mol\u00e9cule 100% l\u00e9gale<\/p>\n<p>Deze Alpine Kush Greenhouse CPM is een traditionele Zwitserse vari\u00ebteit, gekweekt in kassen in een klimaat dat bevorderlijk is voor de kweek. Ze wordt geleverd in de vorm van mooie, lichte, compacte toppen met mooie witte trichomen. Ze is ge\u00efnfuseerd in CPM's distillaat bij 10%, wat zorgt voor een superieure ontspanning.<\/p>\n<p>Een topbloem die al onze fans van krachtige bloemen zal aanspreken<\/p>\n<ul>\n<li>Herkomst: Zwitserland<\/li>\n<li>Ras: Alpine<\/li>\n<\/ul>\n<table style=\"border-collapse: collapse; width: 192px; height: 205px;\" border=\"1\">\n<tbody>\n<tr>\n<td style=\"width: 50%; text-align: center;\"><strong>THC<\/strong><\/td>\n<td style=\"width: 50%; text-align: center;\"><strong>0.23 %<\/strong><\/td>\n<\/tr>\n<tr>\n<td style=\"width: 50%; text-align: center;\"><strong>CBD<\/strong><\/td>\n<td style=\"width: 50%; text-align: center;\"><strong>19 %<\/strong><\/td>\n<\/tr>\n<tr>\n<td style=\"width: 50%; text-align: center;\"><strong>CPM<\/strong><\/td>\n<td style=\"width: 50%; text-align: center;\"><strong>10%<\/strong><\/td>\n<\/tr>\n<tr>\n<td style=\"width: 50%; text-align: center;\"><b>Cultuur<\/b><\/td>\n<td style=\"width: 50%; text-align: center;\"><strong>Sous Serre<\/strong><\/td>\n<\/tr>\n<\/tbody>\n<\/table>","protected":false},"featured_media":19675,"comment_status":"open","ping_status":"closed","template":"","meta":{"inline_featured_image":false},"product_brand":[75],"product_cat":[304,58,253],"product_tag":[303,220],"class_list":{"0":"post-19670","1":"product","2":"type-product","3":"status-publish","4":"has-post-thumbnail","6":"product_brand-la-verte","7":"product_cat-produits-puissants","8":"product_cat-fleurs","9":"product_cat-indoor","10":"product_tag-cpm","11":"product_tag-fleurs-cbd","13":"first","14":"instock","15":"taxable","16":"shipping-taxable","17":"purchasable","18":"product-type-variable"},"jetpack_sharing_enabled":true,"_links":{"self":[{"href":"https:\/\/laverteshop.fr\/nl\/wp-json\/wp\/v2\/product\/19670","targetHints":{"allow":["GET"]}}],"collection":[{"href":"https:\/\/laverteshop.fr\/nl\/wp-json\/wp\/v2\/product"}],"about":[{"href":"https:\/\/laverteshop.fr\/nl\/wp-json\/wp\/v2\/types\/product"}],"replies":[{"embeddable":true,"href":"https:\/\/laverteshop.fr\/nl\/wp-json\/wp\/v2\/comments?post=19670"}],"wp:featuredmedia":[{"embeddable":true,"href":"https:\/\/laverteshop.fr\/nl\/wp-json\/wp\/v2\/media\/19675"}],"wp:attachment":[{"href":"https:\/\/laverteshop.fr\/nl\/wp-json\/wp\/v2\/media?parent=19670"}],"wp:term":[{"taxonomy":"product_brand","embeddable":true,"href":"https:\/\/laverteshop.fr\/nl\/wp-json\/wp\/v2\/product_brand?post=19670"},{"taxonomy":"product_cat","embeddable":true,"href":"https:\/\/laverteshop.fr\/nl\/wp-json\/wp\/v2\/product_cat?post=19670"},{"taxonomy":"product_tag","embeddable":true,"href":"https:\/\/laverteshop.fr\/nl\/wp-json\/wp\/v2\/product_tag?post=19670"}],"curies":[{"name":"wp","href":"https:\/\/api.w.org\/{rel}","templated":true}]}}