{"id":19193,"date":"2025-01-17T15:49:17","date_gmt":"2025-01-17T14:49:17","guid":{"rendered":"https:\/\/laverteshop.fr\/?post_type=product&#038;p=19193"},"modified":"2025-12-29T22:05:17","modified_gmt":"2025-12-29T21:05:17","slug":"kiss-binnen-cbd","status":"publish","type":"product","link":"https:\/\/laverteshop.fr\/nl\/product\/kiss-binnen-cbd\/","title":{"rendered":"Kiss Binnen CBD"},"content":{"rendered":"<p>Alerte nouveaut\u00e9 ! Top indoor qui vient s&rsquo;ajouter \u00e0 notre catalogue<\/p>\n<p>La Kiss indoor CBD est une magnifique fleur pr\u00e9sent\u00e9e sous forme de grosse t\u00eates compactes, et aux odeurs fruit\u00e9es bien pr\u00e9sentes. la Kiss se rapproche d&rsquo;une vari\u00e9t\u00e9 type Gelato, elle est donc l\u00e9g\u00e8rement sucr\u00e9e. Une couleur claire, et de jolis trichomes qui ressortent.<\/p>\n<p>Met een CBD-gehalte van 18% zal het je zeker ontspannen.<\/p>\n<p>Onze producten zijn van gecertificeerde Zwitserse CBD-kwaliteit. Het belangrijkste voor ons is dat we je bloemen en harsen van uitstekende waarde kunnen leveren, tegen betaalbare en acceptabele prijzen en in overeenstemming met de niveaus die zijn toegestaan door het HvJEU (&lt;0,3% THC).<\/p>\n<p>Wat kun je met deze producten doen? Ontspannende infusies om beter te slapen, potpourri om je huis te doordrenken met een natuurlijke geur of je kunt ze desgewenst in je eten gebruiken (salades, sauzen, smaakmakers).<\/p>\n<p>We raden je aan om je arts te raadplegen, die je kan adviseren over het beste gebruik van CBD.<\/p>","protected":false},"excerpt":{"rendered":"<p>Nieuw product van topkwaliteit! Als je van binnenbloemen met karakter houdt, zul je dol zijn op Kiss indoor. Binnen gekweekt, zijn alle omstandigheden goed voor een uitstekende bloem (licht, luchtvochtigheid, temperatuur).<\/p>\n<p>Elle est grosse, compacte, et des couleur claire. Lors de l&rsquo;ouverture du sachet, des notes sucr\u00e9es et fruit\u00e9es vous raviront.<\/p>\n<p>En als je onze laatste releases goed vond, zul je zien dat de kwaliteit er nog steeds is! Een product dat je niet mag missen!<\/p>\n<table style=\"border-collapse: collapse; width: 192px; height: 205px;\" border=\"1\">\n<tbody>\n<tr>\n<td style=\"width: 50%; text-align: center;\"><strong>THC<\/strong><\/td>\n<td style=\"width: 50%; text-align: center;\"><strong>0.24 %<\/strong><\/td>\n<\/tr>\n<tr>\n<td style=\"width: 50%; text-align: center;\"><b>CBD<\/b><\/td>\n<td style=\"width: 50%; text-align: center;\"><strong>18 %<\/strong><\/td>\n<\/tr>\n<tr>\n<td style=\"width: 50%; text-align: center;\"><b>CBG<\/b><\/td>\n<td style=\"width: 50%; text-align: center;\"><strong>n.n<\/strong><\/td>\n<\/tr>\n<tr>\n<td style=\"width: 50%; text-align: center;\"><b>Cultuur<\/b><\/td>\n<td style=\"width: 50%; text-align: center;\"><strong>Binnen<\/strong><\/td>\n<\/tr>\n<\/tbody>\n<\/table>","protected":false},"featured_media":19197,"comment_status":"open","ping_status":"closed","template":"","meta":{"inline_featured_image":false},"product_brand":[75],"product_cat":[58,253],"product_tag":[220,299],"class_list":{"0":"post-19193","1":"product","2":"type-product","3":"status-publish","4":"has-post-thumbnail","6":"product_brand-la-verte","7":"product_cat-fleurs","8":"product_cat-indoor","9":"product_tag-fleurs-cbd","10":"product_tag-fleurs-indoor","12":"first","13":"instock","14":"taxable","15":"shipping-taxable","16":"purchasable","17":"product-type-variable"},"jetpack_sharing_enabled":true,"_links":{"self":[{"href":"https:\/\/laverteshop.fr\/nl\/wp-json\/wp\/v2\/product\/19193","targetHints":{"allow":["GET"]}}],"collection":[{"href":"https:\/\/laverteshop.fr\/nl\/wp-json\/wp\/v2\/product"}],"about":[{"href":"https:\/\/laverteshop.fr\/nl\/wp-json\/wp\/v2\/types\/product"}],"replies":[{"embeddable":true,"href":"https:\/\/laverteshop.fr\/nl\/wp-json\/wp\/v2\/comments?post=19193"}],"wp:featuredmedia":[{"embeddable":true,"href":"https:\/\/laverteshop.fr\/nl\/wp-json\/wp\/v2\/media\/19197"}],"wp:attachment":[{"href":"https:\/\/laverteshop.fr\/nl\/wp-json\/wp\/v2\/media?parent=19193"}],"wp:term":[{"taxonomy":"product_brand","embeddable":true,"href":"https:\/\/laverteshop.fr\/nl\/wp-json\/wp\/v2\/product_brand?post=19193"},{"taxonomy":"product_cat","embeddable":true,"href":"https:\/\/laverteshop.fr\/nl\/wp-json\/wp\/v2\/product_cat?post=19193"},{"taxonomy":"product_tag","embeddable":true,"href":"https:\/\/laverteshop.fr\/nl\/wp-json\/wp\/v2\/product_tag?post=19193"}],"curies":[{"name":"wp","href":"https:\/\/api.w.org\/{rel}","templated":true}]}}