{"id":18831,"date":"2024-09-27T16:47:36","date_gmt":"2024-09-27T14:47:36","guid":{"rendered":"https:\/\/laverteshop.fr\/?post_type=product&#038;p=18831"},"modified":"2026-02-06T01:43:29","modified_gmt":"2026-02-06T00:43:29","slug":"diesel-kas-t-p-11","status":"publish","type":"product","link":"https:\/\/laverteshop.fr\/nl\/product\/diesel-kas-t-p-11\/","title":{"rendered":"Gelato Indoor medium knoppen"},"content":{"rendered":"<p>Nieuw product alert! Deze prachtige Gelato Indoor medium toppen zullen je verrukken tegen een betaalbare prijs.<\/p>\n<p>Fruit\u00e9e, compacte, ni trop humide ni trop s\u00e8che, parsem\u00e9e de pistils orang\u00e9s qui assure un go\u00fbt sucr\u00e9, c&rsquo;est un top produit. Pr\u00e9sent\u00e9 sous forme de fleurs de calibre moyen (de 1 \u00e0 2.5 cm), plut\u00f4t un vert puissant et pas trop clair. A partir de 2.6\u20ac par gramme, vous ne vous trompez pas ! Provenant d&rsquo;une culture indoor, qui assure des conditions parfaites de temp\u00e9rature, luminosit\u00e9 et humidit\u00e9. Donc vous serez face \u00e0 une fleur de superbe qualit\u00e9.<\/p>\n<p>Onze producten zijn van gecertificeerde Zwitserse CBD-kwaliteit. Het belangrijkste voor ons is dat we je bloemen en harsen van uitstekende waarde kunnen leveren, tegen betaalbare en acceptabele prijzen en in overeenstemming met de niveaus die zijn toegestaan door het HvJEU (&lt;0,3% THC).<\/p>\n<p>Wat kun je met deze producten doen? Ontspannende infusies om beter te slapen, potpourri om je huis te doordrenken met een natuurlijke geur of je kunt ze desgewenst in je eten gebruiken (salades, sauzen, smaakmakers).<\/p>\n<p>We raden je aan om je arts te raadplegen, die je kan adviseren over het beste gebruik van CBD.<\/p>","protected":false},"excerpt":{"rendered":"<p>Alerte nouveaut\u00e9 \u00e0 petit prix ! La Gelato Indoor medium buds, comme son nom l&rsquo;indique est une fleur cultiv\u00e9e en int\u00e9rieur, aux conditions parfaites.<\/p>\n<p>Cela donne des fleurs d&rsquo;excellente qualit\u00e9. La vari\u00e9t\u00e9 Gelato est une vari\u00e9t\u00e9 plut\u00f4t fruit\u00e9e et sucr\u00e9e, vous retrouverez ses jolis pistils oranges. Les buds sont de taille moyenne \u00e0 grosse (de 1 \u00e0 3 cm). A partir de 2.5\u20ac le gramme, c&rsquo;est un rapport qualit\u00e9 prix imbattable !<\/p>\n<p>A l&rsquo;ouverture du sachet, vous serez surpris par la force de son odeur, et aurez rapidement envie de la consommer.<\/p>\n<p>En als je onze laatste releases goed vond, zul je zien dat de kwaliteit er nog steeds is! Een product dat je niet mag missen!<\/p>\n<table style=\"border-collapse: collapse; width: 192px; height: 205px;\" border=\"1\">\n<tbody>\n<tr>\n<td style=\"width: 50%; text-align: center;\"><strong>THC<\/strong><\/td>\n<td style=\"width: 50%; text-align: center;\"><strong>0.23 %<\/strong><\/td>\n<\/tr>\n<tr>\n<td style=\"width: 50%; text-align: center;\"><b>CBD<\/b><\/td>\n<td style=\"width: 50%; text-align: center;\"><strong>17 %<\/strong><\/td>\n<\/tr>\n<tr>\n<td style=\"width: 50%; text-align: center;\"><b>CBG<\/b><\/td>\n<td style=\"width: 50%; text-align: center;\"><strong>n.n<\/strong><\/td>\n<\/tr>\n<tr>\n<td style=\"width: 50%; text-align: center;\"><b>Cultuur<\/b><\/td>\n<td style=\"width: 50%; text-align: center;\"><strong>Binnen<\/strong><\/td>\n<\/tr>\n<\/tbody>\n<\/table>","protected":false},"featured_media":18835,"comment_status":"open","ping_status":"closed","template":"","meta":{"inline_featured_image":false},"product_brand":[75],"product_cat":[58,253],"product_tag":[220,299],"class_list":{"0":"post-18831","1":"product","2":"type-product","3":"status-publish","4":"has-post-thumbnail","6":"product_brand-la-verte","7":"product_cat-fleurs","8":"product_cat-indoor","9":"product_tag-fleurs-cbd","10":"product_tag-fleurs-indoor","12":"first","13":"outofstock","14":"taxable","15":"shipping-taxable","16":"purchasable","17":"product-type-variable"},"jetpack_sharing_enabled":true,"_links":{"self":[{"href":"https:\/\/laverteshop.fr\/nl\/wp-json\/wp\/v2\/product\/18831","targetHints":{"allow":["GET"]}}],"collection":[{"href":"https:\/\/laverteshop.fr\/nl\/wp-json\/wp\/v2\/product"}],"about":[{"href":"https:\/\/laverteshop.fr\/nl\/wp-json\/wp\/v2\/types\/product"}],"replies":[{"embeddable":true,"href":"https:\/\/laverteshop.fr\/nl\/wp-json\/wp\/v2\/comments?post=18831"}],"wp:featuredmedia":[{"embeddable":true,"href":"https:\/\/laverteshop.fr\/nl\/wp-json\/wp\/v2\/media\/18835"}],"wp:attachment":[{"href":"https:\/\/laverteshop.fr\/nl\/wp-json\/wp\/v2\/media?parent=18831"}],"wp:term":[{"taxonomy":"product_brand","embeddable":true,"href":"https:\/\/laverteshop.fr\/nl\/wp-json\/wp\/v2\/product_brand?post=18831"},{"taxonomy":"product_cat","embeddable":true,"href":"https:\/\/laverteshop.fr\/nl\/wp-json\/wp\/v2\/product_cat?post=18831"},{"taxonomy":"product_tag","embeddable":true,"href":"https:\/\/laverteshop.fr\/nl\/wp-json\/wp\/v2\/product_tag?post=18831"}],"curies":[{"name":"wp","href":"https:\/\/api.w.org\/{rel}","templated":true}]}}