{"id":18680,"date":"2024-09-03T16:23:43","date_gmt":"2024-09-03T14:23:43","guid":{"rendered":"https:\/\/laverteshop.fr\/?post_type=product&#038;p=18680"},"modified":"2026-04-05T08:39:55","modified_gmt":"2026-04-05T06:39:55","slug":"zwitsers-premium-zwart-hash-bio-4","status":"publish","type":"product","link":"https:\/\/laverteshop.fr\/nl\/product\/zwitsers-premium-zwart-hash-bio-4\/","title":{"rendered":"Hash TGV mousserende wijn"},"content":{"rendered":"<p>Een nieuw moleculair product! Hash TGV mousserende wijn<\/p>\n<p>Qu&rsquo;est ce que le TGV ? C&rsquo;est un m\u00e9lange d&rsquo;isolats (forme poudreuse du CBD, et donc tr\u00e8s concentr\u00e9 en CBD) de CBN, de CBC ainsi qu&rsquo;un isolat naturel et l\u00e9g\u00e8rement euphorisant. Ce m\u00e9lange d&rsquo;isolats est ensuite inclus dans la presse des r\u00e9sines, et ajout\u00e9 sur les fleurs gr\u00e2ce a un ajout de pollens. Les fleurs sont donc plus claires, plus fortes, plus relaxantes et euphorisantes, mais non psychotropes, et beaucoup moins fort que d&rsquo;autre anciennes n\u00e9o-mol\u00e9cules (THCP, HHCPO, etc). Produit 100% naturel et l\u00e9gal !<\/p>\n<p>Cette mol\u00e9cule vous relaxera davantage que le CBD normal, mais ne vous donnera pas de gros \u00ab\u00a0high\u00a0\u00bb, c&rsquo;est un produit plut\u00f4t naturel.<\/p>\n<p>Le Mousseux Hash TGV est un hash moelleux, d&rsquo;une magnifique teinte dor\u00e9e, et tr\u00e8s facile \u00e0 utiliser. Pas besoin de le chauffer pour l&rsquo;effriter. Il a une belle odeur sucr\u00e9e, et grace \u00e0 son ajout de TGV, procurera une belle d\u00e9tente. Nous l&rsquo;avions pr\u00e9c\u00e9demment en THCP, mais suite \u00e0 l&rsquo;interdiction, nous l&rsquo;avons command\u00e9 en nouvelle mol\u00e9cule car il avait du succ\u00e8s.<\/p>\n<p>Het belangrijkste voor ons is dat we je bloemen en harsen van uitstekende waarde kunnen leveren, tegen betaalbare en acceptabele prijzen en in overeenstemming met de niveaus die zijn toegestaan door het HvJEU (&lt;0,3% THC).<\/p>\n<p>Wat kun je met deze producten doen? Ontspannende infusies om beter te slapen, potpourri om je huis te doordrenken met een natuurlijke geur of je kunt ze desgewenst in je eten gebruiken (salades, sauzen, smaakmakers).<\/p>\n<p>We raden je aan om je arts te raadplegen, die je kan adviseren over het beste gebruik van CBD.<\/p>\n<p><strong>BELANGRIJKE OPMERKING:<\/strong> Nos r\u00e9sines et hash sont pr\u00e9par\u00e9s dans des laboratoires certifi\u00e9s, avec des proc\u00e9d\u00e9s et techniques qui appartiennent seulement aux producteurs avec qui nous travaillons. La texture et l&rsquo;odeur des produits peuvent donc changer d&rsquo;une r\u00e9colte \u00e0 une autre, d\u00e9pendant aussi de la fleur utilis\u00e9e. Si vous avez un probl\u00e8me avec un produit, contactez nous \u00e0 <a href=\"mailto:contact@laverteshop.fr\">contact@laverteshop.fr<\/a> en we zullen een oplossing naar uw tevredenheid vinden. Bedankt voor uw begrip.<\/p>","protected":false},"excerpt":{"rendered":"<p>La mol\u00e9cule TGV (voir d\u00e9tails ci dessous dans la description longue) vous relaxera davantage que le CBD normal, mais ne vous donnera pas de gros \u00ab\u00a0high\u00a0\u00bb. Produit 100% naturel et l\u00e9gal !<\/p>\n<p>Mousseux Hash TGV is een zeer zachte, fijne hasj, die we al eerder in een andere molecuul hadden. Voortbordurend op het succes, zijn we verheugd u TGV te kunnen aanbieden. Minder euforisch, minder sterk, maar 100% legaal. De zachte textuur en zoete geuren zijn nog steeds aanwezig en zullen je zeker verrukken!<\/p>\n<ul>\n<li>Herkomst : Bio Suisse<\/li>\n<li>Effecten: licht krachtig<\/li>\n<\/ul>\n<table style=\"border-collapse: collapse; width: 192px; height: 205px;\" border=\"1\">\n<tbody>\n<tr>\n<td style=\"width: 50%; text-align: center;\"><strong>THC<\/strong><\/td>\n<td style=\"width: 50%; text-align: center;\"><strong>0.28 %<\/strong><\/td>\n<\/tr>\n<tr>\n<td style=\"width: 50%; text-align: center;\"><strong>CBD<\/strong><\/td>\n<td style=\"width: 50%; text-align: center;\"><strong>25 %<\/strong><\/td>\n<\/tr>\n<tr>\n<td style=\"width: 50%; text-align: center;\"><b>CBN<\/b><\/td>\n<td style=\"width: 50%; text-align: center;\"><strong>5 %<\/strong><\/td>\n<\/tr>\n<tr>\n<td style=\"width: 50%; text-align: center;\"><b>Cultuur<\/b><\/td>\n<td style=\"width: 50%; text-align: center;\"><strong>Binnen<\/strong><\/td>\n<\/tr>\n<\/tbody>\n<\/table>\n<p>&nbsp;<\/p>","protected":false},"featured_media":18699,"comment_status":"open","ping_status":"closed","template":"","meta":{"inline_featured_image":false},"product_brand":[75],"product_cat":[304,59],"product_tag":[244,230],"class_list":{"0":"post-18680","1":"product","2":"type-product","3":"status-publish","4":"has-post-thumbnail","6":"product_brand-la-verte","7":"product_cat-produits-puissants","8":"product_cat-pollens","9":"product_tag-hash","10":"product_tag-resines","12":"first","13":"instock","14":"taxable","15":"shipping-taxable","16":"purchasable","17":"product-type-variable"},"jetpack_sharing_enabled":true,"_links":{"self":[{"href":"https:\/\/laverteshop.fr\/nl\/wp-json\/wp\/v2\/product\/18680","targetHints":{"allow":["GET"]}}],"collection":[{"href":"https:\/\/laverteshop.fr\/nl\/wp-json\/wp\/v2\/product"}],"about":[{"href":"https:\/\/laverteshop.fr\/nl\/wp-json\/wp\/v2\/types\/product"}],"replies":[{"embeddable":true,"href":"https:\/\/laverteshop.fr\/nl\/wp-json\/wp\/v2\/comments?post=18680"}],"wp:featuredmedia":[{"embeddable":true,"href":"https:\/\/laverteshop.fr\/nl\/wp-json\/wp\/v2\/media\/18699"}],"wp:attachment":[{"href":"https:\/\/laverteshop.fr\/nl\/wp-json\/wp\/v2\/media?parent=18680"}],"wp:term":[{"taxonomy":"product_brand","embeddable":true,"href":"https:\/\/laverteshop.fr\/nl\/wp-json\/wp\/v2\/product_brand?post=18680"},{"taxonomy":"product_cat","embeddable":true,"href":"https:\/\/laverteshop.fr\/nl\/wp-json\/wp\/v2\/product_cat?post=18680"},{"taxonomy":"product_tag","embeddable":true,"href":"https:\/\/laverteshop.fr\/nl\/wp-json\/wp\/v2\/product_tag?post=18680"}],"curies":[{"name":"wp","href":"https:\/\/api.w.org\/{rel}","templated":true}]}}