{"id":18433,"date":"2024-07-23T16:35:22","date_gmt":"2024-07-23T14:35:22","guid":{"rendered":"https:\/\/laverteshop.fr\/?post_type=product&#038;p=18433"},"modified":"2025-07-15T15:51:53","modified_gmt":"2025-07-15T13:51:53","slug":"diesel-kas-t-p-10","status":"publish","type":"product","link":"https:\/\/laverteshop.fr\/nl\/product\/diesel-kas-t-p-10\/","title":{"rendered":"Citroen Stinkdier Binnen"},"content":{"rendered":"<p>Meer neo moleculen? Geen probleem! We doen er alles aan om je het allerbeste in Zwitserse CBD te bieden.<\/p>\n<p>Comme l&rsquo;\u00eendique son nom, la Lemon Skunk Indoor provient d&rsquo;une culture en int\u00e9rieur, qui garantit les meilleurs niveaux de temp\u00e9rature, luminosit\u00e9 et humidit\u00e9. Elle provient d&rsquo;un m\u00e9lange de 2 g\u00e9n\u00e9tiques \u00e0 fort caract\u00e8re terp\u00e9nique, la Lemon Haze et la Super Skunk. Cela vous offre donc une fleur tr\u00e8s citronn\u00e9e, mais \u00e9galement avec un arri\u00e8re go\u00fbt bois\u00e9 qui la rend particuli\u00e8re et attirante.<\/p>\n<p>Compacte bloemen, vol met witte bestoven stampers, en een geur die alle liefhebbers van fruitige Citroenachtige bloemen zal aanspreken. Niet te missen!<\/p>\n<p>Onze producten zijn van gecertificeerde Zwitserse CBD-kwaliteit. Het belangrijkste voor ons is dat we je bloemen en harsen van uitstekende waarde kunnen leveren, tegen betaalbare en acceptabele prijzen en in overeenstemming met de niveaus die zijn toegestaan door het HvJEU (&lt;0,3% THC).<\/p>\n<p>Wat kun je met deze producten doen? Ontspannende infusies om beter te slapen, potpourri om je huis te doordrenken met een natuurlijke geur of je kunt ze desgewenst in je eten gebruiken (salades, sauzen, smaakmakers).<\/p>\n<p>We raden je aan om je arts te raadplegen, die je kan adviseren over het beste gebruik van CBD.<\/p>","protected":false},"excerpt":{"rendered":"<p>Pour pallier \u00e0 l&rsquo;interdiction des n\u00e9o mol\u00e9cules, nous avons d\u00e9cid\u00e9 de vous proposer le meilleur du CBD Suisse. Cette Lemon Skunk Indoor, comme l&rsquo;indique son nom, est un m\u00e9lange des g\u00e9n\u00e9tiques Lemon Haze et Super Skunk. Une culture en int\u00e9rieur, par des professionnels de la culture, qui assure une top qualit\u00e9.<\/p>\n<p>Deze bloem zal je verrukken met haar sterke citroenachtige noten en grote toppen. Als je van citroenbloemen houdt, dan zul je verliefd worden op deze nieuwe Lemon Skunk Indoor. Met een CBD-gehalte van 18% zul je er dol op zijn.<\/p>\n<p>En als je hebt genoten van onze laatste releases, zul je zien dat de kwaliteit nog steeds hoog is.<\/p>\n<table style=\"border-collapse: collapse; width: 192px; height: 205px;\" border=\"1\">\n<tbody>\n<tr>\n<td style=\"width: 50%; text-align: center;\"><strong>THC<\/strong><\/td>\n<td style=\"width: 50%; text-align: center;\"><strong>0.28 %<\/strong><\/td>\n<\/tr>\n<tr>\n<td style=\"width: 50%; text-align: center;\"><b>CBD<\/b><\/td>\n<td style=\"width: 50%; text-align: center;\"><strong>18 %<\/strong><\/td>\n<\/tr>\n<tr>\n<td style=\"width: 50%; text-align: center;\"><b>CBG<\/b><\/td>\n<td style=\"width: 50%; text-align: center;\"><strong>n.n<\/strong><\/td>\n<\/tr>\n<tr>\n<td style=\"width: 50%; text-align: center;\"><b>Cultuur<\/b><\/td>\n<td style=\"width: 50%; text-align: center;\"><strong>Kas<\/strong><\/td>\n<\/tr>\n<\/tbody>\n<\/table>","protected":false},"featured_media":18437,"comment_status":"open","ping_status":"closed","template":"","meta":{"inline_featured_image":false},"product_brand":[75],"product_cat":[58,253],"product_tag":[220,299],"class_list":{"0":"post-18433","1":"product","2":"type-product","3":"status-publish","4":"has-post-thumbnail","6":"product_brand-la-verte","7":"product_cat-fleurs","8":"product_cat-indoor","9":"product_tag-fleurs-cbd","10":"product_tag-fleurs-indoor","12":"first","13":"outofstock","14":"taxable","15":"shipping-taxable","16":"purchasable","17":"product-type-variable"},"jetpack_sharing_enabled":true,"_links":{"self":[{"href":"https:\/\/laverteshop.fr\/nl\/wp-json\/wp\/v2\/product\/18433","targetHints":{"allow":["GET"]}}],"collection":[{"href":"https:\/\/laverteshop.fr\/nl\/wp-json\/wp\/v2\/product"}],"about":[{"href":"https:\/\/laverteshop.fr\/nl\/wp-json\/wp\/v2\/types\/product"}],"replies":[{"embeddable":true,"href":"https:\/\/laverteshop.fr\/nl\/wp-json\/wp\/v2\/comments?post=18433"}],"wp:featuredmedia":[{"embeddable":true,"href":"https:\/\/laverteshop.fr\/nl\/wp-json\/wp\/v2\/media\/18437"}],"wp:attachment":[{"href":"https:\/\/laverteshop.fr\/nl\/wp-json\/wp\/v2\/media?parent=18433"}],"wp:term":[{"taxonomy":"product_brand","embeddable":true,"href":"https:\/\/laverteshop.fr\/nl\/wp-json\/wp\/v2\/product_brand?post=18433"},{"taxonomy":"product_cat","embeddable":true,"href":"https:\/\/laverteshop.fr\/nl\/wp-json\/wp\/v2\/product_cat?post=18433"},{"taxonomy":"product_tag","embeddable":true,"href":"https:\/\/laverteshop.fr\/nl\/wp-json\/wp\/v2\/product_tag?post=18433"}],"curies":[{"name":"wp","href":"https:\/\/api.w.org\/{rel}","templated":true}]}}