{"id":18067,"date":"2024-05-23T16:30:05","date_gmt":"2024-05-23T14:30:05","guid":{"rendered":"https:\/\/laverteshop.fr\/?post_type=product&#038;p=18067"},"modified":"2025-07-11T10:22:20","modified_gmt":"2025-07-11T08:22:20","slug":"bulldog-zilverblaadjes-king-size-slim-2","status":"publish","type":"product","link":"https:\/\/laverteshop.fr\/nl\/product\/bulldog-zilverblaadjes-king-size-slim-2\/","title":{"rendered":"The Bulldog Bruine King Size slanke ongebleekte lakens"},"content":{"rendered":"<p>Deze vloei van het cultmerk \"The Bulldog\" is gemaakt van natuurlijke hennep en is ongebleekt.<\/p>\n<p>Ze branden bijzonder langzaam.<\/p>\n<p>De Bulldog bladeren hebben hun reputatie gevestigd in hun beroemde koffiehuis in Amsterdam.<\/p>","protected":false},"excerpt":{"rendered":"<div>Venez d\u00e9couvrir nos nouvelles feuilles \u00ab\u00a0The Bulldog\u00a0\u00bb. Du papier enti\u00e8rement naturel pour une d\u00e9gustation de qualit\u00e9<\/div>\n<div><\/div>\n<div>Afmetingen: 107\u00d744 mm<\/div>\n<div>Gewicht: 14 g\/m2<\/div>\n<div><\/div>\n<div>Elk boekje bevat 33 vellen<\/div>\n<ul>\n<li>slank formaat<\/li>\n<li>chloorvrij<\/li>\n<li>ongebleekt en ongebleekt<\/li>\n<\/ul>","protected":false},"featured_media":18069,"comment_status":"open","ping_status":"closed","template":"","meta":{"inline_featured_image":false},"product_brand":[203],"product_cat":[196],"product_tag":[217],"class_list":{"0":"post-18067","1":"product","2":"type-product","3":"status-publish","4":"has-post-thumbnail","6":"product_brand-bulldog","7":"product_cat-feuilles-a-rouler","8":"product_tag-feuilles","10":"first","11":"instock","12":"taxable","13":"shipping-taxable","14":"purchasable","15":"product-type-simple"},"jetpack_sharing_enabled":true,"_links":{"self":[{"href":"https:\/\/laverteshop.fr\/nl\/wp-json\/wp\/v2\/product\/18067","targetHints":{"allow":["GET"]}}],"collection":[{"href":"https:\/\/laverteshop.fr\/nl\/wp-json\/wp\/v2\/product"}],"about":[{"href":"https:\/\/laverteshop.fr\/nl\/wp-json\/wp\/v2\/types\/product"}],"replies":[{"embeddable":true,"href":"https:\/\/laverteshop.fr\/nl\/wp-json\/wp\/v2\/comments?post=18067"}],"wp:featuredmedia":[{"embeddable":true,"href":"https:\/\/laverteshop.fr\/nl\/wp-json\/wp\/v2\/media\/18069"}],"wp:attachment":[{"href":"https:\/\/laverteshop.fr\/nl\/wp-json\/wp\/v2\/media?parent=18067"}],"wp:term":[{"taxonomy":"product_brand","embeddable":true,"href":"https:\/\/laverteshop.fr\/nl\/wp-json\/wp\/v2\/product_brand?post=18067"},{"taxonomy":"product_cat","embeddable":true,"href":"https:\/\/laverteshop.fr\/nl\/wp-json\/wp\/v2\/product_cat?post=18067"},{"taxonomy":"product_tag","embeddable":true,"href":"https:\/\/laverteshop.fr\/nl\/wp-json\/wp\/v2\/product_tag?post=18067"}],"curies":[{"name":"wp","href":"https:\/\/api.w.org\/{rel}","templated":true}]}}