{"id":17797,"date":"2024-04-09T16:14:03","date_gmt":"2024-04-09T14:14:03","guid":{"rendered":"https:\/\/laverteshop.fr\/?post_type=product&#038;p=17797"},"modified":"2026-03-19T18:48:05","modified_gmt":"2026-03-19T17:48:05","slug":"hasj-marokka-t-p-3","status":"publish","type":"product","link":"https:\/\/laverteshop.fr\/nl\/product\/hasj-marokka-t-p-3\/","title":{"rendered":"Ice O Lator CBD"},"content":{"rendered":"<p><span style=\"font-size: 14.4px;\">Le Ice O Lator CBD est notre toute nouvelle trouvaille en terme de r\u00e9sine CBD. Un magnifique hash mou, l\u00e9g\u00e8rement collant, et qui sent for le tamien d&rsquo;antan.<\/span><\/p>\n<p>Het is gemaakt door dezelfde producent als Bubble Haze Hash, maar deze keer in CBD, en met een peppier, houteriger smaak vergeleken met Bubble Haze Hash. Als je het gebruikt, zul je merken dat het extreem kneedbaar is, en erg prettig om mee te werken. Een relatief hoog CBD-gehalte zorgt ervoor dat je naar hartenlust kunt ontspannen en relaxen.<\/p>\n<p>Onze producten zijn van gecertificeerde Zwitserse CBD-kwaliteit. Het belangrijkste voor ons is dat we je bloemen en harsen van uitstekende waarde kunnen leveren, tegen betaalbare en acceptabele prijzen en in overeenstemming met de niveaus die zijn toegestaan door het HvJEU (&lt;0,3% THC).<\/p>\n<p>Wat kun je met deze producten doen? Ontspannende infusies om beter te slapen, potpourri om je huis te doordrenken met een natuurlijke geur of je kunt ze desgewenst in je eten gebruiken (salades, sauzen, smaakmakers).<\/p>\n<p><strong>BELANGRIJKE OPMERKING:<\/strong> Nos r\u00e9sines et hash sont pr\u00e9par\u00e9s dans des laboratoires certifi\u00e9s, avec des proc\u00e9d\u00e9s et techniques qui appartiennent seulement aux producteurs avec qui nous travaillons. La texture et l&rsquo;odeur des produits peuvent donc changer d&rsquo;une r\u00e9colte \u00e0 une autre, d\u00e9pendant aussi de la fleur utilis\u00e9e. Si vous avez un probl\u00e8me avec un produit, contactez nous \u00e0 <a href=\"mailto:contact@laverteshop.fr\">contact@laverteshop.fr<\/a> en we zullen een oplossing naar uw tevredenheid vinden. Bedankt voor uw begrip.<\/p>\n<p>We raden je aan om je arts te raadplegen, die je kan adviseren over het beste gebruik van CBD.<\/p>","protected":false},"excerpt":{"rendered":"<p><span style=\"font-size: 14.4px;\">C&rsquo;est notre nouveaut\u00e9 ! Le Ice O Lator est un super hash moelleux et tr\u00e8s bois\u00e9, avec une couleur plut\u00f4t claire. Une r\u00e9sine qui vous fascinera par sa facilit\u00e9 d&rsquo;utilisation, ainsi que son go\u00fbt en bouche, tr\u00e8s pr\u00e9sent et apaisant.<\/span><\/p>\n<p><span style=\"font-size: 14.4px;\">Bij verbranding verspreidt het een geur die doet denken aan de hasj uit je jeugd. Het is krachtig dankzij de terpenen.\u00a0<\/span><\/p>\n<p>Clairement un hash qui plaira a tous nos clients qui recherchent une r\u00e9sine avec de l&rsquo;effet, et avec des go\u00fbts de l&rsquo;\u00e9poque.<\/p>\n<ul>\n<li>Herkomst van de bloemen: Zwitserland, biologische teelt<\/li>\n<li>Effecten: ontspannend, kalmerend<\/li>\n<\/ul>\n<table style=\"border-collapse: collapse; width: 192px; height: 205px;\" border=\"1\">\n<tbody>\n<tr>\n<td style=\"width: 50%; text-align: center;\"><strong>THC<\/strong><\/td>\n<td style=\"width: 50%; text-align: center;\"><strong>0.25 %<\/strong><\/td>\n<\/tr>\n<tr>\n<td style=\"width: 50%; text-align: center;\"><strong>CBD<\/strong><\/td>\n<td style=\"width: 50%; text-align: center;\"><strong>\u00a027%<\/strong><\/td>\n<\/tr>\n<tr>\n<td style=\"width: 50%; text-align: center;\"><b>CBG<\/b><\/td>\n<td style=\"width: 50%; text-align: center;\"><strong>3%<\/strong><\/td>\n<\/tr>\n<tr>\n<td style=\"width: 50%; text-align: center;\"><b>Cultuur<\/b><\/td>\n<td style=\"width: 50%; text-align: center;\"><strong>Binnen<\/strong><\/td>\n<\/tr>\n<\/tbody>\n<\/table>\n<p>&nbsp;<\/p>","protected":false},"featured_media":17801,"comment_status":"open","ping_status":"closed","template":"","meta":{"inline_featured_image":false},"product_brand":[75],"product_cat":[59],"product_tag":[244,230],"class_list":{"0":"post-17797","1":"product","2":"type-product","3":"status-publish","4":"has-post-thumbnail","6":"product_brand-la-verte","7":"product_cat-pollens","8":"product_tag-hash","9":"product_tag-resines","11":"first","12":"instock","13":"taxable","14":"shipping-taxable","15":"purchasable","16":"product-type-variable"},"jetpack_sharing_enabled":true,"_links":{"self":[{"href":"https:\/\/laverteshop.fr\/nl\/wp-json\/wp\/v2\/product\/17797","targetHints":{"allow":["GET"]}}],"collection":[{"href":"https:\/\/laverteshop.fr\/nl\/wp-json\/wp\/v2\/product"}],"about":[{"href":"https:\/\/laverteshop.fr\/nl\/wp-json\/wp\/v2\/types\/product"}],"replies":[{"embeddable":true,"href":"https:\/\/laverteshop.fr\/nl\/wp-json\/wp\/v2\/comments?post=17797"}],"wp:featuredmedia":[{"embeddable":true,"href":"https:\/\/laverteshop.fr\/nl\/wp-json\/wp\/v2\/media\/17801"}],"wp:attachment":[{"href":"https:\/\/laverteshop.fr\/nl\/wp-json\/wp\/v2\/media?parent=17797"}],"wp:term":[{"taxonomy":"product_brand","embeddable":true,"href":"https:\/\/laverteshop.fr\/nl\/wp-json\/wp\/v2\/product_brand?post=17797"},{"taxonomy":"product_cat","embeddable":true,"href":"https:\/\/laverteshop.fr\/nl\/wp-json\/wp\/v2\/product_cat?post=17797"},{"taxonomy":"product_tag","embeddable":true,"href":"https:\/\/laverteshop.fr\/nl\/wp-json\/wp\/v2\/product_tag?post=17797"}],"curies":[{"name":"wp","href":"https:\/\/api.w.org\/{rel}","templated":true}]}}