{"id":16013,"date":"2023-08-03T10:00:34","date_gmt":"2023-08-03T08:00:34","guid":{"rendered":"https:\/\/laverteshop.fr\/?post_type=product&#038;p=16013"},"modified":"2025-07-15T16:36:31","modified_gmt":"2025-07-15T14:36:31","slug":"aardbei-kas","status":"publish","type":"product","link":"https:\/\/laverteshop.fr\/nl\/product\/aardbei-kas\/","title":{"rendered":"Aardbeienkas"},"content":{"rendered":"<p>Voici notre nouvelle fleur de CBD Strawberry Greenhouse. Comme l&rsquo;indique son nom, elle provient d&rsquo;une g\u00e9n\u00e9tique Strawberry pure, et est cultiv\u00e9 sous serres dans le canton de Valais en Suisse.<\/p>\n<p>Une magnifique fleur, avec des buds de calibre plut\u00f4t gros. Elle est manucur\u00e9e \u00e0 la perfection pour une fleur sous serre, et pr\u00e9sente de jolis trichomes orang\u00e9s. A l&rsquo;ouverture du sachet, des notes sucr\u00e9es de fraise apparaissent tr\u00e8s clairement. C&rsquo;est une vari\u00e9t\u00e9 \u00e0 ne pas louper si vous aimez les fleurs au go\u00fbt fruit\u00e9.<\/p>\n<p>Het belangrijkste voor ons is dat we je bloemen en harsen van uitstekende waarde kunnen leveren, tegen betaalbare en acceptabele prijzen en in overeenstemming met de niveaus die zijn toegestaan door het HvJEU (&lt;0,3% THC).<\/p>\n<p>Wat kun je met deze producten doen? Ontspannende infusies om beter te slapen, potpourri om je huis te doordrenken met een natuurlijke geur of je kunt ze desgewenst in je eten gebruiken (salades, sauzen, smaakmakers).<\/p>\n<p>We raden je aan om je arts te raadplegen, die je kan adviseren over het beste gebruik van CBD.<\/p>\n<p>&nbsp;<\/p>\n<p>&nbsp;<\/p>\n<p>&nbsp;<\/p>\n<h6><\/h6>","protected":false},"excerpt":{"rendered":"<p>CBD Strawberry bloem is een bekende en geliefde genetica. Dit gewas is puur aardbei, niet gecombineerd met andere genetica.<\/p>\n<p>Tamelijk donkergroene bloemen met oranje trichomen, typisch voor deze vari\u00ebteit. De toppen zijn groot en zeer aromatisch (aardbei, rood fruit, zoet). Als je van bloemen met een zoete smaak houdt, is dit het product voor jou!<\/p>\n<p>Deze nieuwste vondst zal al onze liefhebbers van kwaliteitsbloemen verrukken.<\/p>\n<ul>\n<li>Teelt: Onder glas<\/li>\n<li>Herkomst: Wallis<\/li>\n<\/ul>\n<table style=\"border-collapse: collapse; width: 192px; height: 205px;\" border=\"1\">\n<tbody>\n<tr>\n<td style=\"width: 50%; text-align: center;\"><strong>THC<\/strong><\/td>\n<td style=\"width: 50%; text-align: center;\"><strong>0.26%<\/strong><\/td>\n<\/tr>\n<tr>\n<td style=\"width: 50%; text-align: center;\"><strong>CBD<\/strong><\/td>\n<td style=\"width: 50%; text-align: center;\"><strong>17 %<\/strong><\/td>\n<\/tr>\n<tr>\n<td style=\"width: 50%; text-align: center;\"><strong>CBG<\/strong><\/td>\n<td style=\"width: 50%; text-align: center;\"><strong>n.n<\/strong><\/td>\n<\/tr>\n<tr>\n<td style=\"width: 50%; text-align: center;\"><b>Cultuur<\/b><\/td>\n<td style=\"width: 50%; text-align: center;\"><strong>Kas<\/strong><\/td>\n<\/tr>\n<\/tbody>\n<\/table>","protected":false},"featured_media":16018,"comment_status":"open","ping_status":"closed","template":"","meta":{"inline_featured_image":false},"product_brand":[75],"product_cat":[58,255],"product_tag":[220,227],"class_list":{"0":"post-16013","1":"product","2":"type-product","3":"status-publish","4":"has-post-thumbnail","6":"product_brand-la-verte","7":"product_cat-fleurs","8":"product_cat-greenhouse","9":"product_tag-fleurs-cbd","10":"product_tag-greenhouse","12":"first","13":"instock","14":"taxable","15":"shipping-taxable","16":"purchasable","17":"product-type-variable"},"jetpack_sharing_enabled":true,"_links":{"self":[{"href":"https:\/\/laverteshop.fr\/nl\/wp-json\/wp\/v2\/product\/16013","targetHints":{"allow":["GET"]}}],"collection":[{"href":"https:\/\/laverteshop.fr\/nl\/wp-json\/wp\/v2\/product"}],"about":[{"href":"https:\/\/laverteshop.fr\/nl\/wp-json\/wp\/v2\/types\/product"}],"replies":[{"embeddable":true,"href":"https:\/\/laverteshop.fr\/nl\/wp-json\/wp\/v2\/comments?post=16013"}],"wp:featuredmedia":[{"embeddable":true,"href":"https:\/\/laverteshop.fr\/nl\/wp-json\/wp\/v2\/media\/16018"}],"wp:attachment":[{"href":"https:\/\/laverteshop.fr\/nl\/wp-json\/wp\/v2\/media?parent=16013"}],"wp:term":[{"taxonomy":"product_brand","embeddable":true,"href":"https:\/\/laverteshop.fr\/nl\/wp-json\/wp\/v2\/product_brand?post=16013"},{"taxonomy":"product_cat","embeddable":true,"href":"https:\/\/laverteshop.fr\/nl\/wp-json\/wp\/v2\/product_cat?post=16013"},{"taxonomy":"product_tag","embeddable":true,"href":"https:\/\/laverteshop.fr\/nl\/wp-json\/wp\/v2\/product_tag?post=16013"}],"curies":[{"name":"wp","href":"https:\/\/api.w.org\/{rel}","templated":true}]}}