{"id":15797,"date":"2023-07-04T17:16:49","date_gmt":"2023-07-04T15:16:49","guid":{"rendered":"https:\/\/laverteshop.fr\/?post_type=product&#038;p=15797"},"modified":"2026-04-12T21:02:52","modified_gmt":"2026-04-12T19:02:52","slug":"charas-rouge","status":"publish","type":"product","link":"https:\/\/laverteshop.fr\/nl\/product\/charas-rouge\/","title":{"rendered":"Charas Bio Rood Exclusief"},"content":{"rendered":"<p><span style=\"font-size: 14.4px;\">Charas Rouge BIO is onze nieuwste toevoeging aan onze hasjcatalogus. Een uitstekende compacte hars, nogal vochtig, maar zeer gemakkelijk te consumeren.<\/span><\/p>\n<p><span style=\"font-size: 14.4px;\">C&rsquo;est un hash tr\u00e8s aromatique, et extr\u00eamement mall\u00e9able. Il vous sera facile de le consommer, avec ou sans combustion lors de la pr\u00e9paration.<\/span><\/p>\n<p>Ce Charas Rouge a un taux de CBD de 25%. Ce qui n&rsquo;est pas n\u00e9gligeable et qui vous procurera une relaxation qui ne passera pas inaper\u00e7ue.<\/p>\n<p>Onze producten zijn van gecertificeerde Zwitserse CBD-kwaliteit. Het belangrijkste voor ons is dat we je bloemen en harsen van uitstekende waarde kunnen leveren, tegen betaalbare en acceptabele prijzen en in overeenstemming met de niveaus die zijn toegestaan door het HvJEU (&lt;0,3% THC).<\/p>\n<p>Wat kun je met deze producten doen? Ontspannende infusies om beter te slapen, potpourri om je huis te doordrenken met een natuurlijke geur of je kunt ze desgewenst in je eten gebruiken (salades, sauzen, smaakmakers).<\/p>\n<p><strong>BELANGRIJKE OPMERKING:<\/strong> Nos r\u00e9sines et hash sont pr\u00e9par\u00e9s dans des laboratoires certifi\u00e9s, avec des proc\u00e9d\u00e9s et techniques qui appartiennent seulement aux producteurs avec qui nous travaillons. La texture et l&rsquo;odeur des produits peuvent donc changer d&rsquo;une r\u00e9colte \u00e0 une autre, d\u00e9pendant aussi de la fleur utilis\u00e9e. Si vous avez un probl\u00e8me avec un produit, contactez nous \u00e0 <a href=\"mailto:contact@laverteshop.fr\">contact@laverteshop.fr<\/a> en we zullen een oplossing naar uw tevredenheid vinden. Bedankt voor uw begrip.<\/p>\n<p>We raden je aan om je arts te raadplegen, die je kan adviseren over het beste gebruik van CBD.<\/p>","protected":false},"excerpt":{"rendered":"<p>Ontdek onze gloednieuwe Charas Rouge BIO, een opmerkelijke toevoeging aan ons hasjassortiment. Deze uitzonderlijke hars, zowel zacht als intens aromatisch, verlegt de grenzen van perfectie. Deze hasj is gemaakt van biologische Zwitserse bloemen van de hoogste kwaliteit (aardbei, bosbes en CBG) en wordt zorgvuldig binnenshuis gekweekt in het kanton Bern.<\/p>\n<p>Dompel jezelf onder in een ervaring van absolute ontspanning met deze hars van onge\u00ebvenaarde ontspannende kracht. Zijn uitgesproken smaak maakt het een niet te missen keuze voor liefhebbers van goede hasj. Laat deze kans niet aan je voorbijgaan - je gehemelte zal je dankbaar zijn.<\/p>\n<ul>\n<li>Herkomst : Zwitserland<\/li>\n<li>Effecten: ontspannend<\/li>\n<\/ul>\n<table style=\"border-collapse: collapse; width: 192px; height: 205px;\" border=\"1\">\n<tbody>\n<tr>\n<td style=\"width: 50%; text-align: center;\"><strong>THC<\/strong><\/td>\n<td style=\"width: 50%; text-align: center;\"><strong>0,3% &lt;<\/strong><\/td>\n<\/tr>\n<tr>\n<td style=\"width: 50%; text-align: center;\"><strong>CBD<\/strong><\/td>\n<td style=\"width: 50%; text-align: center;\"><strong>25 %<\/strong><\/td>\n<\/tr>\n<tr>\n<td style=\"width: 50%; text-align: center;\"><b>CBG<\/b><\/td>\n<td style=\"width: 50%; text-align: center;\"><strong>8%<\/strong><\/td>\n<\/tr>\n<tr>\n<td style=\"width: 50%; text-align: center;\"><b>Cultuur<\/b><\/td>\n<td style=\"width: 50%; text-align: center;\"><strong>Binnen<\/strong><\/td>\n<\/tr>\n<\/tbody>\n<\/table>\n<p>&nbsp;<\/p>","protected":false},"featured_media":17381,"comment_status":"open","ping_status":"closed","template":"","meta":{"inline_featured_image":false},"product_brand":[75],"product_cat":[59],"product_tag":[244,230],"class_list":{"0":"post-15797","1":"product","2":"type-product","3":"status-publish","4":"has-post-thumbnail","6":"product_brand-la-verte","7":"product_cat-pollens","8":"product_tag-hash","9":"product_tag-resines","11":"first","12":"instock","13":"taxable","14":"shipping-taxable","15":"purchasable","16":"product-type-variable"},"jetpack_sharing_enabled":true,"_links":{"self":[{"href":"https:\/\/laverteshop.fr\/nl\/wp-json\/wp\/v2\/product\/15797","targetHints":{"allow":["GET"]}}],"collection":[{"href":"https:\/\/laverteshop.fr\/nl\/wp-json\/wp\/v2\/product"}],"about":[{"href":"https:\/\/laverteshop.fr\/nl\/wp-json\/wp\/v2\/types\/product"}],"replies":[{"embeddable":true,"href":"https:\/\/laverteshop.fr\/nl\/wp-json\/wp\/v2\/comments?post=15797"}],"wp:featuredmedia":[{"embeddable":true,"href":"https:\/\/laverteshop.fr\/nl\/wp-json\/wp\/v2\/media\/17381"}],"wp:attachment":[{"href":"https:\/\/laverteshop.fr\/nl\/wp-json\/wp\/v2\/media?parent=15797"}],"wp:term":[{"taxonomy":"product_brand","embeddable":true,"href":"https:\/\/laverteshop.fr\/nl\/wp-json\/wp\/v2\/product_brand?post=15797"},{"taxonomy":"product_cat","embeddable":true,"href":"https:\/\/laverteshop.fr\/nl\/wp-json\/wp\/v2\/product_cat?post=15797"},{"taxonomy":"product_tag","embeddable":true,"href":"https:\/\/laverteshop.fr\/nl\/wp-json\/wp\/v2\/product_tag?post=15797"}],"curies":[{"name":"wp","href":"https:\/\/api.w.org\/{rel}","templated":true}]}}