{"id":14253,"date":"2023-01-10T16:32:24","date_gmt":"2023-01-10T15:32:24","guid":{"rendered":"https:\/\/laverteshop.fr\/?post_type=product&#038;p=14253"},"modified":"2025-07-15T14:56:25","modified_gmt":"2025-07-15T12:56:25","slug":"onbewerkt-meesterwerk-filter-rol","status":"publish","type":"product","link":"https:\/\/laverteshop.fr\/nl\/product\/onbewerkt-meesterwerk-filter-rol\/","title":{"rendered":"RAW-masterrol + filters"},"content":{"rendered":"<p>RAW Masterpiece rolletje + filters biedt 30 voorgerolde filters en een 3 meter lange rol ongeraffineerd RAW-sigarettenpapier van hoge kwaliteit, klaar voor gebruik.<\/p>\n<p>De praktische kartonnen doos (afmetingen: ca. 65 x 52 x 26 mm) is navulbaar, sluit met een praktische magneetsluiting en heeft een ge\u00efntegreerde afscheurrand.<br \/>\nLangzame, gelijkmatige verbranding dankzij gepatenteerd RAW kruisvuur.<\/p>\n<p>De RAW Masterpiece roller + filters doos zal je overal volgen!<\/p>\n<p>Eigenschappen:<\/p>\n<p>- Breedte 54 mm (kingsize)Rand<br \/>\n- 3 meter lang<br \/>\n- Filters: ca. 19 \u00d7 7 mm<br \/>\n- Chloorvrij, houtvrij, biogenetisch, VEGAN<br \/>\n&#8211; Fabriqu\u00e9 avec de l&rsquo;\u00e9nergie \u00e9olienne \u00e9cologique<br \/>\n- 1x rol van 3 meter + 30 spijkers per verpakking<\/p>","protected":false},"excerpt":{"rendered":"<p>Deze RAW Masterpiece doos is uniek! 30 voorgerolde filters en een rol King Size folie van 3 meter.<\/p>\n<p>La boite se ferme avec un magnet, pour garder votre rouleau et vos filtres bien \u00e0 l&rsquo;abris.<\/p>\n<ul>\n<li>rolbreedte: 54 mm (kingsize)<\/li>\n<li>30 filters inbegrepen, met centrale inkeping voor effectieve rookfiltratie<\/li>\n<li>3 meter vloeipapier<\/li>\n<li>Herbruikbare en navulbare doos.<\/li>\n<li>Scheurrand om je vel op de gewenste lengte te snijden<\/li>\n<\/ul>\n<p>Cette bo\u00eete RAW Masterpiece rouleau + filtres est donc l&rsquo;accessoire ultime.<\/p>","protected":false},"featured_media":14254,"comment_status":"open","ping_status":"closed","template":"","meta":{"inline_featured_image":false},"product_brand":[198],"product_cat":[61,196],"product_tag":[217,218],"class_list":{"0":"post-14253","1":"product","2":"type-product","3":"status-publish","4":"has-post-thumbnail","6":"product_brand-raw","7":"product_cat-accessoires","8":"product_cat-feuilles-a-rouler","9":"product_tag-feuilles","10":"product_tag-filtres","12":"first","13":"instock","14":"taxable","15":"shipping-taxable","16":"purchasable","17":"product-type-simple"},"jetpack_sharing_enabled":true,"_links":{"self":[{"href":"https:\/\/laverteshop.fr\/nl\/wp-json\/wp\/v2\/product\/14253","targetHints":{"allow":["GET"]}}],"collection":[{"href":"https:\/\/laverteshop.fr\/nl\/wp-json\/wp\/v2\/product"}],"about":[{"href":"https:\/\/laverteshop.fr\/nl\/wp-json\/wp\/v2\/types\/product"}],"replies":[{"embeddable":true,"href":"https:\/\/laverteshop.fr\/nl\/wp-json\/wp\/v2\/comments?post=14253"}],"wp:featuredmedia":[{"embeddable":true,"href":"https:\/\/laverteshop.fr\/nl\/wp-json\/wp\/v2\/media\/14254"}],"wp:attachment":[{"href":"https:\/\/laverteshop.fr\/nl\/wp-json\/wp\/v2\/media?parent=14253"}],"wp:term":[{"taxonomy":"product_brand","embeddable":true,"href":"https:\/\/laverteshop.fr\/nl\/wp-json\/wp\/v2\/product_brand?post=14253"},{"taxonomy":"product_cat","embeddable":true,"href":"https:\/\/laverteshop.fr\/nl\/wp-json\/wp\/v2\/product_cat?post=14253"},{"taxonomy":"product_tag","embeddable":true,"href":"https:\/\/laverteshop.fr\/nl\/wp-json\/wp\/v2\/product_tag?post=14253"}],"curies":[{"name":"wp","href":"https:\/\/api.w.org\/{rel}","templated":true}]}}