{"id":12201,"date":"2022-06-14T12:08:00","date_gmt":"2022-06-14T10:08:00","guid":{"rendered":"https:\/\/laverteshop.fr\/?post_type=product&#038;p=12201"},"modified":"2026-04-17T13:19:34","modified_gmt":"2026-04-17T11:19:34","slug":"paars-haze-kas","status":"publish","type":"product","link":"https:\/\/laverteshop.fr\/nl\/product\/paars-haze-kas\/","title":{"rendered":"Purple Haze kas"},"content":{"rendered":"<p>Onze Purple Haze Greenhouse is een Sativa-dominante vari\u00ebteit die in de Zwitserse Alpen wordt gekweekt.<\/p>\n<p>Comme son nom l&rsquo;indique, vous trouverez de belles fleurs, avec un m\u00e9lange de vert clair et de violet. Elle est de culture sous serre en Suisse, ce qui assure une excellente qualit\u00e9. Sa manucure est tr\u00e8s correcte. Le calibre des fleurs est plut\u00f4t gros.<\/p>\n<p>A l&rsquo;ouverture du sachet, vous reconnaitrez une douce odeur l\u00e9g\u00e8rement fruit\u00e9e et bois\u00e9e, avec des notes d&rsquo;agrume qui ressortent. Cette Purple Haze Greenhouse est un produit sp\u00e9cial, pour les amateurs de fleurs naturelles et gustatives.<\/p>\n<p>Onze producten zijn van gecertificeerde Zwitserse CBD-kwaliteit. Wat voor ons het belangrijkste is, is dat we je bloemen en harsen van uitstekende kwaliteit kunnen leveren, tegen betaalbare en acceptabele prijzen. En natuurlijk binnen de niveaus die zijn toegestaan door het HJEU (&lt;0,3% THC).<\/p>\n<p>Wat kun je met deze producten doen? Ontspannende infusies om beter te slapen, potpourri om je huis te doordrenken met een natuurlijke geur of je kunt ze desgewenst in je eten gebruiken (salades, sauzen, smaakmakers).<\/p>\n<p>We raden je aan om je arts te raadplegen, die je kan adviseren over het beste gebruik van CBD.<\/p>","protected":false},"excerpt":{"rendered":"<p>Onze Purple Haze Greenhouse is een Sativa-dominante vari\u00ebteit die in de Zwitserse Alpen wordt gekweekt.<\/p>\n<p>Comme son nom l&rsquo;indique, vous trouverez de belles fleurs, avec un m\u00e9lange de vert clair et de violet. Sa manucure est tr\u00e8s correcte. Le calibre des fleurs est plut\u00f4t gros.<\/p>\n<p>Deze Purple Haze Greenhouse is een succes en je zult er zeker van houden!<\/p>\n<ul>\n<li>Herkomst : Zwitserse Alpen<\/li>\n<li>Genetica: Paars<\/li>\n<\/ul>\n<table style=\"border-collapse: collapse; width: 368px; height: 198px;\" border=\"1\">\n<tbody>\n<tr>\n<td style=\"width: 50%; text-align: center;\"><strong>THC<\/strong><\/td>\n<td style=\"width: 50%; text-align: center;\"><strong>0.26 %<\/strong><\/td>\n<\/tr>\n<tr>\n<td style=\"width: 50%; text-align: center;\"><strong>CBD<\/strong><\/td>\n<td style=\"width: 50%; text-align: center;\"><strong>17 %<\/strong><\/td>\n<\/tr>\n<tr>\n<td style=\"width: 50%; text-align: center;\"><strong>CBG<\/strong><\/td>\n<td style=\"width: 50%; text-align: center;\"><strong>n.n<\/strong><\/td>\n<\/tr>\n<tr>\n<td style=\"width: 50%; text-align: center;\"><b>Cultuur<\/b><\/td>\n<td style=\"width: 50%; text-align: center;\"><strong>Kas<\/strong><\/td>\n<\/tr>\n<\/tbody>\n<\/table>","protected":false},"featured_media":17386,"comment_status":"open","ping_status":"closed","template":"","meta":{"inline_featured_image":false},"product_brand":[75],"product_cat":[58,255],"product_tag":[220,227,74],"class_list":{"0":"post-12201","1":"product","2":"type-product","3":"status-publish","4":"has-post-thumbnail","6":"product_brand-la-verte","7":"product_cat-fleurs","8":"product_cat-greenhouse","9":"product_tag-fleurs-cbd","10":"product_tag-greenhouse","11":"product_tag-sous-serre","13":"first","14":"instock","15":"sale","16":"taxable","17":"shipping-taxable","18":"purchasable","19":"product-type-variable"},"jetpack_sharing_enabled":true,"_links":{"self":[{"href":"https:\/\/laverteshop.fr\/nl\/wp-json\/wp\/v2\/product\/12201","targetHints":{"allow":["GET"]}}],"collection":[{"href":"https:\/\/laverteshop.fr\/nl\/wp-json\/wp\/v2\/product"}],"about":[{"href":"https:\/\/laverteshop.fr\/nl\/wp-json\/wp\/v2\/types\/product"}],"replies":[{"embeddable":true,"href":"https:\/\/laverteshop.fr\/nl\/wp-json\/wp\/v2\/comments?post=12201"}],"wp:featuredmedia":[{"embeddable":true,"href":"https:\/\/laverteshop.fr\/nl\/wp-json\/wp\/v2\/media\/17386"}],"wp:attachment":[{"href":"https:\/\/laverteshop.fr\/nl\/wp-json\/wp\/v2\/media?parent=12201"}],"wp:term":[{"taxonomy":"product_brand","embeddable":true,"href":"https:\/\/laverteshop.fr\/nl\/wp-json\/wp\/v2\/product_brand?post=12201"},{"taxonomy":"product_cat","embeddable":true,"href":"https:\/\/laverteshop.fr\/nl\/wp-json\/wp\/v2\/product_cat?post=12201"},{"taxonomy":"product_tag","embeddable":true,"href":"https:\/\/laverteshop.fr\/nl\/wp-json\/wp\/v2\/product_tag?post=12201"}],"curies":[{"name":"wp","href":"https:\/\/api.w.org\/{rel}","templated":true}]}}