{"id":11950,"date":"2022-05-27T11:11:51","date_gmt":"2022-05-27T09:11:51","guid":{"rendered":"https:\/\/laverteshop.fr\/product\/the-de-chanvre-aux-fruits-hanf-natur-bio-15g-x-12-sachets\/"},"modified":"2025-07-15T16:49:45","modified_gmt":"2025-07-15T14:49:45","slug":"de-de-chanvre-aux-fruits-hanf-natur-bio-15g-x-12-sachets","status":"publish","type":"product","link":"https:\/\/laverteshop.fr\/nl\/product\/de-de-chanvre-aux-fruits-hanf-natur-bio-15g-x-12-sachets\/","title":{"rendered":"Biologische hennepthee met vruchten - Hanf &amp; Natur - 1,5g x 12 theezakjes"},"content":{"rendered":"<p>Ingr\u00e9dients : Feuilles de chanvre (35%), th\u00e9 aux fruits (33%) : Cynorhodon, morceaux de pomme, hibiscus, \u00e9corce d&rsquo;orange, huile essentielle d&rsquo;orange), feuilles de framboisier (32%) &#8211; tous issus de culture biologique contr\u00f4l\u00e9e.<\/p>\n<p>Pr\u00e9paration : Versez de l&rsquo;eau bouillante sur les sachets de th\u00e9, laissez infuser pendant 8 minutes et d\u00e9gustez.<\/p>\n<p>Opmerking: thee is niet geschikt voor kinderen die minder dan 15 kg wegen.<\/p>","protected":false},"excerpt":{"rendered":"<p>Biologische Hennep thee met vruchten - 12 theezakjes \u00e0 1,5g<\/p>\n<p>De biologische kruidentheemelange is zowel thee- als zuurvrij, dus hij is licht verteerbaar.<\/p>\n<p>Les sacs pyramidaux sont fabriqu\u00e9s en amidon de ma\u00efs Soilon. Ils sont sans OGM et biod\u00e9gradables. Pour une consommation de th\u00e9 consciente, durable et respectueuse de l&rsquo;environnement !<\/p>\n<p>Dankzij hun aantrekkelijke verpakking in een exclusieve kartonnen doos, zijn thee\u00ebn van <a href=\"https:\/\/theswisshemp.com\/product\/the-de-chanvre-avec-feuilles-de-verveine-citronnee\/\">Bio Hanf &amp; Natur<\/a> zijn ook ideaal als cadeautje - het hart van theeliefhebbers gaat er sneller van kloppen.<\/p>\n<ul>\n<li>een doos bevat 12 sachets<\/li>\n<li>Zakjes van 1,5 g<\/li>\n<li>biologische hennepthee<\/li>\n<\/ul>","protected":false},"featured_media":11949,"comment_status":"open","ping_status":"closed","template":"","meta":{"inline_featured_image":false},"product_brand":[240],"product_cat":[241],"product_tag":[251],"class_list":{"0":"post-11950","1":"product","2":"type-product","3":"status-publish","4":"has-post-thumbnail","6":"product_brand-hanf-natur","7":"product_cat-the","8":"product_tag-thes-infusions","10":"first","11":"outofstock","12":"taxable","13":"shipping-taxable","14":"purchasable","15":"product-type-simple"},"jetpack_sharing_enabled":true,"_links":{"self":[{"href":"https:\/\/laverteshop.fr\/nl\/wp-json\/wp\/v2\/product\/11950","targetHints":{"allow":["GET"]}}],"collection":[{"href":"https:\/\/laverteshop.fr\/nl\/wp-json\/wp\/v2\/product"}],"about":[{"href":"https:\/\/laverteshop.fr\/nl\/wp-json\/wp\/v2\/types\/product"}],"replies":[{"embeddable":true,"href":"https:\/\/laverteshop.fr\/nl\/wp-json\/wp\/v2\/comments?post=11950"}],"wp:featuredmedia":[{"embeddable":true,"href":"https:\/\/laverteshop.fr\/nl\/wp-json\/wp\/v2\/media\/11949"}],"wp:attachment":[{"href":"https:\/\/laverteshop.fr\/nl\/wp-json\/wp\/v2\/media?parent=11950"}],"wp:term":[{"taxonomy":"product_brand","embeddable":true,"href":"https:\/\/laverteshop.fr\/nl\/wp-json\/wp\/v2\/product_brand?post=11950"},{"taxonomy":"product_cat","embeddable":true,"href":"https:\/\/laverteshop.fr\/nl\/wp-json\/wp\/v2\/product_cat?post=11950"},{"taxonomy":"product_tag","embeddable":true,"href":"https:\/\/laverteshop.fr\/nl\/wp-json\/wp\/v2\/product_tag?post=11950"}],"curies":[{"name":"wp","href":"https:\/\/api.w.org\/{rel}","templated":true}]}}