{"id":11862,"date":"2022-05-19T10:52:23","date_gmt":"2022-05-19T08:52:23","guid":{"rendered":"https:\/\/laverteshop.fr\/product\/crafty-plus-storz-bickel\/"},"modified":"2025-07-15T15:03:58","modified_gmt":"2025-07-15T13:03:58","slug":"ambachtelijke-plus-storz-bickel","status":"publish","type":"product","link":"https:\/\/laverteshop.fr\/nl\/product\/ambachtelijke-plus-storz-bickel\/","title":{"rendered":"Crafty Plus - Storz &amp; Bickel"},"content":{"rendered":"<p><strong>Omvang van de levering<\/strong><\/p>\n<p>1 x CRAFTY Plus spuitfles<br \/>\n1 x Voeding met USB-kabel<br \/>\n1 x Vloeibare pad,<br \/>\n3 x reservezeven,<br \/>\n1 x Reinigingsborstel,<br \/>\n1 x Kruidenmolen,<br \/>\n1 x vulaccessoire,<br \/>\n1 x Set reserveafdichtingen,<br \/>\n1 x Mode d&rsquo;Emploi<\/p>\n<p><strong>Opmerkingen<\/strong><\/p>\n<p>En cas de probl\u00e8me avec l&rsquo;appareil ou de recours \u00e0 la garantie, adresse-toi directement \u00e0 Storz &amp; Bickel : www.storz-bickel.com et suis leurs instructions.<\/p>\n<p>L&rsquo;application Storz &amp; Bickel n&rsquo;est actuellement pas disponible dans l&rsquo;App Store d&rsquo;Apple. Les param\u00e8tres du Crafty Plus peuvent toutefois \u00eatre adapt\u00e9s via l&rsquo;application web Storz &amp; Bickel.<\/p>\n<p>D&rsquo;un point de vue technique, le Crafty Plus peut \u00e9galement \u00eatre charg\u00e9 avec un c\u00e2ble de chargement USB-C vers USB-C.<\/p>\n<p>Les vitesses de charge les plus rapides sont obtenues avec un adaptateur secteur qui fournit les vitesses de charge support\u00e9es par le Crafty Plus (jusqu&rsquo;\u00e0 +5V 2.4A).<\/p>\n<p><strong>Attentie<\/strong><\/p>\n<p>De Crafty Plus kan worden opgeladen met wandadapters tot 1 amp\u00e8re!<\/p>\n<p>Let op de waarschuwingen op de verpakking!<\/p>\n<p>(De meeste voedingsadapters voor smartphones werken met meer dan 1 amp\u00e8re en zijn niet geschikt).<\/p>\n<div><\/div>","protected":false},"excerpt":{"rendered":"<p>Crafty Plus - Storz &amp; Bickel<\/p>\n<p>De nieuwste versie van de Crafty van Storz &amp; Bickel: de Crafty Plus met de volgende innovatieve functies:<\/p>\n<p>&#8211; 30% d&rsquo;autonomie en plus<\/p>\n<p>- 25 minuten snellere oplaadtijd<\/p>\n<p>- USB-C oplaadaansluiting<\/p>\n<p>- 1,4m\u00b3 vulkamer met keramische voering<\/p>\n<p>Le Crafty Plus est le plus petit vaporisateur de Storz &amp; Bickel, mais il utilise une combinaison de chauffage par convection et par conduction. Cette technologie se caract\u00e9rise surtout par un chauffage uniforme et efficace des herbes et permet un flux d&rsquo;air exceptionnel ainsi qu&rsquo;une inhalation sans effort. Le Crafty Plus atteint la temp\u00e9rature souhait\u00e9e en moins de 60 secondes &#8211; plus vite, mieux, plus savoureux !<\/p>\n<p>Het compacte ontwerp van de Crafty Plus, met zijn enkele lithium-ion batterij, strekt zich uit tot de praktische one-touch bediening. Daarnaast zorgen het nieuwe ontwerp en het verbeterde materiaal van de behuizing voor een optimale grip. Je zult je Crafty Plus niet meer los willen laten \ud83d\ude42 .<\/p>\n<p>Terwijl de basistemperatuur 180\u00baC is, stelt een dubbelklik op de aan\/uit-knop de boostertemperatuur in op 195\u00baC en een drievoudige klik stelt de super boostertemperatuur in op 210\u00baC (maximum).<\/p>\n<p>Un autre avantage int\u00e9ressant du Crafty Plus: avec l&rsquo;application gratuite Remote Control, tu as la possibilit\u00e9 de programmer la temp\u00e9rature de base et la temp\u00e9rature booster selon tes pr\u00e9f\u00e9rences personnelles.<\/p>\n<p><strong>Specificaties<\/strong><\/p>\n<p>Afmetingen: 11 x 5,7 x 3,3cm<\/p>\n<p>Gewicht : 135g<\/p>","protected":false},"featured_media":11859,"comment_status":"open","ping_status":"closed","template":"","meta":{"inline_featured_image":false},"product_brand":[249],"product_cat":[248],"product_tag":[],"class_list":{"0":"post-11862","1":"product","2":"type-product","3":"status-publish","4":"has-post-thumbnail","6":"product_brand-storz-und-bickel","7":"product_cat-vaporisateurs","9":"first","10":"instock","11":"taxable","12":"shipping-taxable","13":"purchasable","14":"product-type-simple"},"jetpack_sharing_enabled":true,"_links":{"self":[{"href":"https:\/\/laverteshop.fr\/nl\/wp-json\/wp\/v2\/product\/11862","targetHints":{"allow":["GET"]}}],"collection":[{"href":"https:\/\/laverteshop.fr\/nl\/wp-json\/wp\/v2\/product"}],"about":[{"href":"https:\/\/laverteshop.fr\/nl\/wp-json\/wp\/v2\/types\/product"}],"replies":[{"embeddable":true,"href":"https:\/\/laverteshop.fr\/nl\/wp-json\/wp\/v2\/comments?post=11862"}],"wp:featuredmedia":[{"embeddable":true,"href":"https:\/\/laverteshop.fr\/nl\/wp-json\/wp\/v2\/media\/11859"}],"wp:attachment":[{"href":"https:\/\/laverteshop.fr\/nl\/wp-json\/wp\/v2\/media?parent=11862"}],"wp:term":[{"taxonomy":"product_brand","embeddable":true,"href":"https:\/\/laverteshop.fr\/nl\/wp-json\/wp\/v2\/product_brand?post=11862"},{"taxonomy":"product_cat","embeddable":true,"href":"https:\/\/laverteshop.fr\/nl\/wp-json\/wp\/v2\/product_cat?post=11862"},{"taxonomy":"product_tag","embeddable":true,"href":"https:\/\/laverteshop.fr\/nl\/wp-json\/wp\/v2\/product_tag?post=11862"}],"curies":[{"name":"wp","href":"https:\/\/api.w.org\/{rel}","templated":true}]}}