{"id":11858,"date":"2022-05-19T10:52:21","date_gmt":"2022-05-19T08:52:21","guid":{"rendered":"https:\/\/laverteshop.fr\/product\/mighty-plus-storz-und-bickel\/"},"modified":"2025-07-15T15:03:59","modified_gmt":"2025-07-15T13:03:59","slug":"machtig-plus-storz-und-bickel","status":"publish","type":"product","link":"https:\/\/laverteshop.fr\/nl\/product\/machtig-plus-storz-und-bickel\/","title":{"rendered":"Mighty Plus - Storz und Bickel"},"content":{"rendered":"<p><strong>Inbegrepen in het pakket:<\/strong><\/p>\n<p>-1x Machtig+<br \/>\n-1x USB-C naar USB-A<br \/>\n-3x standaard zeef<br \/>\n-3x grote zeef<br \/>\n-3x bodemafdichting<br \/>\n-1x doseercapsule<br \/>\n-1x Schoonmaakborstel<br \/>\n-1x Gebruiksaanwijzing<\/p>\n<div><\/div>\n<div>\n<div>\n<div><strong>Opmerking<\/strong><\/div>\n<div>D&rsquo;un point de vue technique, le Mighty Plus peut \u00e9galement \u00eatre charg\u00e9 avec un c\u00e2ble de chargement USB-C vers USB-C.<\/div>\n<div>De snelste oplaadsnelheden worden bereikt met een lichtnetadapter die de oplaadsnelheden biedt die worden ondersteund door de Mighty Plus (lichtnetadapter van 45 W met 15 V 3 A, ondersteuning voor Power Delivery).<\/div>\n<\/div>\n<\/div>","protected":false},"excerpt":{"rendered":"<p><strong>Storz und Bickel Mighty Plus<\/strong><\/p>\n<p>Beter, sneller, sterker. Voel de kracht van de nieuwe, verbeterde MIGHTY Plus.<\/p>\n<p>Sinds de release is de MIGHTY een klasse apart.<\/p>\n<p>Aujourd&rsquo;hui, le MIGHTY Plus place la barre encore plus haut gr\u00e2ce \u00e0 ces nouvelles fonctionnalit\u00e9s \u00e9tonnantes :<\/p>\n<ul>\n<li>USB-C aansluiting<\/li>\n<li>Superlaadfunctie: laadt op tot 80 % in 40 minuten<\/li>\n<li>Warmt op in ongeveer 60 seconden<\/li>\n<li>Vulkamer met keramische coating<\/li>\n<li>Geoptimaliseerd ontwerp voor meer stabiliteit<\/li>\n<li>Vooraf ingestelde superbooster-temperatuur<\/li>\n<li>Woningverbetering<\/li>\n<li>2 ans de garantie + 1 an \u00e0 l&rsquo;enregistrement<\/li>\n<\/ul>","protected":false},"featured_media":11855,"comment_status":"open","ping_status":"closed","template":"","meta":{"inline_featured_image":false},"product_brand":[249],"product_cat":[248],"product_tag":[],"class_list":{"0":"post-11858","1":"product","2":"type-product","3":"status-publish","4":"has-post-thumbnail","6":"product_brand-storz-und-bickel","7":"product_cat-vaporisateurs","9":"first","10":"instock","11":"taxable","12":"shipping-taxable","13":"purchasable","14":"product-type-simple"},"jetpack_sharing_enabled":true,"_links":{"self":[{"href":"https:\/\/laverteshop.fr\/nl\/wp-json\/wp\/v2\/product\/11858","targetHints":{"allow":["GET"]}}],"collection":[{"href":"https:\/\/laverteshop.fr\/nl\/wp-json\/wp\/v2\/product"}],"about":[{"href":"https:\/\/laverteshop.fr\/nl\/wp-json\/wp\/v2\/types\/product"}],"replies":[{"embeddable":true,"href":"https:\/\/laverteshop.fr\/nl\/wp-json\/wp\/v2\/comments?post=11858"}],"wp:featuredmedia":[{"embeddable":true,"href":"https:\/\/laverteshop.fr\/nl\/wp-json\/wp\/v2\/media\/11855"}],"wp:attachment":[{"href":"https:\/\/laverteshop.fr\/nl\/wp-json\/wp\/v2\/media?parent=11858"}],"wp:term":[{"taxonomy":"product_brand","embeddable":true,"href":"https:\/\/laverteshop.fr\/nl\/wp-json\/wp\/v2\/product_brand?post=11858"},{"taxonomy":"product_cat","embeddable":true,"href":"https:\/\/laverteshop.fr\/nl\/wp-json\/wp\/v2\/product_cat?post=11858"},{"taxonomy":"product_tag","embeddable":true,"href":"https:\/\/laverteshop.fr\/nl\/wp-json\/wp\/v2\/product_tag?post=11858"}],"curies":[{"name":"wp","href":"https:\/\/api.w.org\/{rel}","templated":true}]}}