{"id":11466,"date":"2022-04-15T10:10:26","date_gmt":"2022-04-15T08:10:26","guid":{"rendered":"https:\/\/laverteshop.fr\/?post_type=product&#038;p=11466"},"modified":"2025-07-15T16:50:40","modified_gmt":"2025-07-15T14:50:40","slug":"kief-marokka-3-maal-filter","status":"publish","type":"product","link":"https:\/\/laverteshop.fr\/nl\/product\/kief-marokka-3-maal-filter\/","title":{"rendered":"Marokkaanse kief 3x gefilterd"},"content":{"rendered":"<p>Moroccan Kief 3x gefilterd is een bekende hasj uit Marokko. Die van ons is gemaakt van Zwitserse CBD-bloemen en verwerkt in een gecertificeerd laboratorium.<\/p>\n<p>Il se pr\u00e9sente en une r\u00e9sine compacte, mais soyeuse. Et surtout, c&rsquo;est un hash qui a \u00e9t\u00e9 filtr\u00e9 3 fois lors de sa cr\u00e9ation, donc il est tr\u00e8s pur. Il est de couleur marron fonc\u00e9e, et lors de sa combustion, il apparaitra l\u00e9g\u00e8rement liquide, mais tr\u00e8s facile \u00e0 utiliser. L\u00e9g\u00e8rement collant, et a une belle odeur plut\u00f4t douce et \u00e9pic\u00e9e lorsqu&rsquo;il est chauff\u00e9.<\/p>\n<p>Vous pouvez l&rsquo;utiliser de 2 mani\u00e8res: Soit le chauffer, ce qui fera une huile que vous versez dans votre pr\u00e9paration. Soit en l&rsquo;effritant sans le chauffer, et alors vous aurez des petits bouts dans votre pr\u00e9paration.<\/p>\n<p>Het CBD-gehalte is meer dan 20%, dus het helpt je zeker ontspannen.<\/p>\n<p>Parfait pour m\u00e9langer avec de la trim par exemple, c&rsquo;est un produit qui ravira les connaisseurs de bonnes r\u00e9sines.<\/p>\n<p>Onze producten zijn van gecertificeerde Zwitserse CBD-kwaliteit. Het belangrijkste voor ons is dat we je bloemen en harsen van uitstekende waarde kunnen leveren, tegen betaalbare en acceptabele prijzen en in overeenstemming met de niveaus die zijn toegestaan door het HvJEU (&lt;0,3% THC).<\/p>\n<p>Wat kun je met deze producten doen? Ontspannende infusies om beter te slapen, potpourri om je huis te doordrenken met een natuurlijke geur of je kunt ze desgewenst in je eten gebruiken (salades, sauzen, smaakmakers).<\/p>\n<p><strong>BELANGRIJKE OPMERKING:<\/strong> Nos r\u00e9sines et hash sont pr\u00e9par\u00e9s dans des laboratoires certifi\u00e9s, avec des proc\u00e9d\u00e9s et techniques qui appartiennent seulement aux producteurs avec qui nous travaillons. La texture et l&rsquo;odeur des produits peuvent donc changer d&rsquo;une r\u00e9colte \u00e0 une autre, d\u00e9pendant aussi de la fleur utilis\u00e9e. Si vous avez un probl\u00e8me avec un produit, contactez nous \u00e0 <a href=\"mailto:contact@laverteshop.fr\">contact@laverteshop.fr<\/a> en we zullen een oplossing naar uw tevredenheid vinden. Bedankt voor uw begrip.<\/p>\n<p>We raden je aan om je arts te raadplegen, die je kan adviseren over het beste gebruik van CBD.<\/p>","protected":false},"excerpt":{"rendered":"<p>Moroccan Kief 3x gefilterd is een bekende hasj uit Marokko. Die van ons is gemaakt van Zwitserse CBD-bloemen en verwerkt in een gecertificeerd laboratorium.<\/p>\n<p>Il se pr\u00e9sente en une r\u00e9sine compacte, mais soyeuse. Et surtout, c&rsquo;est un hash qui a \u00e9t\u00e9 filtr\u00e9 3 fois lors de sa cr\u00e9ation, donc il est tr\u00e8s pur. Il est de couleur marron fonc\u00e9e, et lors de sa combustion, il apparaitra l\u00e9g\u00e8rement liquide, mais tr\u00e8s facile \u00e0 utiliser. Vous pouvez soit le chauffer et mettre l&rsquo;huile qui en ressort dans la pr\u00e9paration, soit l&rsquo;effriter avec vos doigts et utiliser les petits bouts qui en ressorte.<\/p>\n<p>Il ne colle pas, et a une belle odeur plut\u00f4t douce et \u00e9pic\u00e9e lorsqu&rsquo;il est chauff\u00e9.<\/p>\n<ul>\n<li>compacte hars<\/li>\n<li>CBD: 20%<\/li>\n<li>Van CBD-bloemen voor binnen<\/li>\n<\/ul>\n<table style=\"border-collapse: collapse; width: 192px; height: 205px;\" border=\"1\">\n<tbody>\n<tr>\n<td style=\"width: 50%; text-align: center;\"><strong>THC<\/strong><\/td>\n<td style=\"width: 50%; text-align: center;\"><strong>0.2%<\/strong><\/td>\n<\/tr>\n<tr>\n<td style=\"width: 50%; text-align: center;\"><strong>CBD<\/strong><\/td>\n<td style=\"width: 50%; text-align: center;\"><strong>20%<\/strong><\/td>\n<\/tr>\n<tr>\n<td style=\"width: 50%; text-align: center;\"><strong>CBG<\/strong><\/td>\n<td style=\"width: 50%; text-align: center;\"><strong>n.n<\/strong><\/td>\n<\/tr>\n<tr>\n<td style=\"width: 50%; text-align: center;\"><b>Cultuur<\/b><\/td>\n<td style=\"width: 50%; text-align: center;\"><strong>indoor<\/strong><\/td>\n<\/tr>\n<\/tbody>\n<\/table>","protected":false},"featured_media":11467,"comment_status":"open","ping_status":"closed","template":"","meta":{"inline_featured_image":false},"product_brand":[75],"product_cat":[59],"product_tag":[244,229,230],"class_list":{"0":"post-11466","1":"product","2":"type-product","3":"status-publish","4":"has-post-thumbnail","6":"product_brand-la-verte","7":"product_cat-pollens","8":"product_tag-hash","9":"product_tag-pollens","10":"product_tag-resines","12":"first","13":"outofstock","14":"taxable","15":"shipping-taxable","16":"purchasable","17":"product-type-variable"},"jetpack_sharing_enabled":true,"_links":{"self":[{"href":"https:\/\/laverteshop.fr\/nl\/wp-json\/wp\/v2\/product\/11466","targetHints":{"allow":["GET"]}}],"collection":[{"href":"https:\/\/laverteshop.fr\/nl\/wp-json\/wp\/v2\/product"}],"about":[{"href":"https:\/\/laverteshop.fr\/nl\/wp-json\/wp\/v2\/types\/product"}],"replies":[{"embeddable":true,"href":"https:\/\/laverteshop.fr\/nl\/wp-json\/wp\/v2\/comments?post=11466"}],"wp:featuredmedia":[{"embeddable":true,"href":"https:\/\/laverteshop.fr\/nl\/wp-json\/wp\/v2\/media\/11467"}],"wp:attachment":[{"href":"https:\/\/laverteshop.fr\/nl\/wp-json\/wp\/v2\/media?parent=11466"}],"wp:term":[{"taxonomy":"product_brand","embeddable":true,"href":"https:\/\/laverteshop.fr\/nl\/wp-json\/wp\/v2\/product_brand?post=11466"},{"taxonomy":"product_cat","embeddable":true,"href":"https:\/\/laverteshop.fr\/nl\/wp-json\/wp\/v2\/product_cat?post=11466"},{"taxonomy":"product_tag","embeddable":true,"href":"https:\/\/laverteshop.fr\/nl\/wp-json\/wp\/v2\/product_tag?post=11466"}],"curies":[{"name":"wp","href":"https:\/\/api.w.org\/{rel}","templated":true}]}}