{"id":10123,"date":"2021-11-29T16:42:14","date_gmt":"2021-11-29T15:42:14","guid":{"rendered":"https:\/\/laverteshop.fr\/?post_type=product&#038;p=10123"},"modified":"2026-03-27T15:38:47","modified_gmt":"2026-03-27T14:38:47","slug":"caramello-hash-cbd","status":"publish","type":"product","link":"https:\/\/laverteshop.fr\/nl\/product\/caramello-hash-cbd\/","title":{"rendered":"Caramello Hasj"},"content":{"rendered":"<p>Notre Caramello est d&rsquo;une couleur marron fonc\u00e9, il est assez mou au touch\u00e9, et peut s&rsquo;\u00e9ffriter tr\u00e8s facilement avec une r\u00e2pe ou en combustion.<\/p>\n<p>Een lichte nasmaak van zoete hars en een vrij hoog CBD-gehalte dat garant staat voor een goede ontspanning.<\/p>\n<p>Onze producten zijn van gecertificeerde Zwitserse CBD-kwaliteit. Wat voor ons het belangrijkste is, is dat we je bloemen en pollen van uitstekende waarde kunnen bieden, tegen betaalbare en acceptabele prijzen en in overeenstemming met de niveaus die zijn toegestaan door het HvJEU (&lt;0,2% THC).<\/p>\n<p>Wat kun je met deze producten doen?<\/p>\n<ul>\n<li>Ontspannende kruidenthee om beter te slapen,<\/li>\n<li>Potpourri voor een natuurlijke geur in huis<\/li>\n<li>In je eten als je dat wilt (salades, sauzen, kruiden).<\/li>\n<\/ul>\n<p><strong>BELANGRIJKE OPMERKING:<\/strong> Nos r\u00e9sines et hash sont pr\u00e9par\u00e9s dans des laboratoires certifi\u00e9s, avec des proc\u00e9d\u00e9s et techniques qui appartiennent seulement aux producteurs avec qui nous travaillons. La texture et l&rsquo;odeur des produits peuvent donc changer d&rsquo;une r\u00e9colte \u00e0 une autre, d\u00e9pendant aussi de la fleur utilis\u00e9e. Si vous avez un probl\u00e8me avec un produit, contactez nous \u00e0 <a href=\"mailto:contact@laverteshop.fr\">contact@laverteshop.fr<\/a> en we zullen een oplossing naar uw tevredenheid vinden. Bedankt voor uw begrip.<\/p>\n<p>We raden je aan om je arts te raadplegen, die je kan adviseren over het beste gebruik van CBD.<\/p>","protected":false},"excerpt":{"rendered":"<p>Notre Caramello hash est un de nos best sellers. D&rsquo;une couleur marron fonc\u00e9, il est assez plut\u00f4t moelleux au touch\u00e9, et peut s&rsquo;\u00e9ffriter tr\u00e8s facilement avec une r\u00e2pe ou en combustion.<\/p>\n<p>Een lichte nasmaak van zoete hars en een vrij hoog CBD-gehalte dat garant staat voor een goede ontspanning.<\/p>\n<p>C&rsquo;est un produit tr\u00e8s simple a utiliser, et qui n&rsquo;est pas trop fort, donc pour tout moment de la journ\u00e9e !<\/p>\n<table style=\"border-collapse: collapse; width: 192px; height: 205px;\" border=\"1\">\n<tbody>\n<tr>\n<td style=\"width: 50%; text-align: center;\"><strong>THC<\/strong><\/td>\n<td style=\"width: 50%; text-align: center;\"><strong>0.19%<\/strong><\/td>\n<\/tr>\n<tr>\n<td style=\"width: 50%; text-align: center;\"><strong>CBD<\/strong><\/td>\n<td style=\"width: 50%; text-align: center;\"><strong>21-25%<\/strong><\/td>\n<\/tr>\n<tr>\n<td style=\"width: 50%; text-align: center;\"><strong>CBG<\/strong><\/td>\n<td style=\"width: 50%; text-align: center;\"><strong>n.n<\/strong><\/td>\n<\/tr>\n<tr>\n<td style=\"width: 50%; text-align: center;\"><b>Cultuur<\/b><\/td>\n<td style=\"width: 50%; text-align: center;\"><strong>indoor<\/strong><\/td>\n<\/tr>\n<\/tbody>\n<\/table>","protected":false},"featured_media":17485,"comment_status":"open","ping_status":"closed","template":"","meta":{"inline_featured_image":false},"product_brand":[75],"product_cat":[59],"product_tag":[229,230],"class_list":{"0":"post-10123","1":"product","2":"type-product","3":"status-publish","4":"has-post-thumbnail","6":"product_brand-la-verte","7":"product_cat-pollens","8":"product_tag-pollens","9":"product_tag-resines","11":"first","12":"instock","13":"taxable","14":"shipping-taxable","15":"purchasable","16":"product-type-variable"},"jetpack_sharing_enabled":true,"_links":{"self":[{"href":"https:\/\/laverteshop.fr\/nl\/wp-json\/wp\/v2\/product\/10123","targetHints":{"allow":["GET"]}}],"collection":[{"href":"https:\/\/laverteshop.fr\/nl\/wp-json\/wp\/v2\/product"}],"about":[{"href":"https:\/\/laverteshop.fr\/nl\/wp-json\/wp\/v2\/types\/product"}],"replies":[{"embeddable":true,"href":"https:\/\/laverteshop.fr\/nl\/wp-json\/wp\/v2\/comments?post=10123"}],"wp:featuredmedia":[{"embeddable":true,"href":"https:\/\/laverteshop.fr\/nl\/wp-json\/wp\/v2\/media\/17485"}],"wp:attachment":[{"href":"https:\/\/laverteshop.fr\/nl\/wp-json\/wp\/v2\/media?parent=10123"}],"wp:term":[{"taxonomy":"product_brand","embeddable":true,"href":"https:\/\/laverteshop.fr\/nl\/wp-json\/wp\/v2\/product_brand?post=10123"},{"taxonomy":"product_cat","embeddable":true,"href":"https:\/\/laverteshop.fr\/nl\/wp-json\/wp\/v2\/product_cat?post=10123"},{"taxonomy":"product_tag","embeddable":true,"href":"https:\/\/laverteshop.fr\/nl\/wp-json\/wp\/v2\/product_tag?post=10123"}],"curies":[{"name":"wp","href":"https:\/\/api.w.org\/{rel}","templated":true}]}}