{"id":10063,"date":"2021-11-27T19:58:22","date_gmt":"2021-11-27T18:58:22","guid":{"rendered":"https:\/\/laverteshop.fr\/?post_type=product&#038;p=10063"},"modified":"2025-09-09T11:11:35","modified_gmt":"2025-09-09T09:11:35","slug":"koning-hassan","status":"publish","type":"product","link":"https:\/\/laverteshop.fr\/nl\/product\/koning-hassan\/","title":{"rendered":"Koning Hassan"},"content":{"rendered":"<p>Notre King Hassan est un excellent produit. Plut\u00f4t noir fonc\u00e9 et compact de l&rsquo;exterieur, il est marron clair \u00e0 l&rsquo;int\u00e9rieur, et relativement moelleux et mall\u00e9able. Il est assez collant lors de sa combustion, mais son taux de CBD assez \u00e9lev\u00e9 en fait un produit incontournable. Vous retrouverez des petites notes poivr\u00e9es lors de la consommation. Il rappelle les r\u00e9sines de votre jeunesse !<\/p>\n<p>Onze producten zijn van gecertificeerde Zwitserse CBD-kwaliteit. Wat voor ons het belangrijkste is, is dat we je bloemen en pollen van uitstekende waarde kunnen bieden, tegen betaalbare en acceptabele prijzen en in overeenstemming met de niveaus die zijn toegestaan door het HvJEU (&lt;0,2% THC).<\/p>\n<p>Wat kun je met deze producten doen? Ontspannende infusies om beter te slapen, potpourri om je huis te doordrenken met een natuurlijke geur of je kunt ze desgewenst in je eten gebruiken (salades, sauzen, smaakmakers).<\/p>\n<p><strong>BELANGRIJKE OPMERKING:<\/strong> Nos r\u00e9sines et hash sont pr\u00e9par\u00e9s dans des laboratoires certifi\u00e9s, avec des proc\u00e9d\u00e9s et techniques qui appartiennent seulement aux producteurs avec qui nous travaillons. La texture et l&rsquo;odeur des produits peuvent donc changer d&rsquo;une r\u00e9colte \u00e0 une autre, d\u00e9pendant aussi de la fleur utilis\u00e9e. Si vous avez un probl\u00e8me avec un produit, contactez nous \u00e0 <a href=\"mailto:contact@laverteshop.fr\">contact@laverteshop.fr<\/a> en we zullen een oplossing naar uw tevredenheid vinden. Bedankt voor uw begrip.<\/p>\n<p>We raden je aan om je arts te raadplegen, die je kan adviseren over het beste gebruik van CBD.<\/p>\n<p><em>Dit vind je misschien ook leuk:<\/em><br \/>\n<a href=\"https:\/\/laverteshop.fr\/nl\/product\/libanaise\/\">Libanese Hasj<\/a><br \/>\n<a href=\"https:\/\/laverteshop.fr\/nl\/product\/citroen-haze-pollen\/\">Citroen Haze Stuifmeel<\/a><br \/>\n<a href=\"https:\/\/laverteshop.fr\/nl\/cbg-vs-cbd\/\">CBG &amp; CBD<\/a><\/p>","protected":false},"excerpt":{"rendered":"<p>Le King Hassan est plut\u00f4t noir fonc\u00e9 et compact de l&rsquo;exterieur, il est marron clair \u00e0 l&rsquo;int\u00e9rieur, et relativement moelleux et mall\u00e9able. Il est assez collant lors de sa combustion, mais son taux de CBD assez \u00e9lev\u00e9 en fait un produit incontournable. Il a une odeur forte, son go\u00fbt est poivr\u00e9 et terreux<\/p>\n<ul>\n<li>Gemaakt in het kanton Vaud in Zwitserland.<\/li>\n<li>hoge CBD-gehaltes<\/li>\n<\/ul>\n<table style=\"border-collapse: collapse; width: 192px; height: 205px;\" border=\"1\">\n<tbody>\n<tr>\n<td style=\"width: 50%; text-align: center;\"><strong>THC<\/strong><\/td>\n<td style=\"width: 50%; text-align: center;\"><strong>0.19%<\/strong><\/td>\n<\/tr>\n<tr>\n<td style=\"width: 50%; text-align: center;\"><strong>CBD<\/strong><\/td>\n<td style=\"width: 50%; text-align: center;\"><strong>24%<\/strong><\/td>\n<\/tr>\n<tr>\n<td style=\"width: 50%; text-align: center;\"><strong>CBG<\/strong><\/td>\n<td style=\"width: 50%; text-align: center;\"><strong>n.n<\/strong><\/td>\n<\/tr>\n<tr>\n<td style=\"width: 50%; text-align: center;\"><b>Cultuur<\/b><\/td>\n<td style=\"width: 50%; text-align: center;\"><strong>indoor<\/strong><\/td>\n<\/tr>\n<\/tbody>\n<\/table>","protected":false},"featured_media":10070,"comment_status":"open","ping_status":"closed","template":"","meta":{"inline_featured_image":false},"product_brand":[75],"product_cat":[59],"product_tag":[76,229,230],"class_list":{"0":"post-10063","1":"product","2":"type-product","3":"status-publish","4":"has-post-thumbnail","6":"product_brand-la-verte","7":"product_cat-pollens","8":"product_tag-indoor","9":"product_tag-pollens","10":"product_tag-resines","12":"first","13":"instock","14":"taxable","15":"shipping-taxable","16":"purchasable","17":"product-type-variable","18":"has-default-attributes"},"jetpack_sharing_enabled":true,"_links":{"self":[{"href":"https:\/\/laverteshop.fr\/nl\/wp-json\/wp\/v2\/product\/10063","targetHints":{"allow":["GET"]}}],"collection":[{"href":"https:\/\/laverteshop.fr\/nl\/wp-json\/wp\/v2\/product"}],"about":[{"href":"https:\/\/laverteshop.fr\/nl\/wp-json\/wp\/v2\/types\/product"}],"replies":[{"embeddable":true,"href":"https:\/\/laverteshop.fr\/nl\/wp-json\/wp\/v2\/comments?post=10063"}],"wp:featuredmedia":[{"embeddable":true,"href":"https:\/\/laverteshop.fr\/nl\/wp-json\/wp\/v2\/media\/10070"}],"wp:attachment":[{"href":"https:\/\/laverteshop.fr\/nl\/wp-json\/wp\/v2\/media?parent=10063"}],"wp:term":[{"taxonomy":"product_brand","embeddable":true,"href":"https:\/\/laverteshop.fr\/nl\/wp-json\/wp\/v2\/product_brand?post=10063"},{"taxonomy":"product_cat","embeddable":true,"href":"https:\/\/laverteshop.fr\/nl\/wp-json\/wp\/v2\/product_cat?post=10063"},{"taxonomy":"product_tag","embeddable":true,"href":"https:\/\/laverteshop.fr\/nl\/wp-json\/wp\/v2\/product_tag?post=10063"}],"curies":[{"name":"wp","href":"https:\/\/api.w.org\/{rel}","templated":true}]}}