{"id":9746,"date":"2021-11-12T08:29:53","date_gmt":"2021-11-12T07:29:53","guid":{"rendered":"https:\/\/laverteshop.fr\/?post_type=product&#038;p=9746"},"modified":"2025-07-15T15:04:13","modified_gmt":"2025-07-15T13:04:13","slug":"bulldog-argento-foglie-king-size-slim","status":"publish","type":"product","link":"https:\/\/laverteshop.fr\/it\/prodotto\/bulldog-argento-foglie-king-size-slim\/","title":{"rendered":"Lenzuola Bulldog Silver King size slim"},"content":{"rendered":"<p>Le lenzuola sottili Bulldog Silver King size sono molto conosciute e sono diventate delle icone nel settore.<\/p>\n<p>Originaire d&rsquo;Amsterdam, la capitale du chanvre, elles sont nomm\u00e9es apr\u00e8s le tr\u00e8s fameux coffee-shop de la ville.<\/p>\n<p>Gli intenditori sono avvertiti di cercare foglie di qualit\u00e0 per una degustazione degna di questo nome.<\/p>","protected":false},"excerpt":{"rendered":"<p>Le lenzuola sottili Bulldog Silver King size sono molto conosciute e sono diventate delle icone nel settore.<\/p>\n<p>33 fogli \/ confezione.<\/p>\n<p>La loro leggerezza e la loro durata sono di sicuro gradimento.<\/p>","protected":false},"featured_media":9749,"comment_status":"open","ping_status":"closed","template":"","meta":{"inline_featured_image":false},"product_brand":[203],"product_cat":[196],"product_tag":[217],"class_list":{"0":"post-9746","1":"product","2":"type-product","3":"status-publish","4":"has-post-thumbnail","6":"product_brand-bulldog","7":"product_cat-feuilles-a-rouler","8":"product_tag-feuilles","10":"first","11":"instock","12":"taxable","13":"shipping-taxable","14":"purchasable","15":"product-type-simple"},"jetpack_sharing_enabled":true,"_links":{"self":[{"href":"https:\/\/laverteshop.fr\/it\/wp-json\/wp\/v2\/product\/9746","targetHints":{"allow":["GET"]}}],"collection":[{"href":"https:\/\/laverteshop.fr\/it\/wp-json\/wp\/v2\/product"}],"about":[{"href":"https:\/\/laverteshop.fr\/it\/wp-json\/wp\/v2\/types\/product"}],"replies":[{"embeddable":true,"href":"https:\/\/laverteshop.fr\/it\/wp-json\/wp\/v2\/comments?post=9746"}],"wp:featuredmedia":[{"embeddable":true,"href":"https:\/\/laverteshop.fr\/it\/wp-json\/wp\/v2\/media\/9749"}],"wp:attachment":[{"href":"https:\/\/laverteshop.fr\/it\/wp-json\/wp\/v2\/media?parent=9746"}],"wp:term":[{"taxonomy":"product_brand","embeddable":true,"href":"https:\/\/laverteshop.fr\/it\/wp-json\/wp\/v2\/product_brand?post=9746"},{"taxonomy":"product_cat","embeddable":true,"href":"https:\/\/laverteshop.fr\/it\/wp-json\/wp\/v2\/product_cat?post=9746"},{"taxonomy":"product_tag","embeddable":true,"href":"https:\/\/laverteshop.fr\/it\/wp-json\/wp\/v2\/product_tag?post=9746"}],"curies":[{"name":"wp","href":"https:\/\/api.w.org\/{rel}","templated":true}]}}