{"id":9231,"date":"2021-09-24T08:43:16","date_gmt":"2021-09-24T06:43:16","guid":{"rendered":"https:\/\/laverteshop.fr\/?post_type=product&#038;p=9231"},"modified":"2026-01-13T10:50:16","modified_gmt":"2026-01-13T09:50:16","slug":"olio-biologico-verde-cbd-5-cbd","status":"publish","type":"product","link":"https:\/\/laverteshop.fr\/it\/prodotto\/olio-biologico-verde-cbd-5-cbd\/","title":{"rendered":"Olio di CBD biologico - La Verte - 5% CBD"},"content":{"rendered":"<p>Cette Huile de CBD Bio &#8211; La Verte &#8211; 5% CBD est parfaite si vous d\u00e9sirez utiliser un produit pas trop fort, pour vous aider si vous avez des probl\u00e8mes de sommeil ou d&rsquo;anxi\u00e9t\u00e9.<\/p>\n<p>Il nostro olio di CBD \u00e8 certificato di qualit\u00e0 Swiss CBD. Ci\u00f2 che pi\u00f9 conta per noi \u00e8 potervi fornire oli di eccellente valore, a prezzi accessibili e accettabili, e nel rispetto dei livelli autorizzati dal CJEU (0% THC).<\/p>\n<p>Vi consigliamo di consultare il vostro medico, che sapr\u00e0 consigliarvi l'uso migliore del CBD.<\/p>","protected":false},"excerpt":{"rendered":"<p>Il nostro olio di CBD organico - La Verte - 5% CBD \u00e8 stato sviluppato in Svizzera da scienziati e ricercatori che vogliono produrre il miglior olio per il vostro benessere.<\/p>\n<p>Cette huile 5% de CBD est parfaite pour le sommeil, et si vous n&rsquo;avez jamais utilis\u00e9 d&rsquo;huile.<\/p>\n<p>Il est recommand\u00e9 d&rsquo;utiliser des huiles avec un petit pourcentage de CBD au d\u00e9but, pour vous habituer. C&rsquo;est une huile MCT, ce qui signifie qu&rsquo;elle est faite \u00e0 base d&rsquo;huile de coco, ce qui la rend plus l\u00e9g\u00e8re et donc parfait pour son utilisation.<\/p>","protected":false},"featured_media":9230,"comment_status":"open","ping_status":"closed","template":"","meta":{"inline_featured_image":false},"product_brand":[75],"product_cat":[60,243],"product_tag":[215,216],"class_list":{"0":"post-9231","1":"product","2":"type-product","3":"status-publish","4":"has-post-thumbnail","6":"product_brand-la-verte","7":"product_cat-bien-etre","8":"product_cat-huiles-cbd","9":"product_tag-bio","10":"product_tag-huile-cbd","12":"first","13":"instock","14":"taxable","15":"shipping-taxable","16":"purchasable","17":"product-type-simple"},"jetpack_sharing_enabled":true,"_links":{"self":[{"href":"https:\/\/laverteshop.fr\/it\/wp-json\/wp\/v2\/product\/9231","targetHints":{"allow":["GET"]}}],"collection":[{"href":"https:\/\/laverteshop.fr\/it\/wp-json\/wp\/v2\/product"}],"about":[{"href":"https:\/\/laverteshop.fr\/it\/wp-json\/wp\/v2\/types\/product"}],"replies":[{"embeddable":true,"href":"https:\/\/laverteshop.fr\/it\/wp-json\/wp\/v2\/comments?post=9231"}],"wp:featuredmedia":[{"embeddable":true,"href":"https:\/\/laverteshop.fr\/it\/wp-json\/wp\/v2\/media\/9230"}],"wp:attachment":[{"href":"https:\/\/laverteshop.fr\/it\/wp-json\/wp\/v2\/media?parent=9231"}],"wp:term":[{"taxonomy":"product_brand","embeddable":true,"href":"https:\/\/laverteshop.fr\/it\/wp-json\/wp\/v2\/product_brand?post=9231"},{"taxonomy":"product_cat","embeddable":true,"href":"https:\/\/laverteshop.fr\/it\/wp-json\/wp\/v2\/product_cat?post=9231"},{"taxonomy":"product_tag","embeddable":true,"href":"https:\/\/laverteshop.fr\/it\/wp-json\/wp\/v2\/product_tag?post=9231"}],"curies":[{"name":"wp","href":"https:\/\/api.w.org\/{rel}","templated":true}]}}