{"id":8847,"date":"2021-08-31T09:16:13","date_gmt":"2021-08-31T07:16:13","guid":{"rendered":"https:\/\/laverteshop.fr\/?post_type=product&#038;p=8847"},"modified":"2025-07-15T15:10:42","modified_gmt":"2025-07-15T13:10:42","slug":"filtri-a-carbonio-active-actitube-extra-slim-6mm-2","status":"publish","type":"product","link":"https:\/\/laverteshop.fr\/it\/prodotto\/filtri-a-carbonio-active-actitube-extra-slim-6mm-2\/","title":{"rendered":"Actitube| Filtri a carbone attivo extra sottili da 6 mm"},"content":{"rendered":"<p>- Dimensioni del filtro: 6 x 27 mm<br \/>\n- Tappi in ceramica su entrambi i lati<br \/>\n- 50 filtri per confezione<\/p>\n<p><strong>Consigli per l'inverno :<\/strong><\/p>\n<p>A temperature inferiori a 5\u00b0C, il filtro pu\u00f2 bloccarsi. Ci\u00f2 \u00e8 dovuto alla condensazione del fumo all'interno del filtro.<\/p>\n<p>Per questo motivo \u00e8 consigliabile fumare al chiuso durante la stagione fredda o tenere il fumo fuori casa.\u00a0<a href=\"https:\/\/laverteshop.fr\/it\/categoria-di-prodotto\/accessori\/filtri\/\">filtro<\/a>\u00a0finch\u00e9 non lo si accende.<\/p>\n<p>Per assicurarvi la migliore esperienza di degustazione possibile, vendiamo solo prodotti di altissima qualit\u00e0. Per la loro realizzazione vengono utilizzati materiali pregiati, riconosciuti in tutto il mondo.<\/p>\n<p>Anche i prezzi sono molto interessanti per questo tipo di prodotti, quindi non esitate ad aggiungerli al vostro ordine!<\/p>","protected":false},"excerpt":{"rendered":"<p>Il\u00a0<strong>filtri\u00a0<\/strong><a href=\"https:\/\/laverteshop.fr\/it\/prodotto\/filtres-a-charbon-active-actitube-slim-compact-travel-size\/\"><strong>ActiTube<\/strong><\/a> <strong>Extra<\/strong> <strong>Sottile<\/strong>\u00a0sono stati progettati per filtrare gran parte delle sostanze nocive utilizzando il carbone attivo.<\/p>\n<p>Per questi filtri, actiTube ha ridotto il grado di riempimento. Di conseguenza, la protezione delle vie respiratorie \u00e8 ridotta, ma si ottiene comunque il GUSTO PIENO del fumo dei roll-up.<\/p>\n<p>Ha la particolarit\u00e0 di trattenere alcuni elementi come la nicotina e il catrame, che si formano quando le sigarette vengono bruciate, oltre ad altre sostanze nocive.<\/p>\n<p>Quando il fumo passa attraverso un filtro a carbone attivo, gran parte del catrame nocivo presente nel fumo si attacca al carbone attivo.<\/p>\n<p>La fum\u00e9e est moins n\u00e9faste, elle est refroidie par un embout en c\u00e9ramique, ce qui l&rsquo;a rend plus douce, le go\u00fbt du tabac est att\u00e9nu\u00e9 mais pas celui de l\u2019herbe et l\u2019effet du \u00ab hit \u00bb n\u2019est pas alt\u00e9r\u00e9.<\/p>","protected":false},"featured_media":9974,"comment_status":"open","ping_status":"closed","template":"","meta":{"inline_featured_image":false},"product_brand":[211],"product_cat":[197,61],"product_tag":[217,218],"class_list":{"0":"post-8847","1":"product","2":"type-product","3":"status-publish","4":"has-post-thumbnail","6":"product_brand-actitube","7":"product_cat-filtres","8":"product_cat-accessoires","9":"product_tag-feuilles","10":"product_tag-filtres","12":"first","13":"instock","14":"taxable","15":"shipping-taxable","16":"purchasable","17":"product-type-simple"},"jetpack_sharing_enabled":true,"_links":{"self":[{"href":"https:\/\/laverteshop.fr\/it\/wp-json\/wp\/v2\/product\/8847","targetHints":{"allow":["GET"]}}],"collection":[{"href":"https:\/\/laverteshop.fr\/it\/wp-json\/wp\/v2\/product"}],"about":[{"href":"https:\/\/laverteshop.fr\/it\/wp-json\/wp\/v2\/types\/product"}],"replies":[{"embeddable":true,"href":"https:\/\/laverteshop.fr\/it\/wp-json\/wp\/v2\/comments?post=8847"}],"wp:featuredmedia":[{"embeddable":true,"href":"https:\/\/laverteshop.fr\/it\/wp-json\/wp\/v2\/media\/9974"}],"wp:attachment":[{"href":"https:\/\/laverteshop.fr\/it\/wp-json\/wp\/v2\/media?parent=8847"}],"wp:term":[{"taxonomy":"product_brand","embeddable":true,"href":"https:\/\/laverteshop.fr\/it\/wp-json\/wp\/v2\/product_brand?post=8847"},{"taxonomy":"product_cat","embeddable":true,"href":"https:\/\/laverteshop.fr\/it\/wp-json\/wp\/v2\/product_cat?post=8847"},{"taxonomy":"product_tag","embeddable":true,"href":"https:\/\/laverteshop.fr\/it\/wp-json\/wp\/v2\/product_tag?post=8847"}],"curies":[{"name":"wp","href":"https:\/\/api.w.org\/{rel}","templated":true}]}}